{"id":732277,"date":"2026-03-13T17:33:09","date_gmt":"2026-03-13T14:33:09","guid":{"rendered":"https:\/\/nbg.eu\/product\/microtech-msi-s-e-black-standard-frag-aluminum-od-green-2\/"},"modified":"2026-03-16T12:38:15","modified_gmt":"2026-03-16T09:38:15","slug":"microtech-msi-s-e-black-standard-frag-aluminum-od-green-2","status":"publish","type":"product","link":"https:\/\/nbg.eu\/de\/produkt\/microtech-msi-s-e-black-standard-frag-aluminum-od-green-2\/","title":{"rendered":"Microtech MSI S\/E Schwarz Standard Frag Aluminium OD Gr\u00fcn"},"content":{"rendered":"<h2>\u00dcbersicht<\/h2>\n<p>Der Microtech MSI (Microtech Standard Issue) stellt den H\u00f6hepunkt der manuellen Falzmaschinentechnik von Microtech dar und kombiniert robuste Funktionalit\u00e4t mit raffiniertem Design. Diese OD Green Frag-Variante verf\u00fcgt \u00fcber eine zweifarbig schwarze M390MK-Einschneideklinge in einem markanten Aluminiumgriff mit Fragmentmuster, der sowohl f\u00fcr eine optische Unterscheidung als auch f\u00fcr eine verbesserte Griffstruktur sorgt. Der RAM-LOK-Stangenverriegelungsmechanismus sorgt f\u00fcr eine grundsolide Verriegelung mit beidh\u00e4ndigem, fingersicherem Schlie\u00dfen, w\u00e4hrend der ikonische X-Knopf auf beiden Seiten f\u00fcr einen charakteristischen Microtech-Touch sorgt.<\/p>\n<h3>RAM-LOK Stangenschlosssystem<\/h3>\n<p>Ein Verriegelungssystem im Querstangenstil mit einem massiven Stahlkn\u00fcppel, der von einer einzelnen Schraubenfeder angetrieben wird und eine l\u00e4ngere Haltbarkeit sowie eine fingersichere M\u00f6glichkeit bietet, das Messer von beiden Seiten zu schlie\u00dfen. Der RAM-LOK ist einer der st\u00e4rksten und zuverl\u00e4ssigsten manuellen Ordnersperrmechanismen auf dem Markt.<\/p>\n<h3>Aluminiumgriff mit Fragmentmuster<\/h3>\n<p>Das aggressive Splitterfr\u00e4smuster, das in den Griff aus 6061-T6-Aluminium eingearbeitet ist, sorgt sowohl f\u00fcr eine unverwechselbare taktische \u00c4sthetik als auch f\u00fcr eine funktionelle Griffverbesserung. Auskleidungsplatten aus geh\u00e4rtetem Stahl erh\u00f6hen die strukturelle Steifigkeit.<\/p>\n<h3>Ikonischer X-Button<\/h3>\n<p>Der charakteristische X-Button des MSI auf beiden Seiten des Griffs sorgt f\u00fcr ein markantes visuelles Element und dient gleichzeitig als taktiler Bezugspunkt f\u00fcr die Grifforientierung.<\/p>\n<h3>Premium-Komponenten<\/h3>\n<ul>\n<li>Bohler M390MK einschneidige Klinge<\/li>\n<li>OD Green Frag-Muster 6061-T6 Aluminiumgriff<\/li>\n<li>Auskleidungsplatten aus geh\u00e4rtetem Stahl<\/li>\n<li>RAM-LOK-Querstangenverriegelungsmechanismus<\/li>\n<li>Titan-Backspacer<\/li>\n<li>Umkehrbarer Taschenclip zum Tragen mit der linken Hand<\/li>\n<li>Ikonischer X-Button (beide Seiten)<\/li>\n<\/ul>\n<h3>Spezifikationen<\/h3>\n<table class=\"shop_attributes\">\n<tbody>\n<tr>\n<td><strong>Typ<\/strong><\/td>\n<td>Manueller Ordner<\/td>\n<\/tr>\n<tr>\n<td><strong>Klingenl\u00e4nge<\/strong><\/td>\n<td>3,88&#8243;<\/td>\n<\/tr>\n<tr>\n<td><strong>Gesamtl\u00e4nge<\/strong><\/td>\n<td>8,93&#8243;<\/td>\n<\/tr>\n<tr>\n<td><strong>Klingenst\u00e4rke<\/strong><\/td>\n<td>0,16&#8243;<\/td>\n<\/tr>\n<tr>\n<td><strong>Klingenstahl<\/strong><\/td>\n<td>Bohler M390MK<\/td>\n<\/tr>\n<tr>\n<td><strong>Griffmaterial<\/strong><\/td>\n<td>6061-T6 Aluminium, Splittermuster (OD-Gr\u00fcn)<\/td>\n<\/tr>\n<tr>\n<td><strong>Gewicht<\/strong><\/td>\n<td>5,00 oz<\/td>\n<\/tr>\n<tr>\n<td><strong>Sperren<\/strong><\/td>\n<td>RAM-LOK Stangenschloss<\/td>\n<\/tr>\n<tr>\n<td><strong>Klingenstil<\/strong><\/td>\n<td>Einzelne Kante (S\/E)<\/td>\n<\/tr>\n<tr>\n<td><strong>Klingenfinish<\/strong><\/td>\n<td>Schwarz (zweifarbig)<\/td>\n<\/tr>\n<tr>\n<td><strong>Kantentyp<\/strong><\/td>\n<td>Einfach<\/td>\n<\/tr>\n<tr>\n<td><strong>Herkunftsland<\/strong><\/td>\n<td>USA<\/td>\n<\/tr>\n<\/tbody>\n<\/table>\n","protected":false},"excerpt":{"rendered":"<p>MSI-Handbuchordner (Microtech Standard Issue) aus OD Green Frag-Aluminium mit zweifarbig schwarzer M390MK-Einschneideklinge. RAM-LOK-Stangenschloss mit ikonischem X-Knopf. 3,88\u2033 Klinge, 8,93\u2033 insgesamt, 5,0 Unzen.<\/p>\n","protected":false},"featured_media":731516,"template":"","meta":{"_acf_changed":false},"product_brand":[15539],"product_cat":[15377,15355],"product_tag":[],"class_list":{"0":"post-732277","1":"product","2":"type-product","3":"status-publish","4":"has-post-thumbnail","6":"product_brand-microtech","7":"product_cat-folding-knives-de","8":"product_cat-knives-es","10":"first","11":"instock","12":"taxable","13":"shipping-taxable","14":"purchasable","15":"product-type-simple"},"acf":[],"_links":{"self":[{"href":"https:\/\/nbg.eu\/de\/wp-json\/wp\/v2\/product\/732277","targetHints":{"allow":["GET"]}}],"collection":[{"href":"https:\/\/nbg.eu\/de\/wp-json\/wp\/v2\/product"}],"about":[{"href":"https:\/\/nbg.eu\/de\/wp-json\/wp\/v2\/types\/product"}],"wp:featuredmedia":[{"embeddable":true,"href":"https:\/\/nbg.eu\/de\/wp-json\/wp\/v2\/media\/731516"}],"wp:attachment":[{"href":"https:\/\/nbg.eu\/de\/wp-json\/wp\/v2\/media?parent=732277"}],"wp:term":[{"taxonomy":"product_brand","embeddable":true,"href":"https:\/\/nbg.eu\/de\/wp-json\/wp\/v2\/product_brand?post=732277"},{"taxonomy":"product_cat","embeddable":true,"href":"https:\/\/nbg.eu\/de\/wp-json\/wp\/v2\/product_cat?post=732277"},{"taxonomy":"product_tag","embeddable":true,"href":"https:\/\/nbg.eu\/de\/wp-json\/wp\/v2\/product_tag?post=732277"}],"curies":[{"name":"wp","href":"https:\/\/api.w.org\/{rel}","templated":true}]}}