{"id":732278,"date":"2026-03-13T17:33:16","date_gmt":"2026-03-13T14:33:16","guid":{"rendered":"https:\/\/nbg.eu\/product\/microtech-dirac-delta-d-e-dlc-shadow-signature-series-2\/"},"modified":"2026-03-30T15:46:04","modified_gmt":"2026-03-30T12:46:04","slug":"microtech-dirac-delta-d-e-dlc-shadow-signature-series-2","status":"publish","type":"product","link":"https:\/\/nbg.eu\/de\/produkt\/microtech-dirac-delta-d-e-dlc-shadow-signature-series-2\/","title":{"rendered":"Microtech Dirac Delta D\/E DLC Shadow Signature-Serie"},"content":{"rendered":"<h2>\u00dcbersicht<\/h2>\n<p>Der Microtech Dirac Delta D\/E DLC Shadow ist eine Signature-Serie-Variante der innovativen Top-Fire-OTF-Automatik von Microtech. Der Delta ist dem Pionier Dirac nachempfunden und verf\u00fcgt \u00fcber das gleiche ergonomische Geh\u00e4use und den gleichen innovativen internen Mechanismus in einer robusteren Gr\u00f6\u00dfe. Diese Shadow-Edition verf\u00fcgt \u00fcber eine vollst\u00e4ndige DLC-Beschichtung (Diamond-Like Carbon) auf der M390MK-Dolchklinge, dem Aluminiumgriff, der Hardware und dem Taschenclip. Der markante, oben angebrachte Ausl\u00f6seknopf erm\u00f6glicht das intuitive, beidh\u00e4ndige Ausfahren und Zur\u00fcckziehen der Klinge mit einer nat\u00fcrlichen Daumenbewegung.<\/p>\n<h3>Oben angebrachter Ausl\u00f6seknopf<\/h3>\n<p>Im Gegensatz zu seitlich abfeuernden OTF-Messern erm\u00f6glicht der an der Abdeckung angebrachte Knopf des Dirac Delta einen nat\u00fcrlichen, intuitiven Daumendruck zum Ausfahren und Zur\u00fcckziehen der Klinge. Das Design erm\u00f6glicht eine echte beidh\u00e4ndige Bedienung ohne Neupositionierung der Hand.<\/p>\n<h3>Ergonomisches HALO-inspiriertes Geh\u00e4use<\/h3>\n<p>Das Geh\u00e4use des Dirac Delta zeichnet sich durch geschwungene Linien aus, die vom legend\u00e4ren Microtech HALO inspiriert sind und ein unverwechselbares Handgef\u00fchl erzeugen, das ihn von traditionellen OTF-Designs mit geraden Seiten unterscheidet.<\/p>\n<h3>DLC-Schatten-Finish<\/h3>\n<p>Die vollst\u00e4ndige Diamond-Like-Carbon-Beschichtung auf allen Oberfl\u00e4chen sorgt f\u00fcr extreme H\u00e4rte, Verschlei\u00dffestigkeit und eine elegante, geschw\u00e4rzte \u00c4sthetik. Die DLC-Beschichtung f\u00fcgt au\u00dferdem eine Korrosionsschutzschicht \u00fcber den bereits widerstandsf\u00e4higen M390MK-Stahl hinaus hinzu.<\/p>\n<h3>Premium-Komponenten<\/h3>\n<ul>\n<li>Bohler M390MK zweischneidige Dolchklinge mit DLC-Beschichtung<\/li>\n<li>Griff aus 6061-T6-Aluminium mit DLC Shadow-Finish<\/li>\n<li>DLC-beschichtete Hardware und Taschenclip<\/li>\n<li>Oben angebrachter Ausl\u00f6seknopf f\u00fcr beidh\u00e4ndige Bedienung<\/li>\n<li>Integrierter Glasbrecher<\/li>\n<li>Bezeichnung der Signaturserie<\/li>\n<\/ul>\n<h3>Spezifikationen<\/h3>\n<table class=\"shop_attributes\">\n<tbody>\n<tr>\n<td><strong>Typ<\/strong><\/td>\n<td>Out-The-Front-Automatik<\/td>\n<\/tr>\n<tr>\n<td><strong>Klingenl\u00e4nge<\/strong><\/td>\n<td>3,79&#8243;<\/td>\n<\/tr>\n<tr>\n<td><strong>Gesamtl\u00e4nge<\/strong><\/td>\n<td>9,40&#8243;<\/td>\n<\/tr>\n<tr>\n<td><strong>Griffl\u00e4nge<\/strong><\/td>\n<td>5,50&#8243;<\/td>\n<\/tr>\n<tr>\n<td><strong>Klingenstahl<\/strong><\/td>\n<td>Bohler M390MK (DLC-beschichtet)<\/td>\n<\/tr>\n<tr>\n<td><strong>Griffmaterial<\/strong><\/td>\n<td>6061-T6 Aluminium (DLC Shadow)<\/td>\n<\/tr>\n<tr>\n<td><strong>Gewicht<\/strong><\/td>\n<td>4,60 Unzen<\/td>\n<\/tr>\n<tr>\n<td><strong>Klingenstil<\/strong><\/td>\n<td>Dolch \/ Doppelschneide (D\/E)<\/td>\n<\/tr>\n<tr>\n<td><strong>Klingenfinish<\/strong><\/td>\n<td>DLC Shadow<\/td>\n<\/tr>\n<tr>\n<td><strong>Hardware<\/strong><\/td>\n<td>DLC-beschichtet<\/td>\n<\/tr>\n<tr>\n<td><strong>Kantentyp<\/strong><\/td>\n<td>Einfach<\/td>\n<\/tr>\n<tr>\n<td><strong>Serie<\/strong><\/td>\n<td>Signaturserie<\/td>\n<\/tr>\n<tr>\n<td><strong>Herkunftsland<\/strong><\/td>\n<td>USA<\/td>\n<\/tr>\n<\/tbody>\n<\/table>\n","protected":false},"excerpt":{"rendered":"<p>Dirac Delta Signature Series OTF Automatik mit vollst\u00e4ndigem DLC Shadow Finish \u2013 DLC-beschichtete zweischneidige M390MK-Dolchklinge und DLC-Aluminiumgriff. Oben angebrachter Ausl\u00f6seknopf. 3,79\u2033 Klinge, 9,40\u2033 insgesamt, 4,6 Unzen.<\/p>\n","protected":false},"featured_media":731520,"template":"","meta":{"_acf_changed":false},"product_brand":[15539],"product_cat":[15355,15990],"product_tag":[],"class_list":{"0":"post-732278","1":"product","2":"type-product","3":"status-publish","4":"has-post-thumbnail","6":"product_brand-microtech","7":"product_cat-knives-es","8":"product_cat-otf-knives-de","10":"first","11":"outofstock","12":"taxable","13":"shipping-taxable","14":"purchasable","15":"product-type-simple"},"acf":[],"_links":{"self":[{"href":"https:\/\/nbg.eu\/de\/wp-json\/wp\/v2\/product\/732278","targetHints":{"allow":["GET"]}}],"collection":[{"href":"https:\/\/nbg.eu\/de\/wp-json\/wp\/v2\/product"}],"about":[{"href":"https:\/\/nbg.eu\/de\/wp-json\/wp\/v2\/types\/product"}],"wp:featuredmedia":[{"embeddable":true,"href":"https:\/\/nbg.eu\/de\/wp-json\/wp\/v2\/media\/731520"}],"wp:attachment":[{"href":"https:\/\/nbg.eu\/de\/wp-json\/wp\/v2\/media?parent=732278"}],"wp:term":[{"taxonomy":"product_brand","embeddable":true,"href":"https:\/\/nbg.eu\/de\/wp-json\/wp\/v2\/product_brand?post=732278"},{"taxonomy":"product_cat","embeddable":true,"href":"https:\/\/nbg.eu\/de\/wp-json\/wp\/v2\/product_cat?post=732278"},{"taxonomy":"product_tag","embeddable":true,"href":"https:\/\/nbg.eu\/de\/wp-json\/wp\/v2\/product_tag?post=732278"}],"curies":[{"name":"wp","href":"https:\/\/api.w.org\/{rel}","templated":true}]}}