{"id":734263,"date":"2026-03-24T13:40:16","date_gmt":"2026-03-24T10:40:16","guid":{"rendered":"https:\/\/nbg.eu\/product\/bergara-b14-aics-magazin-7-prc-5-schuss\/"},"modified":"2026-04-03T15:50:51","modified_gmt":"2026-04-03T12:50:51","slug":"bergara-b14-aics-magazin-7-prc-5-schuss","status":"publish","type":"product","link":"https:\/\/nbg.eu\/de\/produkt\/bergara-b14-aics-magazin-7-prc-5-schuss\/","title":{"rendered":"Accurate-Mag AICS 7 PRC Langschaft-Magazin 5-Schuss"},"content":{"rendered":"<h2>Accurate-Mag AICS .300 Win Mag \u2014 5-Schuss Magazin<\/h2>\n<p>Das Accurate-Mag AICS Magazin ist ein abnehmbares OEM-Qualit\u00e4tsmagazin f\u00fcr Langwaffen-Magnumkaliber. Als Werksausr\u00fcstung von f\u00fchrenden Herstellern wie Colt, Savage, Ruger und Remington eingesetzt \u2014 Industriestandard f\u00fcr AICS-Zuf\u00fchrungssysteme.<\/p>\n<h3>Premium-Konstruktion<\/h3>\n<p>Aus Stahl gefertigt, w\u00e4rmebehandelt und mit Teflon beschichtet f\u00fcr geschmeidiges Einsetzen und Korrosionsbest\u00e4ndigkeit. Das Einreiher-Design (SSSF) gew\u00e4hrleistet konsistente Zuf\u00fchrung.<\/p>\n<h3>Universelle AICS-Kompatibilit\u00e4t<\/h3>\n<p>Passt in alle AICS-Magazinsch\u00e4chte \u2014 Bergara B14 HMR, B14 Wild HMR, Remington 700 in AICS-Chassis, Savage mit AICS.<\/p>\n<table>\n<tbody>\n<tr>\n<td>Kapazit\u00e4t<\/td>\n<td>5<\/td>\n<\/tr>\n<tr>\n<td>Kompatible Kaliber<\/td>\n<td>.300 Win Mag, 7mm Rem Mag, .338 Win Mag, 7 PRC<\/td>\n<\/tr>\n<tr>\n<td>Zuf\u00fchrungstyp<\/td>\n<td>SSSF<\/td>\n<\/tr>\n<tr>\n<td>Material<\/td>\n<td>Stahl, w\u00e4rmebehandelt, Teflonbeschichtung<\/td>\n<\/tr>\n<tr>\n<td>Plattform<\/td>\n<td>AICS (Accuracy International)<\/td>\n<\/tr>\n<tr>\n<td>Hersteller<\/td>\n<td>Accurate-Mag, USA<\/td>\n<\/tr>\n<\/tbody>\n<\/table>\n","protected":false},"excerpt":{"rendered":"<p>Accurate-Mag AICS 5-Schuss Magazin Long-Action. Stahl mit Teflon. Kompatibel mit .300 Win Mag, 7mm Rem Mag, .338 Win Mag und 7 PRC.<\/p>\n","protected":false},"featured_media":745015,"template":"","meta":{"_acf_changed":false},"product_brand":[16033],"product_cat":[12114],"product_tag":[],"class_list":{"0":"post-734263","1":"product","2":"type-product","3":"status-publish","4":"has-post-thumbnail","6":"product_brand-accurate-mag","7":"product_cat-gewehrmagazine","9":"first","10":"instock","11":"taxable","12":"shipping-taxable","13":"purchasable","14":"product-type-simple"},"acf":[],"_links":{"self":[{"href":"https:\/\/nbg.eu\/de\/wp-json\/wp\/v2\/product\/734263","targetHints":{"allow":["GET"]}}],"collection":[{"href":"https:\/\/nbg.eu\/de\/wp-json\/wp\/v2\/product"}],"about":[{"href":"https:\/\/nbg.eu\/de\/wp-json\/wp\/v2\/types\/product"}],"wp:featuredmedia":[{"embeddable":true,"href":"https:\/\/nbg.eu\/de\/wp-json\/wp\/v2\/media\/745015"}],"wp:attachment":[{"href":"https:\/\/nbg.eu\/de\/wp-json\/wp\/v2\/media?parent=734263"}],"wp:term":[{"taxonomy":"product_brand","embeddable":true,"href":"https:\/\/nbg.eu\/de\/wp-json\/wp\/v2\/product_brand?post=734263"},{"taxonomy":"product_cat","embeddable":true,"href":"https:\/\/nbg.eu\/de\/wp-json\/wp\/v2\/product_cat?post=734263"},{"taxonomy":"product_tag","embeddable":true,"href":"https:\/\/nbg.eu\/de\/wp-json\/wp\/v2\/product_tag?post=734263"}],"curies":[{"name":"wp","href":"https:\/\/api.w.org\/{rel}","templated":true}]}}