{"id":74006,"date":"2024-01-30T18:02:27","date_gmt":"2024-01-30T18:02:27","guid":{"rendered":"https:\/\/nbg.eu\/product\/holosun-hs403b\/"},"modified":"2026-01-21T11:45:38","modified_gmt":"2026-01-21T08:45:38","slug":"holosun-hs403b","status":"publish","type":"product","link":"https:\/\/nbg.eu\/de\/produkt\/holosun-hs403b\/","title":{"rendered":"Holosun HS403B"},"content":{"rendered":"<div class=\"product-description\">\n<h2>Holosun HS403B Micro-Rotpunktvisier<\/h2>\n<p>Das Holosun HS403B ist ein kompaktes 20mm Mikro-Visier f\u00fcr Gewehr- und Karabineranwendungen. Eigenschaften:<\/p>\n<ul>\n<li>Rote Super-LED mit 50.000 Stunden Batterielaufzeit<\/li>\n<li>10 Tageslicht- und 2 Nachtsichtkompatible Fadenkreuzeinstellungen<\/li>\n<li>Geh\u00e4use aus 6061 Aluminium<\/li>\n<li>Lower 1\/3 Co-Witness-Montage (1,63&#8243;) und niedrige Montage (0,75&#8243;) enthalten<\/li>\n<li>Shake Awake-Technologie f\u00fcr verl\u00e4ngerte Batterielaufzeit<\/li>\n<li>Digitale Tasten f\u00fcr einfache Anpassungen<\/li>\n<li>Gummi-Linsenschutz<\/li>\n<li>Seitlich montiertes 2032-Batteriefach f\u00fcr einfachen Wechsel<\/li>\n<\/ul>\n<p>Mit seinen vielseitigen Funktionen und robuster Konstruktion ist das HS403B f\u00fcr Sch\u00fctzen aller Niveaus geeignet. Wasserdicht nach IP67-Standard und best\u00e4ndig gegen 1000G Vibration, ist dieses Visier f\u00fcr den Einsatz unter allen Bedingungen konzipiert.<\/p>\n<\/div>\n","protected":false},"excerpt":{"rendered":"<p>Kompaktes 20mm-Rotpunktzielger\u00e4t mit 50.000 Stunden Batterielaufzeit und vielseitigen Befestigungsm\u00f6glichkeiten.<\/p>\n","protected":false},"featured_media":72264,"template":"","meta":{"_acf_changed":false},"product_brand":[11425],"product_cat":[12067,12079,12058],"product_tag":[],"class_list":{"0":"post-74006","1":"product","2":"type-product","3":"status-publish","4":"has-post-thumbnail","6":"product_brand-holosun","7":"product_cat-gewehr-rotpunkte","8":"product_cat-rotpunktvisiere","9":"product_cat-zielen","11":"first","12":"instock","13":"taxable","14":"shipping-taxable","15":"purchasable","16":"product-type-simple"},"acf":[],"_links":{"self":[{"href":"https:\/\/nbg.eu\/de\/wp-json\/wp\/v2\/product\/74006","targetHints":{"allow":["GET"]}}],"collection":[{"href":"https:\/\/nbg.eu\/de\/wp-json\/wp\/v2\/product"}],"about":[{"href":"https:\/\/nbg.eu\/de\/wp-json\/wp\/v2\/types\/product"}],"wp:featuredmedia":[{"embeddable":true,"href":"https:\/\/nbg.eu\/de\/wp-json\/wp\/v2\/media\/72264"}],"wp:attachment":[{"href":"https:\/\/nbg.eu\/de\/wp-json\/wp\/v2\/media?parent=74006"}],"wp:term":[{"taxonomy":"product_brand","embeddable":true,"href":"https:\/\/nbg.eu\/de\/wp-json\/wp\/v2\/product_brand?post=74006"},{"taxonomy":"product_cat","embeddable":true,"href":"https:\/\/nbg.eu\/de\/wp-json\/wp\/v2\/product_cat?post=74006"},{"taxonomy":"product_tag","embeddable":true,"href":"https:\/\/nbg.eu\/de\/wp-json\/wp\/v2\/product_tag?post=74006"}],"curies":[{"name":"wp","href":"https:\/\/api.w.org\/{rel}","templated":true}]}}