{"id":74144,"date":"2024-10-18T22:52:52","date_gmt":"2024-10-18T19:52:52","guid":{"rendered":"https:\/\/nbg.eu\/product\/mag-release-button-kmr-black\/"},"modified":"2026-04-16T17:11:33","modified_gmt":"2026-04-16T14:11:33","slug":"mag-ausloeseknopf-kmr-schwarz","status":"publish","type":"product","link":"https:\/\/nbg.eu\/de\/produkt\/mag-ausloeseknopf-kmr-schwarz\/","title":{"rendered":"KMR Magazinausl\u00f6seknopf Standard Schwarz"},"content":{"rendered":"<h2>Mag Release Button KMR &#8211; Schwarz<\/h2>\n<p>Der Mag Release Button KMR ist ein wesentliches Zubeh\u00f6r f\u00fcr Ihr Waffensystem, das entwickelt wurde, um einen sicheren und zuverl\u00e4ssigen Magazinausl\u00f6semechanismus zu bieten.<\/p>\n<p>Mit seiner eleganten schwarzen Oberfl\u00e4che ist der Mag Release Button KMR nicht nur funktional, sondern verleiht Ihrer Waffe auch einen taktischen Stil. Aus strapazierf\u00e4higen Materialien gefertigt, sorgt dieser Knopf f\u00fcr ein reibungsloses und zuverl\u00e4ssiges Magazinausl\u00f6sen, was schnelle Nachladungen und einen nahtlosen \u00dcbergang zwischen Sch\u00fcssen erm\u00f6glicht.<\/p>\n<p>Ob Sie ein erfahrener Sch\u00fctze sind oder gerade erst beginnen, der Mag Release Button KMR ist ein unerl\u00e4ssliches Zubeh\u00f6r, das die Leistung und Zuverl\u00e4ssigkeit Ihrer Waffensysteme verbessern kann. Mit seiner vielseitigen Kompatibilit\u00e4t und robusten Konstruktion ist dieser Knopf ein Muss f\u00fcr jeden ernsthaften Waffenliebhaber.<\/p>\n<p>F\u00fcr Waffen KMR:<\/p>\n<p>KMR L-02 EMIQ<\/p>\n<p>KMR L-02 EMIQ (OR)<\/p>\n<p>KMR L-02 ORCA BIS 2023<\/p>\n<p>KMR L-02 SPECTRA AB 2024<\/p>\n<p>KMR L-02 SPECTRA BIS 2023<\/p>\n<p>KMR L-02 UMBRA AB 2024<\/p>\n<p>KMR L-02 UMBRA BIS 2023<\/p>\n<p>KMR S-01 LANCE (OR)<\/p>\n<p>KMR S-02 BIS 2023<\/p>\n<p>KMR W-02 CUDA AB 2024<\/p>\n<p>KMR W-02 CUDA BIS 2023<\/p>\n<p>KMR W-02 UMBRA<\/p>\n<p>KMR W-02 UMBRA (OR)<\/p>\n<p>Referenz 0180-00801-0101<\/p>\n","protected":false},"excerpt":{"rendered":"<p>Griffknopf f\u00fcr KMR-Waffen, erh\u00e4ltlich in schwarz.<\/p>\n","protected":false},"featured_media":72240,"template":"","meta":{"_acf_changed":false},"product_brand":[11493],"product_cat":[12057],"product_tag":[],"class_list":{"0":"post-74144","1":"product","2":"type-product","3":"status-publish","4":"has-post-thumbnail","6":"product_brand-kmr-precision","7":"product_cat-kmr-teile","9":"first","10":"instock","11":"taxable","12":"shipping-taxable","13":"purchasable","14":"product-type-simple"},"acf":[],"_links":{"self":[{"href":"https:\/\/nbg.eu\/de\/wp-json\/wp\/v2\/product\/74144","targetHints":{"allow":["GET"]}}],"collection":[{"href":"https:\/\/nbg.eu\/de\/wp-json\/wp\/v2\/product"}],"about":[{"href":"https:\/\/nbg.eu\/de\/wp-json\/wp\/v2\/types\/product"}],"wp:featuredmedia":[{"embeddable":true,"href":"https:\/\/nbg.eu\/de\/wp-json\/wp\/v2\/media\/72240"}],"wp:attachment":[{"href":"https:\/\/nbg.eu\/de\/wp-json\/wp\/v2\/media?parent=74144"}],"wp:term":[{"taxonomy":"product_brand","embeddable":true,"href":"https:\/\/nbg.eu\/de\/wp-json\/wp\/v2\/product_brand?post=74144"},{"taxonomy":"product_cat","embeddable":true,"href":"https:\/\/nbg.eu\/de\/wp-json\/wp\/v2\/product_cat?post=74144"},{"taxonomy":"product_tag","embeddable":true,"href":"https:\/\/nbg.eu\/de\/wp-json\/wp\/v2\/product_tag?post=74144"}],"curies":[{"name":"wp","href":"https:\/\/api.w.org\/{rel}","templated":true}]}}