{"id":747798,"date":"2026-04-16T10:53:42","date_gmt":"2026-04-16T07:53:42","guid":{"rendered":"https:\/\/nbg.eu\/product\/kmr-unterbrecher-groesse-1\/"},"modified":"2026-04-16T17:08:40","modified_gmt":"2026-04-16T14:08:40","slug":"kmr-unterbrecher-groesse-1","status":"publish","type":"product","link":"https:\/\/nbg.eu\/de\/produkt\/kmr-unterbrecher-groesse-1\/","title":{"rendered":"KMR Unterbrecher Gr\u00f6\u00dfe 1"},"content":{"rendered":"<h2>UNTERBRECHER KMR GR\u00d6SSE 1 0,2 -0,3<\/h2>\n<p>Sportlicher Unterbrecher f\u00fcr KMR-Pistolen. Entwickelt f\u00fcr das &#8222;Tuning&#8220; von Sportpistolen. Verk\u00fcrzt den Abzugsweg, erleichtert den Abzug und verk\u00fcrzt das Reset der Waffe. Dadurch ist der Unterbrecher besonders geeignet f\u00fcr Sportsch\u00fctzen, die Waffenzucken minimieren und pr\u00e4zises und schnelles Schie\u00dfen optimieren m\u00f6chten.<\/p>\n<p>F\u00fcr Waffen KMR:<br \/>\nKMR L-02 SPECTRA UNTIL 2023<br \/>\nKMR L-02 UMBRA (OR) SR<br \/>\nKMR S-01 LANCE (OR)<br \/>\nKMR S-02 FROM 2024<br \/>\nKMR S-02 UNTIL 2023<br \/>\nKMR W-02 UMBRA (OR)<\/p>\n<p>Reference 0740-00109-0000<\/p>\n","protected":false},"excerpt":{"rendered":"<p>Optimierter Sport-Unterbrecher f\u00fcr KMR-Pistolen, reduziert Abzugsweg und Reset.<\/p>\n","protected":false},"featured_media":25013,"template":"","meta":{"_acf_changed":false},"product_brand":[11493],"product_cat":[12057],"product_tag":[],"class_list":{"0":"post-747798","1":"product","2":"type-product","3":"status-publish","4":"has-post-thumbnail","6":"product_brand-kmr-precision","7":"product_cat-kmr-teile","9":"first","10":"instock","11":"taxable","12":"shipping-taxable","13":"product-type-variable","14":"wvs-archive-product-wrapper"},"acf":[],"_links":{"self":[{"href":"https:\/\/nbg.eu\/de\/wp-json\/wp\/v2\/product\/747798","targetHints":{"allow":["GET"]}}],"collection":[{"href":"https:\/\/nbg.eu\/de\/wp-json\/wp\/v2\/product"}],"about":[{"href":"https:\/\/nbg.eu\/de\/wp-json\/wp\/v2\/types\/product"}],"wp:featuredmedia":[{"embeddable":true,"href":"https:\/\/nbg.eu\/de\/wp-json\/wp\/v2\/media\/25013"}],"wp:attachment":[{"href":"https:\/\/nbg.eu\/de\/wp-json\/wp\/v2\/media?parent=747798"}],"wp:term":[{"taxonomy":"product_brand","embeddable":true,"href":"https:\/\/nbg.eu\/de\/wp-json\/wp\/v2\/product_brand?post=747798"},{"taxonomy":"product_cat","embeddable":true,"href":"https:\/\/nbg.eu\/de\/wp-json\/wp\/v2\/product_cat?post=747798"},{"taxonomy":"product_tag","embeddable":true,"href":"https:\/\/nbg.eu\/de\/wp-json\/wp\/v2\/product_tag?post=747798"}],"curies":[{"name":"wp","href":"https:\/\/api.w.org\/{rel}","templated":true}]}}