{"id":748556,"date":"2026-04-16T10:56:25","date_gmt":"2026-04-16T07:56:25","guid":{"rendered":"https:\/\/nbg.eu\/product\/kmr-schliessfedergehaeuse-al\/"},"modified":"2026-04-16T17:08:10","modified_gmt":"2026-04-16T14:08:10","slug":"kmr-schliessfedergehaeuse-al","status":"publish","type":"product","link":"https:\/\/nbg.eu\/de\/produkt\/kmr-schliessfedergehaeuse-al\/","title":{"rendered":"KMR Schlie\u00dffedergeh\u00e4use AL"},"content":{"rendered":"<h2>SCHLIESSFEDERGEH\u00c4USE KMR 5&#8243; AL<\/h2>\n<p>Mit einer L\u00e4nge von 5 Zoll bietet dieses Schlie\u00dffedergeh\u00e4use eine sichere und zuverl\u00e4ssige L\u00f6sung f\u00fcr Ihr KMR-Waffensystem. Seine robuste Konstruktion gew\u00e4hrleistet langlebige Leistung, w\u00e4hrend das Aluminium ein leichtes aber stabiles Design bietet.<\/p>\n<p>Das Schlie\u00dffedergeh\u00e4use KMR 5&#8243; AL ist ein hochwertiges Zubeh\u00f6r f\u00fcr bestimmte KMR-Modelle. Aus strapazierf\u00e4higem Aluminium gefertigt, kompatibel mit folgenden Modellen:<\/p>\n<ul>\n<p>KMR L-02 ORCA (from 2024)<\/p>\n<p>KMR L-02 ORCA (until 2023)<\/p>\n<p>KMR L-02 SPECTRA (from 2024)<\/p>\n<p>KMR L-02 SPECTRA (until 2023)<\/p>\n<\/ul>\n<p>Product Reference: 0710-01603-0201<\/p>\n","protected":false},"excerpt":{"rendered":"<p>Schlie\u00dffedergeh\u00e4use f\u00fcr KMR-Pistolen, 5&#8243; aus Aluminium.<\/p>\n","protected":false},"featured_media":24477,"template":"","meta":{"_acf_changed":false},"product_brand":[11493],"product_cat":[12075,12057],"product_tag":[],"class_list":{"0":"post-748556","1":"product","2":"type-product","3":"status-publish","4":"has-post-thumbnail","6":"product_brand-kmr-precision","7":"product_cat-federn","8":"product_cat-kmr-teile","10":"first","11":"instock","12":"taxable","13":"shipping-taxable","14":"product-type-variable","15":"wvs-archive-product-wrapper"},"acf":[],"_links":{"self":[{"href":"https:\/\/nbg.eu\/de\/wp-json\/wp\/v2\/product\/748556","targetHints":{"allow":["GET"]}}],"collection":[{"href":"https:\/\/nbg.eu\/de\/wp-json\/wp\/v2\/product"}],"about":[{"href":"https:\/\/nbg.eu\/de\/wp-json\/wp\/v2\/types\/product"}],"wp:featuredmedia":[{"embeddable":true,"href":"https:\/\/nbg.eu\/de\/wp-json\/wp\/v2\/media\/24477"}],"wp:attachment":[{"href":"https:\/\/nbg.eu\/de\/wp-json\/wp\/v2\/media?parent=748556"}],"wp:term":[{"taxonomy":"product_brand","embeddable":true,"href":"https:\/\/nbg.eu\/de\/wp-json\/wp\/v2\/product_brand?post=748556"},{"taxonomy":"product_cat","embeddable":true,"href":"https:\/\/nbg.eu\/de\/wp-json\/wp\/v2\/product_cat?post=748556"},{"taxonomy":"product_tag","embeddable":true,"href":"https:\/\/nbg.eu\/de\/wp-json\/wp\/v2\/product_tag?post=748556"}],"curies":[{"name":"wp","href":"https:\/\/api.w.org\/{rel}","templated":true}]}}