{"id":748686,"date":"2026-04-16T10:56:47","date_gmt":"2026-04-16T07:56:47","guid":{"rendered":"https:\/\/nbg.eu\/product\/kmr-schliessfederfuehrung-edelstahl\/"},"modified":"2026-04-16T17:08:03","modified_gmt":"2026-04-16T14:08:03","slug":"kmr-schliessfederfuehrung-edelstahl","status":"publish","type":"product","link":"https:\/\/nbg.eu\/de\/produkt\/kmr-schliessfederfuehrung-edelstahl\/","title":{"rendered":"KMR Schlie\u00dffederf\u00fchrung Edelstahl"},"content":{"rendered":"<h2>Schlie\u00dffederf\u00fchrung KMR 5&#8243; Edelstahl<\/h2>\n<p>Aus hochwertigem Edelstahl gefertigt, bietet die Schlie\u00dffederf\u00fchrung KMR 5&#8243; Edelstahl verbesserte Haltbarkeit und Korrosionsbest\u00e4ndigkeit. Die 5-Zoll-L\u00e4nge sorgt f\u00fcr perfekte Passform und bietet die n\u00f6tige Stabilit\u00e4t und Kontrolle w\u00e4hrend des R\u00fccksto\u00dfes.<\/p>\n<p>Mit seinem eleganten und modernen Design verbessert die Schlie\u00dffederf\u00fchrung KMR 5&#8243; Edelstahl nicht nur die Funktionalit\u00e4t, sondern auch die Gesamtstabilit\u00e4t Ihrer Waffe.<\/p>\n<p>F\u00fcr Waffen KMR<\/p>\n<p>KMR L-02 ORCA FROM 2024<\/p>\n<p>KMR L-02 ORCA UNTIL 2023<\/p>\n<p>KMR L-02 SPECTRA FROM 2024<\/p>\n<p>KMR L-02 SPECTRA UNTIL 2023<\/p>\n","protected":false},"excerpt":{"rendered":"<p>Schlie\u00dffederf\u00fchrung KMR 5&#8243; Edelstahl f\u00fcr KMR L-02 ORCA &amp; SPECTRA Modelle.<\/p>\n","protected":false},"featured_media":25660,"template":"","meta":{"_acf_changed":false},"product_brand":[11493],"product_cat":[12075,12057],"product_tag":[],"class_list":{"0":"post-748686","1":"product","2":"type-product","3":"status-publish","4":"has-post-thumbnail","6":"product_brand-kmr-precision","7":"product_cat-federn","8":"product_cat-kmr-teile","10":"first","11":"instock","12":"taxable","13":"shipping-taxable","14":"product-type-variable","15":"wvs-archive-product-wrapper"},"acf":[],"_links":{"self":[{"href":"https:\/\/nbg.eu\/de\/wp-json\/wp\/v2\/product\/748686","targetHints":{"allow":["GET"]}}],"collection":[{"href":"https:\/\/nbg.eu\/de\/wp-json\/wp\/v2\/product"}],"about":[{"href":"https:\/\/nbg.eu\/de\/wp-json\/wp\/v2\/types\/product"}],"wp:featuredmedia":[{"embeddable":true,"href":"https:\/\/nbg.eu\/de\/wp-json\/wp\/v2\/media\/25660"}],"wp:attachment":[{"href":"https:\/\/nbg.eu\/de\/wp-json\/wp\/v2\/media?parent=748686"}],"wp:term":[{"taxonomy":"product_brand","embeddable":true,"href":"https:\/\/nbg.eu\/de\/wp-json\/wp\/v2\/product_brand?post=748686"},{"taxonomy":"product_cat","embeddable":true,"href":"https:\/\/nbg.eu\/de\/wp-json\/wp\/v2\/product_cat?post=748686"},{"taxonomy":"product_tag","embeddable":true,"href":"https:\/\/nbg.eu\/de\/wp-json\/wp\/v2\/product_tag?post=748686"}],"curies":[{"name":"wp","href":"https:\/\/api.w.org\/{rel}","templated":true}]}}