{"id":749267,"date":"2026-04-24T11:17:23","date_gmt":"2026-04-24T08:17:23","guid":{"rendered":"https:\/\/nbg.eu\/product\/eberlestock-wrs-retention-strap\/"},"modified":"2026-04-24T11:58:34","modified_gmt":"2026-04-24T08:58:34","slug":"eberlestock-wrs-retention-strap","status":"publish","type":"product","link":"https:\/\/nbg.eu\/de\/produkt\/eberlestock-wrs-retention-strap\/","title":{"rendered":"Eberlestock WRS-Retention Strap"},"content":{"rendered":"<h2>Eberlestock WRS-Retention Strap<\/h2>\n<p>Der Eberlestock WRS Retention Strap ist ein einfaches, aber \u00e4u\u00dferst effektives Zubeh\u00f6r, das entwickelt wurde, um die Kontrolle und Anpassungsf\u00e4higkeit Ihres Tragesystems zu verbessern. Erh\u00e4ltlich in mehreren Farboptionen passend zu Ihrer bestehenden Eberlestock-Ausr\u00fcstung, bietet dieser leichte Riemen den Benutzern mehr Flexibilit\u00e4t beim Sichern von Waffen, Ausr\u00fcstung und Zubeh\u00f6r an MOLLE-kompatiblen Plattformen.<\/p>\n<h3>Hauptmerkmale<\/h3>\n<ul>\n<li>Universelle MOLLE-kompatible Befestigung f\u00fcr den Einsatz mit Eberlestock-Rucks\u00e4cken und -Zubeh\u00f6r<\/li>\n<li>F\u00fcr Waffensicherung und allgemeine Ausr\u00fcstungsbefestigung konzipiert<\/li>\n<li>Flaches Design, das sich nahtlos in bestehende Ausr\u00fcstung integriert<\/li>\n<li>Schnellverstellfunktion f\u00fcr schnelles Anlegen und Verstauen<\/li>\n<li>Erh\u00e4ltlich in mehreren Farben: Dry Earth, Military Green, Coyote Brown und Multicam<\/li>\n<li>Durch Eberlestock Lebenslange Garantie abgedeckt<\/li>\n<\/ul>\n<h3>Spezifikationen<\/h3>\n<table>\n<tr>\n<td><strong>Artikelnummern<\/strong><\/td>\n<td>WRSME (Dry Earth), WRSMJ (Military Green), WRSMC (Coyote Brown), WRSMM (Multicam)<\/td>\n<\/tr>\n<tr>\n<td><strong>Gewicht<\/strong><\/td>\n<td>4 oz<\/td>\n<\/tr>\n<tr>\n<td><strong>Kompatibilit\u00e4t<\/strong><\/td>\n<td>MOLLE \/ PALS<\/td>\n<\/tr>\n<tr>\n<td><strong>Hersteller<\/strong><\/td>\n<td>Eberlestock (Veteranenunternehmen)<\/td>\n<\/tr>\n<\/table>\n","protected":false},"excerpt":{"rendered":"<p>Der Eberlestock WRS Retention Strap ist ein einfaches, aber \u00e4u\u00dferst effektives Zubeh\u00f6r, das entwickelt wurde, um die Kontrolle und Anpassungsf\u00e4higkeit Ihres Tragesystems zu verbessern. Erh\u00e4ltlich in mehreren Farboptionen passend zu Ihrer bestehenden Eberlestock-Ausr\u00fcstung, bietet dieser leichte Riemen den Benutzern mehr Flexibilit\u00e4t beim Sichern von Waffen, Ausr\u00fcstung und Zubeh\u00f6r an MOLLE-kompatiblen Plattformen.<\/p>\n","protected":false},"featured_media":749268,"template":"","meta":{"_acf_changed":false},"product_brand":[15152],"product_cat":[12115],"product_tag":[],"class_list":{"0":"post-749267","1":"product","2":"type-product","3":"status-publish","4":"has-post-thumbnail","6":"product_brand-eberlestock","7":"product_cat-ausruestung","9":"first","10":"outofstock","11":"taxable","12":"shipping-taxable","13":"purchasable","14":"product-type-variable","15":"wvs-archive-product-wrapper"},"acf":[],"_links":{"self":[{"href":"https:\/\/nbg.eu\/de\/wp-json\/wp\/v2\/product\/749267","targetHints":{"allow":["GET"]}}],"collection":[{"href":"https:\/\/nbg.eu\/de\/wp-json\/wp\/v2\/product"}],"about":[{"href":"https:\/\/nbg.eu\/de\/wp-json\/wp\/v2\/types\/product"}],"wp:featuredmedia":[{"embeddable":true,"href":"https:\/\/nbg.eu\/de\/wp-json\/wp\/v2\/media\/749268"}],"wp:attachment":[{"href":"https:\/\/nbg.eu\/de\/wp-json\/wp\/v2\/media?parent=749267"}],"wp:term":[{"taxonomy":"product_brand","embeddable":true,"href":"https:\/\/nbg.eu\/de\/wp-json\/wp\/v2\/product_brand?post=749267"},{"taxonomy":"product_cat","embeddable":true,"href":"https:\/\/nbg.eu\/de\/wp-json\/wp\/v2\/product_cat?post=749267"},{"taxonomy":"product_tag","embeddable":true,"href":"https:\/\/nbg.eu\/de\/wp-json\/wp\/v2\/product_tag?post=749267"}],"curies":[{"name":"wp","href":"https:\/\/api.w.org\/{rel}","templated":true}]}}