{"id":749460,"date":"2026-04-24T11:17:29","date_gmt":"2026-04-24T08:17:29","guid":{"rendered":"https:\/\/nbg.eu\/product\/eberlestock-freefall-2000-rucksack\/"},"modified":"2026-04-24T11:59:33","modified_gmt":"2026-04-24T08:59:33","slug":"eberlestock-freefall-2000-rucksack","status":"publish","type":"product","link":"https:\/\/nbg.eu\/de\/produkt\/eberlestock-freefall-2000-rucksack\/","title":{"rendered":"Eberlestock FreeFall 2000 Rucksack"},"content":{"rendered":"<h2>Eberlestock FreeFall 2000 Rucksack<\/h2>\n<p>Der Eberlestock FreeFall 2000 ist eine vielseitige, widerstandsarme Plattform f\u00fcr mehrt\u00e4gige Exkursionen mit minimaler Ausr\u00fcstung oder Tagestouren mit umfangreicher Ausr\u00fcstung. Mit einem ger\u00e4umigen Deckel, sieben Innentaschen, einer Trinksystemh\u00fclle, Kompressionsriemen und H\u00fcftgurttaschen ist dieser Rucksack f\u00fcr anspruchsvolle Outdoor-Enthusiasten und taktische Einsatzkr\u00e4fte konzipiert.<\/p>\n<h3>Hauptmerkmale<\/h3>\n<ul>\n<li>2000 c.i. \/ 32.8L capacity<\/li>\n<li>Spacious top lid<\/li>\n<li>Seven interior pockets<\/li>\n<li>Water bladder sleeve<\/li>\n<li>Compression straps<\/li>\n<li>Hip-belt pockets<\/li>\n<li>Aluminum frame<\/li>\n<li>Eberlestock Lifetime Warranty<\/li>\n<\/ul>\n<h3>Spezifikationen<\/h3>\n<table>\n<tr>\n<td><strong>Volumen<\/strong><\/td>\n<td>2000 c.i. \/ 32.8L<\/td>\n<\/tr>\n<tr>\n<td><strong>Gewicht<\/strong><\/td>\n<td>4 lbs 9 oz<\/td>\n<\/tr>\n<tr>\n<td><strong>Rahmen<\/strong><\/td>\n<td>Aluminum<\/td>\n<\/tr>\n<tr>\n<td><strong>Artikelnummern<\/strong><\/td>\n<td>V7MC, V7GY, V7MB, V7ME, V7MJ, V7MM<\/td>\n<\/tr>\n<tr>\n<td><strong>Hersteller<\/strong><\/td>\n<td>Eberlestock (Veteranenunternehmen)<\/td>\n<\/tr>\n<\/table>\n","protected":false},"excerpt":{"rendered":"<p>Der Eberlestock FreeFall 2000 ist eine vielseitige, widerstandsarme Plattform f\u00fcr mehrt\u00e4gige Exkursionen mit minimaler Ausr\u00fcstung oder Tagestouren mit umfangreicher Ausr\u00fcstung. Mit einem ger\u00e4umigen Deckel, sieben Innentaschen, einer Trinksystemh\u00fclle, Kompressionsriemen und H\u00fcftgurttaschen ist dieser Rucksack f\u00fcr anspruchsvolle Outdoor-Enthusiasten und taktische Einsatzkr\u00e4fte konzipiert.<\/p>\n","protected":false},"featured_media":749461,"template":"","meta":{"_acf_changed":false},"product_brand":[15152],"product_cat":[12051],"product_tag":[],"class_list":{"0":"post-749460","1":"product","2":"type-product","3":"status-publish","4":"has-post-thumbnail","6":"product_brand-eberlestock","7":"product_cat-rucksaecke","9":"first","10":"outofstock","11":"taxable","12":"shipping-taxable","13":"purchasable","14":"product-type-variable","15":"wvs-archive-product-wrapper"},"acf":[],"_links":{"self":[{"href":"https:\/\/nbg.eu\/de\/wp-json\/wp\/v2\/product\/749460","targetHints":{"allow":["GET"]}}],"collection":[{"href":"https:\/\/nbg.eu\/de\/wp-json\/wp\/v2\/product"}],"about":[{"href":"https:\/\/nbg.eu\/de\/wp-json\/wp\/v2\/types\/product"}],"wp:featuredmedia":[{"embeddable":true,"href":"https:\/\/nbg.eu\/de\/wp-json\/wp\/v2\/media\/749461"}],"wp:attachment":[{"href":"https:\/\/nbg.eu\/de\/wp-json\/wp\/v2\/media?parent=749460"}],"wp:term":[{"taxonomy":"product_brand","embeddable":true,"href":"https:\/\/nbg.eu\/de\/wp-json\/wp\/v2\/product_brand?post=749460"},{"taxonomy":"product_cat","embeddable":true,"href":"https:\/\/nbg.eu\/de\/wp-json\/wp\/v2\/product_cat?post=749460"},{"taxonomy":"product_tag","embeddable":true,"href":"https:\/\/nbg.eu\/de\/wp-json\/wp\/v2\/product_tag?post=749460"}],"curies":[{"name":"wp","href":"https:\/\/api.w.org\/{rel}","templated":true}]}}