{"id":749713,"date":"2026-04-24T11:17:35","date_gmt":"2026-04-24T08:17:35","guid":{"rendered":"https:\/\/nbg.eu\/product\/eberlestock-freefall-3000-rucksack\/"},"modified":"2026-04-24T12:00:32","modified_gmt":"2026-04-24T09:00:32","slug":"eberlestock-freefall-3000-rucksack","status":"publish","type":"product","link":"https:\/\/nbg.eu\/de\/produkt\/eberlestock-freefall-3000-rucksack\/","title":{"rendered":"Eberlestock FreeFall 3000 Rucksack"},"content":{"rendered":"<h2>Eberlestock FreeFall 3000 Rucksack<\/h2>\n<p>Der Eberlestock FreeFall 3000 ist das gr\u00f6\u00dfere Modell der FreeFall-Serie und bietet 3000 Kubikzoll Kapazit\u00e4t f\u00fcr ausgedehnte Wildnis-Missionen und mehrt\u00e4gige Operationen. Mit dem gleichen bew\u00e4hrten Design mit robustem Aluminiumrahmen, sieben Innentaschen und umfassender Organisation bew\u00e4ltigt dieser Rucksack schwerere Lasten m\u00fchelos.<\/p>\n<h3>Hauptmerkmale<\/h3>\n<ul>\n<li>3000 c.i. \/ 49.2L capacity<\/li>\n<li>Spacious top lid<\/li>\n<li>Seven interior pockets<\/li>\n<li>Water bladder sleeve<\/li>\n<li>Compression straps<\/li>\n<li>Hip-belt pockets<\/li>\n<li>Aluminum frame<\/li>\n<li>Eberlestock Lifetime Warranty<\/li>\n<\/ul>\n<h3>Spezifikationen<\/h3>\n<table>\n<tr>\n<td><strong>Volumen<\/strong><\/td>\n<td>3000 c.i. \/ 49.2L<\/td>\n<\/tr>\n<tr>\n<td><strong>Gewicht<\/strong><\/td>\n<td>5 lbs 1 oz<\/td>\n<\/tr>\n<tr>\n<td><strong>Rahmen<\/strong><\/td>\n<td>Aluminum<\/td>\n<\/tr>\n<tr>\n<td><strong>Artikelnummern<\/strong><\/td>\n<td>V8MC, V8GY, V8MB, V8ME, V8MJ, V8MM<\/td>\n<\/tr>\n<tr>\n<td><strong>Hersteller<\/strong><\/td>\n<td>Eberlestock (Veteranenunternehmen)<\/td>\n<\/tr>\n<\/table>\n","protected":false},"excerpt":{"rendered":"<p>Der Eberlestock FreeFall 3000 ist das gr\u00f6\u00dfere Modell der FreeFall-Serie und bietet 3000 Kubikzoll Kapazit\u00e4t f\u00fcr ausgedehnte Wildnis-Missionen und mehrt\u00e4gige Operationen. Mit dem gleichen bew\u00e4hrten Design mit robustem Aluminiumrahmen, sieben Innentaschen und umfassender Organisation bew\u00e4ltigt dieser Rucksack schwerere Lasten m\u00fchelos.<\/p>\n","protected":false},"featured_media":749714,"template":"","meta":{"_acf_changed":false},"product_brand":[15152],"product_cat":[12051],"product_tag":[],"class_list":{"0":"post-749713","1":"product","2":"type-product","3":"status-publish","4":"has-post-thumbnail","6":"product_brand-eberlestock","7":"product_cat-rucksaecke","9":"first","10":"outofstock","11":"taxable","12":"shipping-taxable","13":"purchasable","14":"product-type-variable","15":"wvs-archive-product-wrapper"},"acf":[],"_links":{"self":[{"href":"https:\/\/nbg.eu\/de\/wp-json\/wp\/v2\/product\/749713","targetHints":{"allow":["GET"]}}],"collection":[{"href":"https:\/\/nbg.eu\/de\/wp-json\/wp\/v2\/product"}],"about":[{"href":"https:\/\/nbg.eu\/de\/wp-json\/wp\/v2\/types\/product"}],"wp:featuredmedia":[{"embeddable":true,"href":"https:\/\/nbg.eu\/de\/wp-json\/wp\/v2\/media\/749714"}],"wp:attachment":[{"href":"https:\/\/nbg.eu\/de\/wp-json\/wp\/v2\/media?parent=749713"}],"wp:term":[{"taxonomy":"product_brand","embeddable":true,"href":"https:\/\/nbg.eu\/de\/wp-json\/wp\/v2\/product_brand?post=749713"},{"taxonomy":"product_cat","embeddable":true,"href":"https:\/\/nbg.eu\/de\/wp-json\/wp\/v2\/product_cat?post=749713"},{"taxonomy":"product_tag","embeddable":true,"href":"https:\/\/nbg.eu\/de\/wp-json\/wp\/v2\/product_tag?post=749713"}],"curies":[{"name":"wp","href":"https:\/\/api.w.org\/{rel}","templated":true}]}}