{"id":750364,"date":"2026-04-24T11:17:46","date_gmt":"2026-04-24T08:17:46","guid":{"rendered":"https:\/\/nbg.eu\/product\/eberlestock-mission-medic-multicam\/"},"modified":"2026-04-24T12:03:20","modified_gmt":"2026-04-24T09:03:20","slug":"eberlestock-mission-medic-multicam","status":"publish","type":"product","link":"https:\/\/nbg.eu\/de\/produkt\/eberlestock-mission-medic-multicam\/","title":{"rendered":"Eberlestock Mission Medic &#8211; Multicam"},"content":{"rendered":"<h2>Eberlestock Mission Medic<\/h2>\n<p>Der Eberlestock Mission Medic Pack priorisiert Effizienz und nutzt jeden verf\u00fcgbaren Raum f\u00fcr lebensrettende Organisation. Mit sieben abrei\u00dfbaren Taschen und zwei abrei\u00dfbaren Zubeh\u00f6rpanelen im Hauptfach erm\u00f6glicht dieser medizinische Rucksack Einsatzkr\u00e4ften, Trauma-Kits f\u00fcr den schnellen Einsatz bei Massenanf\u00e4llen vorzubereiten.<\/p>\n<h3>Hauptmerkmale<\/h3>\n<ul>\n<li>1,717 c.i. medical capacity<\/li>\n<li>Seven tear-away pouches<\/li>\n<li>Two tear-away accessory panels<\/li>\n<li>Mission System integration<\/li>\n<li>MOLLE exterior<\/li>\n<li>Eberlestock Lifetime Warranty<\/li>\n<\/ul>\n<h3>Spezifikationen<\/h3>\n<table>\n<tr>\n<td><strong>Volumen<\/strong><\/td>\n<td>1,717 c.i.<\/td>\n<\/tr>\n<tr>\n<td><strong>Gewicht<\/strong><\/td>\n<td>3 lbs 10 oz<\/td>\n<\/tr>\n<tr>\n<td><strong>Abmessungen<\/strong><\/td>\n<td>20&#8243;H x 12&#8243;W x 5.5&#8243;D<\/td>\n<\/tr>\n<tr>\n<td><strong>Artikelnummern<\/strong><\/td>\n<td>MM1MM, MM1MC, MM1MJ<\/td>\n<\/tr>\n<tr>\n<td><strong>Hersteller<\/strong><\/td>\n<td>Eberlestock (Veteranenunternehmen)<\/td>\n<\/tr>\n<\/table>\n","protected":false},"excerpt":{"rendered":"<p>Der Eberlestock Mission Medic Pack priorisiert Effizienz und nutzt jeden verf\u00fcgbaren Raum f\u00fcr lebensrettende Organisation. Mit sieben abrei\u00dfbaren Taschen und zwei abrei\u00dfbaren Zubeh\u00f6rpanelen im Hauptfach erm\u00f6glicht dieser medizinische Rucksack Einsatzkr\u00e4ften, Trauma-Kits f\u00fcr den schnellen Einsatz bei Massenanf\u00e4llen vorzubereiten.<\/p>\n","protected":false},"featured_media":750365,"template":"","meta":{"_acf_changed":false},"product_brand":[15152],"product_cat":[12051],"product_tag":[],"class_list":{"0":"post-750364","1":"product","2":"type-product","3":"status-publish","4":"has-post-thumbnail","6":"product_brand-eberlestock","7":"product_cat-rucksaecke","9":"first","10":"outofstock","11":"taxable","12":"shipping-taxable","13":"purchasable","14":"product-type-simple"},"acf":[],"_links":{"self":[{"href":"https:\/\/nbg.eu\/de\/wp-json\/wp\/v2\/product\/750364","targetHints":{"allow":["GET"]}}],"collection":[{"href":"https:\/\/nbg.eu\/de\/wp-json\/wp\/v2\/product"}],"about":[{"href":"https:\/\/nbg.eu\/de\/wp-json\/wp\/v2\/types\/product"}],"wp:featuredmedia":[{"embeddable":true,"href":"https:\/\/nbg.eu\/de\/wp-json\/wp\/v2\/media\/750365"}],"wp:attachment":[{"href":"https:\/\/nbg.eu\/de\/wp-json\/wp\/v2\/media?parent=750364"}],"wp:term":[{"taxonomy":"product_brand","embeddable":true,"href":"https:\/\/nbg.eu\/de\/wp-json\/wp\/v2\/product_brand?post=750364"},{"taxonomy":"product_cat","embeddable":true,"href":"https:\/\/nbg.eu\/de\/wp-json\/wp\/v2\/product_cat?post=750364"},{"taxonomy":"product_tag","embeddable":true,"href":"https:\/\/nbg.eu\/de\/wp-json\/wp\/v2\/product_tag?post=750364"}],"curies":[{"name":"wp","href":"https:\/\/api.w.org\/{rel}","templated":true}]}}