{"id":750985,"date":"2026-04-24T11:17:52","date_gmt":"2026-04-24T08:17:52","guid":{"rendered":"https:\/\/nbg.eu\/product\/eberlestock-mission-lid-multicam\/"},"modified":"2026-04-24T12:06:02","modified_gmt":"2026-04-24T09:06:02","slug":"eberlestock-mission-lid-multicam","status":"publish","type":"product","link":"https:\/\/nbg.eu\/de\/produkt\/eberlestock-mission-lid-multicam\/","title":{"rendered":"Eberlestock Mission Lid &#8211; Multicam"},"content":{"rendered":"<h2>Eberlestock Mission Lid<\/h2>\n<p>Das Eberlestock Mission Lid ist eine einfache und effektive Stauraumerg\u00e4nzung, die wichtige Gegenst\u00e4nde griffbereit h\u00e4lt, ohne Volumen hinzuzuf\u00fcgen oder Ihr Profil zu vergr\u00f6\u00dfern. Entwickelt f\u00fcr den eigenst\u00e4ndigen Einsatz oder in Kombination mit dem Mission Load Panel, erh\u00f6ht das Mission Lid die Ladekapazit\u00e4t des Mission Systems erheblich.<\/p>\n<h3>Hauptmerkmale<\/h3>\n<ul>\n<li>400 c.i. storage<\/li>\n<li>6 oz lightweight<\/li>\n<li>Mission System compatible<\/li>\n<li>Works with Mission Load Panel<\/li>\n<li>Quick-access design<\/li>\n<li>Eberlestock Lifetime Warranty<\/li>\n<\/ul>\n<h3>Spezifikationen<\/h3>\n<table>\n<tr>\n<td><strong>Volumen<\/strong><\/td>\n<td>400 c.i.<\/td>\n<\/tr>\n<tr>\n<td><strong>Gewicht<\/strong><\/td>\n<td>6 oz<\/td>\n<\/tr>\n<tr>\n<td><strong>Abmessungen<\/strong><\/td>\n<td>10&#8243;L x 12&#8243;W x 4&#8243;D<\/td>\n<\/tr>\n<tr>\n<td><strong>Artikelnummern<\/strong><\/td>\n<td>ML1MM, ML1MC, ML1MJ<\/td>\n<\/tr>\n<tr>\n<td><strong>Hersteller<\/strong><\/td>\n<td>Eberlestock (Veteranenunternehmen)<\/td>\n<\/tr>\n<\/table>\n","protected":false},"excerpt":{"rendered":"<p>Das Eberlestock Mission Lid ist eine einfache und effektive Stauraumerg\u00e4nzung, die wichtige Gegenst\u00e4nde griffbereit h\u00e4lt, ohne Volumen hinzuzuf\u00fcgen oder Ihr Profil zu vergr\u00f6\u00dfern. Entwickelt f\u00fcr den eigenst\u00e4ndigen Einsatz oder in Kombination mit dem Mission Load Panel, erh\u00f6ht das Mission Lid die Ladekapazit\u00e4t des Mission Systems erheblich.<\/p>\n","protected":false},"featured_media":750986,"template":"","meta":{"_acf_changed":false},"product_brand":[15152],"product_cat":[12051],"product_tag":[],"class_list":{"0":"post-750985","1":"product","2":"type-product","3":"status-publish","4":"has-post-thumbnail","6":"product_brand-eberlestock","7":"product_cat-rucksaecke","9":"first","10":"outofstock","11":"taxable","12":"shipping-taxable","13":"purchasable","14":"product-type-simple"},"acf":[],"_links":{"self":[{"href":"https:\/\/nbg.eu\/de\/wp-json\/wp\/v2\/product\/750985","targetHints":{"allow":["GET"]}}],"collection":[{"href":"https:\/\/nbg.eu\/de\/wp-json\/wp\/v2\/product"}],"about":[{"href":"https:\/\/nbg.eu\/de\/wp-json\/wp\/v2\/types\/product"}],"wp:featuredmedia":[{"embeddable":true,"href":"https:\/\/nbg.eu\/de\/wp-json\/wp\/v2\/media\/750986"}],"wp:attachment":[{"href":"https:\/\/nbg.eu\/de\/wp-json\/wp\/v2\/media?parent=750985"}],"wp:term":[{"taxonomy":"product_brand","embeddable":true,"href":"https:\/\/nbg.eu\/de\/wp-json\/wp\/v2\/product_brand?post=750985"},{"taxonomy":"product_cat","embeddable":true,"href":"https:\/\/nbg.eu\/de\/wp-json\/wp\/v2\/product_cat?post=750985"},{"taxonomy":"product_tag","embeddable":true,"href":"https:\/\/nbg.eu\/de\/wp-json\/wp\/v2\/product_tag?post=750985"}],"curies":[{"name":"wp","href":"https:\/\/api.w.org\/{rel}","templated":true}]}}