{"id":751360,"date":"2026-04-24T11:17:56","date_gmt":"2026-04-24T08:17:56","guid":{"rendered":"https:\/\/nbg.eu\/product\/eberlestock-mission-wings-multicam\/"},"modified":"2026-04-24T12:07:50","modified_gmt":"2026-04-24T09:07:50","slug":"eberlestock-mission-wings-multicam","status":"publish","type":"product","link":"https:\/\/nbg.eu\/de\/produkt\/eberlestock-mission-wings-multicam\/","title":{"rendered":"Eberlestock Mission Wings &#8211; Multicam"},"content":{"rendered":"<h2>Eberlestock Mission Wings<\/h2>\n<p>Die Eberlestock Mission Wings sind modulare, leichte Seitenpanele, die schnell zus\u00e4tzliches Volumen hinzuf\u00fcgen oder die strategische Konfiguration spezialisierter Kits an der Au\u00dfenseite Ihres Mission Systems erm\u00f6glichen. Einfach \u00fcber ovale Tri-Glide-Befestigungspunkte anbringbar oder entfernbar, bieten sie schnellen Zugang zu Stauraum, wo Sie ihn am meisten ben\u00f6tigen.<\/p>\n<h3>Hauptmerkmale<\/h3>\n<ul>\n<li>765 c.i. \/ 13.68L combined capacity<\/li>\n<li>Modular side panels<\/li>\n<li>Oval tri-glide attachment<\/li>\n<li>Quick-access design<\/li>\n<li>Mission System integration<\/li>\n<li>Eberlestock Lifetime Warranty<\/li>\n<\/ul>\n<h3>Spezifikationen<\/h3>\n<table>\n<tr>\n<td><strong>Volumen<\/strong><\/td>\n<td>765 c.i. \/ 13.68L<\/td>\n<\/tr>\n<tr>\n<td><strong>Gewicht<\/strong><\/td>\n<td>1 lb 2 oz<\/td>\n<\/tr>\n<tr>\n<td><strong>Abmessungen<\/strong><\/td>\n<td>18&#8243;H x 6.5&#8243;W x 2&#8243;D<\/td>\n<\/tr>\n<tr>\n<td><strong>Artikelnummern<\/strong><\/td>\n<td>MW1MM, MW1MC<\/td>\n<\/tr>\n<tr>\n<td><strong>Hersteller<\/strong><\/td>\n<td>Eberlestock (Veteranenunternehmen)<\/td>\n<\/tr>\n<\/table>\n","protected":false},"excerpt":{"rendered":"<p>Die Eberlestock Mission Wings sind modulare, leichte Seitenpanele, die schnell zus\u00e4tzliches Volumen hinzuf\u00fcgen oder die strategische Konfiguration spezialisierter Kits an der Au\u00dfenseite Ihres Mission Systems erm\u00f6glichen. Einfach \u00fcber ovale Tri-Glide-Befestigungspunkte anbringbar oder entfernbar, bieten sie schnellen Zugang zu Stauraum, wo Sie ihn am meisten ben\u00f6tigen.<\/p>\n","protected":false},"featured_media":751361,"template":"","meta":{"_acf_changed":false},"product_brand":[15152],"product_cat":[12051],"product_tag":[],"class_list":{"0":"post-751360","1":"product","2":"type-product","3":"status-publish","4":"has-post-thumbnail","6":"product_brand-eberlestock","7":"product_cat-rucksaecke","9":"first","10":"outofstock","11":"taxable","12":"shipping-taxable","13":"purchasable","14":"product-type-simple"},"acf":[],"_links":{"self":[{"href":"https:\/\/nbg.eu\/de\/wp-json\/wp\/v2\/product\/751360","targetHints":{"allow":["GET"]}}],"collection":[{"href":"https:\/\/nbg.eu\/de\/wp-json\/wp\/v2\/product"}],"about":[{"href":"https:\/\/nbg.eu\/de\/wp-json\/wp\/v2\/types\/product"}],"wp:featuredmedia":[{"embeddable":true,"href":"https:\/\/nbg.eu\/de\/wp-json\/wp\/v2\/media\/751361"}],"wp:attachment":[{"href":"https:\/\/nbg.eu\/de\/wp-json\/wp\/v2\/media?parent=751360"}],"wp:term":[{"taxonomy":"product_brand","embeddable":true,"href":"https:\/\/nbg.eu\/de\/wp-json\/wp\/v2\/product_brand?post=751360"},{"taxonomy":"product_cat","embeddable":true,"href":"https:\/\/nbg.eu\/de\/wp-json\/wp\/v2\/product_cat?post=751360"},{"taxonomy":"product_tag","embeddable":true,"href":"https:\/\/nbg.eu\/de\/wp-json\/wp\/v2\/product_tag?post=751360"}],"curies":[{"name":"wp","href":"https:\/\/api.w.org\/{rel}","templated":true}]}}