{"id":755452,"date":"2026-05-13T13:36:36","date_gmt":"2026-05-13T10:36:36","guid":{"rendered":"https:\/\/nbg.eu\/product\/magazin-asc-ar-15-223-rem-5-56-nato-10-schuss\/"},"modified":"2026-05-13T14:49:25","modified_gmt":"2026-05-13T11:49:25","slug":"magazin-asc-ar-15-223-rem-5-56-nato-10-schuss","status":"publish","type":"product","link":"https:\/\/nbg.eu\/de\/produkt\/magazin-asc-ar-15-223-rem-5-56-nato-10-schuss\/","title":{"rendered":"Magazin ASC AR-15 .223 Rem \/ 5.56 NATO 10-Schuss"},"content":{"rendered":"<h2>Magazin ASC AR-15 .223 Rem \/ 5.56 NATO 10-Schuss<\/h2>\n<p>Das AR-15 Magazin von ASC ist aus 410 Edelstahl gefertigt, mit Chrom-Silizium-Feder und Hochtemperatur-Polymerfollower f\u00fcr zuverl\u00e4ssige .223-Remington-Zuf\u00fchrung. Konform mit 10-Schuss-Kapazit\u00e4tsbegrenzung.<\/p>\n<h3>Hauptmerkmale<\/h3>\n<ul>\n<li>10-Schuss (Kapazit\u00e4tsbegrenzt)<\/li>\n<li>Korpus aus 410 Edelstahl<\/li>\n<li>Chrom-Silizium-Feder<\/li>\n<li>Selbstschmierender Polymerfollower<\/li>\n<li>Passt auf alle Standard-AR-15 Lower Receiver<\/li>\n<\/ul>\n<h3>Technische Daten<\/h3>\n<table>\n<tr>\n<td><strong>Kaliber<\/strong><\/td>\n<td>.223 Rem \/ 5.56 NATO \/ 5.56 NATO<\/td>\n<\/tr>\n<tr>\n<td><strong>Kapazit\u00e4t<\/strong><\/td>\n<td>10 Schuss<\/td>\n<\/tr>\n<tr>\n<td><strong>Material<\/strong><\/td>\n<td>410 Edelstahl<\/td>\n<\/tr>\n<tr>\n<td><strong>Hersteller<\/strong><\/td>\n<td>ASC (USA)<\/td>\n<\/tr>\n<\/table>\n","protected":false},"excerpt":{"rendered":"<p>10-Schuss AR-15 Magazin in .223 Rem \/ 5.56 NATO von ASC (Ammunition Storage Components). -Konstruktion aus 410 Edelstahl mit Polymerfollower.<\/p>\n","protected":false},"featured_media":755895,"template":"","meta":{"_acf_changed":false},"product_brand":[],"product_cat":[12107,12114,12060],"product_tag":[],"class_list":{"0":"post-755452","1":"product","2":"type-product","3":"status-publish","4":"has-post-thumbnail","6":"product_cat-gewehr","7":"product_cat-gewehrmagazine","8":"product_cat-lizenziert","10":"first","11":"instock","12":"taxable","13":"shipping-taxable","14":"product-type-simple"},"acf":[],"_links":{"self":[{"href":"https:\/\/nbg.eu\/de\/wp-json\/wp\/v2\/product\/755452","targetHints":{"allow":["GET"]}}],"collection":[{"href":"https:\/\/nbg.eu\/de\/wp-json\/wp\/v2\/product"}],"about":[{"href":"https:\/\/nbg.eu\/de\/wp-json\/wp\/v2\/types\/product"}],"wp:featuredmedia":[{"embeddable":true,"href":"https:\/\/nbg.eu\/de\/wp-json\/wp\/v2\/media\/755895"}],"wp:attachment":[{"href":"https:\/\/nbg.eu\/de\/wp-json\/wp\/v2\/media?parent=755452"}],"wp:term":[{"taxonomy":"product_brand","embeddable":true,"href":"https:\/\/nbg.eu\/de\/wp-json\/wp\/v2\/product_brand?post=755452"},{"taxonomy":"product_cat","embeddable":true,"href":"https:\/\/nbg.eu\/de\/wp-json\/wp\/v2\/product_cat?post=755452"},{"taxonomy":"product_tag","embeddable":true,"href":"https:\/\/nbg.eu\/de\/wp-json\/wp\/v2\/product_tag?post=755452"}],"curies":[{"name":"wp","href":"https:\/\/api.w.org\/{rel}","templated":true}]}}