{"id":755567,"date":"2026-05-13T13:36:43","date_gmt":"2026-05-13T10:36:43","guid":{"rendered":"https:\/\/nbg.eu\/product\/magazin-lancer-l5-awm-223-rem-transluzent\/"},"modified":"2026-05-13T14:50:33","modified_gmt":"2026-05-13T11:50:33","slug":"magazin-lancer-l5-awm-223-rem-transluzent","status":"publish","type":"product","link":"https:\/\/nbg.eu\/de\/produkt\/magazin-lancer-l5-awm-223-rem-transluzent\/","title":{"rendered":"Magazin Lancer L5 AWM .223 Rem &#8211; Transluzent"},"content":{"rendered":"<h2>Magazin Lancer L5 AWM .223 Rem &#8211; Transluzent<\/h2>\n<p>Das Lancer L5 Advanced Warfighter Magazine (AWM) kombiniert geh\u00e4rtete Stahl-Feed-Lippen-Eins\u00e4tze mit einem glasfaserverst\u00e4rkten Polymerkorpus &#8211; Stahlmagazin-Robustheit bei Polymergewicht und -korrosionsbest\u00e4ndigkeit. Das L5 AWM ist der Goldstandard unter den AR-15-Magazinen.<\/p>\n<h3>Hauptmerkmale<\/h3>\n<ul>\n<li>Geh\u00e4rtete Stahl-Feed-Lippen f\u00fcr un\u00fcbertroffene Haltbarkeit<\/li>\n<li>Transparenter Korpus f\u00fcr visuelle Schusskontrolle<\/li>\n<li>Glasfaserverst\u00e4rkter Polymerkorpus (transluzent)<\/li>\n<li>Anti-Tilt-Follower mit selbstschmierender Oberfl\u00e4che<\/li>\n<li>Mil-spec kompatibel mit allen AR-15 Lowers<\/li>\n<\/ul>\n<h3>Technische Daten<\/h3>\n<table>\n<tr>\n<td><strong>Kaliber<\/strong><\/td>\n<td>.223 Rem \/ 5.56 NATO<\/td>\n<\/tr>\n<tr>\n<td><strong>Farbe<\/strong><\/td>\n<td>Transluzent<\/td>\n<\/tr>\n<tr>\n<td><strong>Material<\/strong><\/td>\n<td>Stahl-Feed-Lippen + Polymerkorpus<\/td>\n<\/tr>\n<tr>\n<td><strong>Hersteller<\/strong><\/td>\n<td>Lancer Systems (USA)<\/td>\n<\/tr>\n<\/table>\n","protected":false},"excerpt":{"rendered":"<p>Lancer L5 Advanced Warfighter Magazine f\u00fcr AR-15 in .223 Rem \/ 5.56 NATO. Transluzenter opaker Korpus mit geh\u00e4rteten Stahlfeed-Lippen.<\/p>\n","protected":false},"featured_media":756135,"template":"","meta":{"_acf_changed":false},"product_brand":[],"product_cat":[12107,12114,12060],"product_tag":[],"class_list":{"0":"post-755567","1":"product","2":"type-product","3":"status-publish","4":"has-post-thumbnail","6":"product_cat-gewehr","7":"product_cat-gewehrmagazine","8":"product_cat-lizenziert","10":"first","11":"instock","12":"taxable","13":"shipping-taxable","14":"product-type-simple"},"acf":[],"_links":{"self":[{"href":"https:\/\/nbg.eu\/de\/wp-json\/wp\/v2\/product\/755567","targetHints":{"allow":["GET"]}}],"collection":[{"href":"https:\/\/nbg.eu\/de\/wp-json\/wp\/v2\/product"}],"about":[{"href":"https:\/\/nbg.eu\/de\/wp-json\/wp\/v2\/types\/product"}],"wp:featuredmedia":[{"embeddable":true,"href":"https:\/\/nbg.eu\/de\/wp-json\/wp\/v2\/media\/756135"}],"wp:attachment":[{"href":"https:\/\/nbg.eu\/de\/wp-json\/wp\/v2\/media?parent=755567"}],"wp:term":[{"taxonomy":"product_brand","embeddable":true,"href":"https:\/\/nbg.eu\/de\/wp-json\/wp\/v2\/product_brand?post=755567"},{"taxonomy":"product_cat","embeddable":true,"href":"https:\/\/nbg.eu\/de\/wp-json\/wp\/v2\/product_cat?post=755567"},{"taxonomy":"product_tag","embeddable":true,"href":"https:\/\/nbg.eu\/de\/wp-json\/wp\/v2\/product_tag?post=755567"}],"curies":[{"name":"wp","href":"https:\/\/api.w.org\/{rel}","templated":true}]}}