{"id":755613,"date":"2026-05-13T13:36:46","date_gmt":"2026-05-13T10:36:46","guid":{"rendered":"https:\/\/nbg.eu\/product\/contessa-picatinny-schiene-howa-1500-long-action\/"},"modified":"2026-05-13T14:51:01","modified_gmt":"2026-05-13T11:51:01","slug":"contessa-picatinny-schiene-howa-1500-long-action","status":"publish","type":"product","link":"https:\/\/nbg.eu\/de\/produkt\/contessa-picatinny-schiene-howa-1500-long-action\/","title":{"rendered":"Contessa Picatinny-Schiene Howa 1500 Long Action"},"content":{"rendered":"<h2>Contessa Picatinny-Schiene Howa 1500 Long Action<\/h2>\n<p>Pr\u00e4zisionsgefr\u00e4ste Picatinny-Schiene von Contessa (Italien), speziell f\u00fcr die Howa 1500 Long Action H\u00fclse konstruiert. Aus CNC-bearbeitetem Stahl mit harter schwarzer Beschichtung; stabile Plattform f\u00fcr die Montage von Zielfernrohren und Zubeh\u00f6r.<\/p>\n<h3>Hauptmerkmale<\/h3>\n<ul>\n<li>Passt zu Howa 1500 Long Action<\/li>\n<li>MIL-STD 1913 Picatinny-Profil<\/li>\n<li>CNC-bearbeitete Stahlkonstruktion<\/li>\n<li>Harte schwarze Beschichtung<\/li>\n<li>Italienische Handwerkskunst Contessa<\/li>\n<\/ul>\n<h3>Technische Daten<\/h3>\n<table>\n<tr>\n<td><strong>Passt zu<\/strong><\/td>\n<td>Howa 1500 Long Action<\/td>\n<\/tr>\n<tr>\n<td><strong>Standard<\/strong><\/td>\n<td>MIL-STD 1913 Picatinny<\/td>\n<\/tr>\n<tr>\n<td><strong>Material<\/strong><\/td>\n<td>Stahl, harte schwarze Beschichtung<\/td>\n<\/tr>\n<tr>\n<td><strong>Hersteller<\/strong><\/td>\n<td>Contessa (Italien)<\/td>\n<\/tr>\n<\/table>\n","protected":false},"excerpt":{"rendered":"<p>Italienische Contessa Picatinny-Zielfernrohrschiene f\u00fcr Howa 1500 Long Action Repetierb\u00fcchsen. Pr\u00e4zisionsgefr\u00e4ster Stahl.<\/p>\n","protected":false},"featured_media":756279,"template":"","meta":{"_acf_changed":false},"product_brand":[],"product_cat":[12084,15811,12121],"product_tag":[],"class_list":{"0":"post-755613","1":"product","2":"type-product","3":"status-publish","4":"has-post-thumbnail","6":"product_cat-montagen","7":"product_cat-picatinny-rails-de","8":"product_cat-schienen","10":"first","11":"instock","12":"taxable","13":"shipping-taxable","14":"purchasable","15":"product-type-simple"},"acf":[],"_links":{"self":[{"href":"https:\/\/nbg.eu\/de\/wp-json\/wp\/v2\/product\/755613","targetHints":{"allow":["GET"]}}],"collection":[{"href":"https:\/\/nbg.eu\/de\/wp-json\/wp\/v2\/product"}],"about":[{"href":"https:\/\/nbg.eu\/de\/wp-json\/wp\/v2\/types\/product"}],"wp:featuredmedia":[{"embeddable":true,"href":"https:\/\/nbg.eu\/de\/wp-json\/wp\/v2\/media\/756279"}],"wp:attachment":[{"href":"https:\/\/nbg.eu\/de\/wp-json\/wp\/v2\/media?parent=755613"}],"wp:term":[{"taxonomy":"product_brand","embeddable":true,"href":"https:\/\/nbg.eu\/de\/wp-json\/wp\/v2\/product_brand?post=755613"},{"taxonomy":"product_cat","embeddable":true,"href":"https:\/\/nbg.eu\/de\/wp-json\/wp\/v2\/product_cat?post=755613"},{"taxonomy":"product_tag","embeddable":true,"href":"https:\/\/nbg.eu\/de\/wp-json\/wp\/v2\/product_tag?post=755613"}],"curies":[{"name":"wp","href":"https:\/\/api.w.org\/{rel}","templated":true}]}}