{"id":755636,"date":"2026-05-13T13:36:47","date_gmt":"2026-05-13T10:36:47","guid":{"rendered":"https:\/\/nbg.eu\/product\/magazin-shield-arms-43x-48-9mm-15-schuss\/"},"modified":"2026-05-13T14:51:14","modified_gmt":"2026-05-13T11:51:14","slug":"magazin-shield-arms-43x-48-9mm-15-schuss","status":"publish","type":"product","link":"https:\/\/nbg.eu\/de\/produkt\/magazin-shield-arms-43x-48-9mm-15-schuss\/","title":{"rendered":"Magazin Shield Arms 43X\/48 9mm 15-Schuss"},"content":{"rendered":"<h2>Magazin Shield Arms 43X\/48 9mm 15-Schuss<\/h2>\n<p>Das Shield Arms S15 Magazin macht aus Glock 43X und Glock 48 statt 10-Schuss-Single-Stack-Pistolen 15-Schuss-Double-Stack-Tragepistolen &#8211; ohne die Griffma\u00dfe zu vergr\u00f6\u00dfern. Aus w\u00e4rmebehandeltem Stahl mit selbstschmierendem Polymerfollower.<\/p>\n<h3>Hauptmerkmale<\/h3>\n<ul>\n<li>15-Schuss-Kapazit\u00e4t im Originalgriff<\/li>\n<li>Korpus aus w\u00e4rmebehandeltem Stahl<\/li>\n<li>Drop-Free-Design<\/li>\n<li>Selbstschmierender Polymerfollower<\/li>\n<li>Empfohlen mit Stahl-Magazinhalter Shield Arms (separat erh\u00e4ltlich)<\/li>\n<\/ul>\n<h3>Technische Daten<\/h3>\n<table>\n<tr>\n<td><strong>Kaliber<\/strong><\/td>\n<td>9mm Luger<\/td>\n<\/tr>\n<tr>\n<td><strong>Kapazit\u00e4t<\/strong><\/td>\n<td>15 Schuss<\/td>\n<\/tr>\n<tr>\n<td><strong>Passt zu<\/strong><\/td>\n<td>Glock 43X \/ Glock 48<\/td>\n<\/tr>\n<tr>\n<td><strong>Material<\/strong><\/td>\n<td>W\u00e4rmebehandelter Stahl<\/td>\n<\/tr>\n<tr>\n<td><strong>Hersteller<\/strong><\/td>\n<td>Shield Arms (USA)<\/td>\n<\/tr>\n<\/table>\n","protected":false},"excerpt":{"rendered":"<p>15-Schuss 9mm Magazin f\u00fcr Glock 43X und Glock 48 von Shield Arms. Stahlkonstruktion, die die Werkskapazit\u00e4t nahezu verdoppelt.<\/p>\n","protected":false},"featured_media":756303,"template":"","meta":{"_acf_changed":false},"product_brand":[],"product_cat":[12060,12077,12053],"product_tag":[],"class_list":{"0":"post-755636","1":"product","2":"type-product","3":"status-publish","4":"has-post-thumbnail","6":"product_cat-lizenziert","7":"product_cat-pistole","8":"product_cat-pistolenteile","10":"first","11":"instock","12":"taxable","13":"shipping-taxable","14":"product-type-simple"},"acf":[],"_links":{"self":[{"href":"https:\/\/nbg.eu\/de\/wp-json\/wp\/v2\/product\/755636","targetHints":{"allow":["GET"]}}],"collection":[{"href":"https:\/\/nbg.eu\/de\/wp-json\/wp\/v2\/product"}],"about":[{"href":"https:\/\/nbg.eu\/de\/wp-json\/wp\/v2\/types\/product"}],"wp:featuredmedia":[{"embeddable":true,"href":"https:\/\/nbg.eu\/de\/wp-json\/wp\/v2\/media\/756303"}],"wp:attachment":[{"href":"https:\/\/nbg.eu\/de\/wp-json\/wp\/v2\/media?parent=755636"}],"wp:term":[{"taxonomy":"product_brand","embeddable":true,"href":"https:\/\/nbg.eu\/de\/wp-json\/wp\/v2\/product_brand?post=755636"},{"taxonomy":"product_cat","embeddable":true,"href":"https:\/\/nbg.eu\/de\/wp-json\/wp\/v2\/product_cat?post=755636"},{"taxonomy":"product_tag","embeddable":true,"href":"https:\/\/nbg.eu\/de\/wp-json\/wp\/v2\/product_tag?post=755636"}],"curies":[{"name":"wp","href":"https:\/\/api.w.org\/{rel}","templated":true}]}}