{"id":83376,"date":"2024-11-01T13:52:15","date_gmt":"2024-11-01T13:52:15","guid":{"rendered":"https:\/\/nbg.eu\/product\/daa-target-bag-classic-ipsc-target\/"},"modified":"2026-01-21T11:38:23","modified_gmt":"2026-01-21T08:38:23","slug":"daa-ziel-tasche-classic-ipsc-scheibe","status":"publish","type":"product","link":"https:\/\/nbg.eu\/de\/produkt\/daa-ziel-tasche-classic-ipsc-scheibe\/","title":{"rendered":"DAA Ziel Tasche, Classic (IPSC) Scheibe"},"content":{"rendered":"<h2>DAA Zielscheibentasche, Klassisch (IPSC)<\/h2>\n<p>Die DAA Zielscheibentasche bietet eine L\u00f6sung f\u00fcr den Transport von Zielscheiben. Diese Tasche f\u00fcr Sch\u00fctzen beinhaltet:<\/p>\n<ul>\n<li>Konstruktion aus D6000 Textil<\/li>\n<li>Hauptfach f\u00fcr \u00fcber 20 klassische IPSC-Zielscheiben in Originalgr\u00f6\u00dfe<\/li>\n<li>Drei spezielle Au\u00dfentaschen:\n<ul>\n<li>Tasche f\u00fcr Speed Patcher Applikator<\/li>\n<li>Tasche f\u00fcr Tacker<\/li>\n<li>Allzwecktasche f\u00fcr Klebeband, Tackerklammern und Werkzeuge<\/li>\n<\/ul>\n<\/li>\n<li>Zwei verstellbare Riemen f\u00fcr Metallzielhaken<\/li>\n<li>Schultergurt und gepolsterter Griff<\/li>\n<\/ul>\n<p>Organisieren Sie Ihre Zielscheiben-Ausr\u00fcstung in einer Tasche. Halten Sie Ihre H\u00e4nde frei f\u00fcr Rangetaschen und Munition.<\/p>\n","protected":false},"excerpt":{"rendered":"<p>DAA-Zielscheibentasche: Organisieren und transportieren Sie IPSC-Zielscheiben mit Leichtigkeit.<\/p>\n","protected":false},"featured_media":76229,"template":"","meta":{"_acf_changed":false},"product_brand":[11263],"product_cat":[12115,12047],"product_tag":[],"class_list":{"0":"post-83376","1":"product","2":"type-product","3":"status-publish","4":"has-post-thumbnail","6":"product_brand-doublealpha","7":"product_cat-ausruestung","8":"product_cat-rangetaschen","10":"first","11":"outofstock","12":"taxable","13":"shipping-taxable","14":"purchasable","15":"product-type-simple"},"acf":[],"_links":{"self":[{"href":"https:\/\/nbg.eu\/de\/wp-json\/wp\/v2\/product\/83376","targetHints":{"allow":["GET"]}}],"collection":[{"href":"https:\/\/nbg.eu\/de\/wp-json\/wp\/v2\/product"}],"about":[{"href":"https:\/\/nbg.eu\/de\/wp-json\/wp\/v2\/types\/product"}],"wp:featuredmedia":[{"embeddable":true,"href":"https:\/\/nbg.eu\/de\/wp-json\/wp\/v2\/media\/76229"}],"wp:attachment":[{"href":"https:\/\/nbg.eu\/de\/wp-json\/wp\/v2\/media?parent=83376"}],"wp:term":[{"taxonomy":"product_brand","embeddable":true,"href":"https:\/\/nbg.eu\/de\/wp-json\/wp\/v2\/product_brand?post=83376"},{"taxonomy":"product_cat","embeddable":true,"href":"https:\/\/nbg.eu\/de\/wp-json\/wp\/v2\/product_cat?post=83376"},{"taxonomy":"product_tag","embeddable":true,"href":"https:\/\/nbg.eu\/de\/wp-json\/wp\/v2\/product_tag?post=83376"}],"curies":[{"name":"wp","href":"https:\/\/api.w.org\/{rel}","templated":true}]}}