{"id":83398,"date":"2024-11-05T08:15:55","date_gmt":"2024-11-05T08:15:55","guid":{"rendered":"https:\/\/nbg.eu\/product\/tinck-arms-semi-automatic-carbine-perun-x17-16\/"},"modified":"2026-01-21T12:15:03","modified_gmt":"2026-01-21T09:15:03","slug":"tinck-arms-halbautomatischer-karabiner-perun-x17-16","status":"publish","type":"product","link":"https:\/\/nbg.eu\/de\/produkt\/tinck-arms-halbautomatischer-karabiner-perun-x17-16\/","title":{"rendered":"Tinck Arms Halbautomatischer Karabiner Perun X17 &#8211; 16&#8243;"},"content":{"rendered":"<div class=\"product-description\">\n<h2>Tinck Arms Perun X17 &#8211; 16&#8243; Halbautomatisches Gewehr<\/h2>\n<p>Der Perun X17 baut auf dem AR10-System auf und enth\u00e4lt neue Funktionen und ein patentiertes Betriebssystem f\u00fcr verbesserte Zuverl\u00e4ssigkeit und Wartung.<\/p>\n<h2>Hauptmerkmale:<\/h2>\n<ul>\n<li>Balance und Handhabung f\u00fcr verbesserte Genauigkeit bei Schnellfeuer<\/li>\n<li>Ruhiges Schie\u00dferlebnis<\/li>\n<li>Hohe Modularit\u00e4t und Kompatibilit\u00e4t mit AR10-Plattformteilen<\/li>\n<li>Beidseitige Bedienelemente<\/li>\n<li>Klappschaft-Option f\u00fcr erh\u00f6hte Mobilit\u00e4t<\/li>\n<\/ul>\n<h2>Technische Spezifikationen:<\/h2>\n<table>\n<tr>\n<td>Kaliber:<\/td>\n<td>7,62 x 51mm .308Win, 6,5 Creedmoor<\/td>\n<\/tr>\n<tr>\n<td>Betriebssystem:<\/td>\n<td>Verriegelter rotierender Verschluss Hybrid DI &amp; Kurzhub<\/td>\n<\/tr>\n<tr>\n<td>Funktionsweise:<\/td>\n<td>Halbautomatisch<\/td>\n<\/tr>\n<tr>\n<td>L\u00e4nge (min\/max):<\/td>\n<td>605mm \/ 1040mm<\/td>\n<\/tr>\n<tr>\n<td>Breite:<\/td>\n<td>56mm (64mm gesamt mit Ladehebel)<\/td>\n<\/tr>\n<tr>\n<td>H\u00f6he:<\/td>\n<td>210mm (mit 10-Schuss-Magazin)<\/td>\n<\/tr>\n<tr>\n<td>Laufl\u00e4nge:<\/td>\n<td>16&#8243; (Standard AR10 kompatibel)<\/td>\n<\/tr>\n<tr>\n<td>Drallrate:<\/td>\n<td>1:12<\/td>\n<\/tr>\n<tr>\n<td>Gewicht:<\/td>\n<td>3,7kg (mit 20-Schuss-Magazin)<\/td>\n<\/tr>\n<tr>\n<td>Visierung:<\/td>\n<td>Klappbare Notvisierung (sekund\u00e4r)<\/td>\n<\/tr>\n<tr>\n<td>Visierl\u00e4nge:<\/td>\n<td>300mm, 340mm<\/td>\n<\/tr>\n<tr>\n<td>Schalld\u00e4mpferanschluss:<\/td>\n<td>5\/8 x 24 Gewinde im M\u00fcndungsfeuerd\u00e4mpfer integriert<\/td>\n<\/tr>\n<tr>\n<td>M\u00fcndungsvorrichtung:<\/td>\n<td>3-Kammer-M\u00fcndungsfeuerd\u00e4mpfer<\/td>\n<\/tr>\n<tr>\n<td>NAR-Schienen:<\/td>\n<td>1+3<\/td>\n<\/tr>\n<tr>\n<td>Ladehebel:<\/td>\n<td>Nicht mitlaufend<\/td>\n<\/tr>\n<tr>\n<td>Magazinkapazit\u00e4t:<\/td>\n<td>10, 20, 25 Schuss (Polymer)<\/td>\n<\/tr>\n<tr>\n<td>Schaftoptionen:<\/td>\n<td>Masada Klappschaft, AR-15 Pufferrohr mit MFT-Schaft<\/td>\n<\/tr>\n<\/table>\n<p>\n","protected":false},"excerpt":{"rendered":"<p>Vielseitiges, zuverl\u00e4ssiges 7,62x51mm Karabiner mit 41 cm Lauf. Sanft schie\u00dfende, modulare AR10-Plattform.<\/p>\n","protected":false},"featured_media":77485,"template":"","meta":{"_acf_changed":false},"product_brand":[11912],"product_cat":[16196,12107,12039,12060,15809],"product_tag":[],"class_list":{"0":"post-83398","1":"product","2":"type-product","3":"status-publish","4":"has-post-thumbnail","6":"product_brand-tinck-arms","7":"product_cat-ar-15-rifles-de","8":"product_cat-gewehr","9":"product_cat-karabiner","10":"product_cat-lizenziert","11":"product_cat-semi-automatic-rifles-de","13":"first","14":"instock","15":"taxable","16":"shipping-taxable","17":"product-type-simple"},"acf":[],"_links":{"self":[{"href":"https:\/\/nbg.eu\/de\/wp-json\/wp\/v2\/product\/83398","targetHints":{"allow":["GET"]}}],"collection":[{"href":"https:\/\/nbg.eu\/de\/wp-json\/wp\/v2\/product"}],"about":[{"href":"https:\/\/nbg.eu\/de\/wp-json\/wp\/v2\/types\/product"}],"wp:featuredmedia":[{"embeddable":true,"href":"https:\/\/nbg.eu\/de\/wp-json\/wp\/v2\/media\/77485"}],"wp:attachment":[{"href":"https:\/\/nbg.eu\/de\/wp-json\/wp\/v2\/media?parent=83398"}],"wp:term":[{"taxonomy":"product_brand","embeddable":true,"href":"https:\/\/nbg.eu\/de\/wp-json\/wp\/v2\/product_brand?post=83398"},{"taxonomy":"product_cat","embeddable":true,"href":"https:\/\/nbg.eu\/de\/wp-json\/wp\/v2\/product_cat?post=83398"},{"taxonomy":"product_tag","embeddable":true,"href":"https:\/\/nbg.eu\/de\/wp-json\/wp\/v2\/product_tag?post=83398"}],"curies":[{"name":"wp","href":"https:\/\/api.w.org\/{rel}","templated":true}]}}