{"id":48973,"date":"2024-07-29T21:46:44","date_gmt":"2024-07-29T18:46:44","guid":{"rendered":"https:\/\/nbg.eu\/product\/horizontal-ten-speed-single-m4-mag-pouch\/"},"modified":"2026-01-21T12:05:16","modified_gmt":"2026-01-21T09:05:16","slug":"orizondia-thiki-gemistras-m4-monis-ten-speed","status":"publish","type":"product","link":"https:\/\/nbg.eu\/el\/product\/orizondia-thiki-gemistras-m4-monis-ten-speed\/","title":{"rendered":"Orizondi\u00e1 Th\u00edki G\u00e9mistr\u00e1s M4 Mon\u00eds Ten-Speed\u00ae"},"content":{"rendered":"<h2>\u039f\u03c1\u03b9\u03b6\u03cc\u03bd\u03c4\u03b9\u03b1 \u0398\u03ae\u03ba\u03b7 \u0393\u03b5\u03bc\u03b9\u03c3\u03c4\u03ae\u03c1\u03b1 Ten-Speed\u00ae Single M4<\/h2>\n<p>\u0397 \u03bf\u03c1\u03b9\u03b6\u03cc\u03bd\u03c4\u03b9\u03b1 \u03b8\u03ae\u03ba\u03b7 \u03b3\u03b5\u03bc\u03b9\u03c3\u03c4\u03ae\u03c1\u03b1 Ten-Speed\u00ae M4 \u03c0\u03c1\u03bf\u03c3\u03c6\u03ad\u03c1\u03b5\u03b9 \u03bc\u03b9\u03b1 \u03bb\u03cd\u03c3\u03b7 \u03b3\u03b9\u03b1 \u03c4\u03b7 \u03bc\u03b5\u03c4\u03b1\u03c6\u03bf\u03c1\u03ac \u03c0\u03c5\u03c1\u03bf\u03bc\u03b1\u03c7\u03b9\u03ba\u03ce\u03bd. \u039a\u03b1\u03c4\u03b1\u03c3\u03ba\u03b5\u03c5\u03b1\u03c3\u03bc\u03ad\u03bd\u03b7 \u03b1\u03c0\u03cc \u03b5\u03bb\u03b1\u03c3\u03c4\u03b9\u03ba\u03cc \u03c5\u03bb\u03b9\u03ba\u03cc \u03c3\u03c4\u03c1\u03b1\u03c4\u03b9\u03c9\u03c4\u03b9\u03ba\u03ce\u03bd \u03c0\u03c1\u03bf\u03b4\u03b9\u03b1\u03b3\u03c1\u03b1\u03c6\u03ce\u03bd, \u03b1\u03c5\u03c4\u03ae \u03b7 \u03b8\u03ae\u03ba\u03b7 \u03b5\u03af\u03bd\u03b1\u03b9 \u03c3\u03c7\u03b5\u03b4\u03b9\u03b1\u03c3\u03bc\u03ad\u03bd\u03b7 \u03bd\u03b1 \u03c0\u03c1\u03bf\u03c3\u03b1\u03c1\u03bc\u03cc\u03b6\u03b5\u03c4\u03b1\u03b9 \u03c3\u03b5 \u03b1\u03c7\u03c1\u03b7\u03c3\u03b9\u03bc\u03bf\u03c0\u03bf\u03af\u03b7\u03c4\u03b1 \u03c4\u03bc\u03ae\u03bc\u03b1\u03c4\u03b1 MOLLE \u03c3\u03b5 \u03b3\u03b9\u03bb\u03ad\u03ba\u03b1, \u03b1\u03bb\u03b5\u03be\u03af\u03c3\u03c6\u03b1\u03b9\u03c1\u03b1 \u03ae \u03b6\u03ce\u03bd\u03b5\u03c2.<\/p>\n<ul>\n<li>\u03a3\u03c5\u03bc\u03b2\u03b1\u03c4\u03ae \u03bc\u03b5 \u03b3\u03b5\u03bc\u03b9\u03c3\u03c4\u03ae\u03c1\u03b5\u03c2 30 \u03c6\u03c5\u03c3\u03b9\u03b3\u03b3\u03af\u03c9\u03bd STANAG M4 \u03ba\u03b1\u03b9 \u03c4\u03bf\u03c5\u03c2 \u03c0\u03b5\u03c1\u03b9\u03c3\u03c3\u03cc\u03c4\u03b5\u03c1\u03bf\u03c5\u03c2 \u03b3\u03b5\u03bc\u03b9\u03c3\u03c4\u03ae\u03c1\u03b5\u03c2 5.56<\/li>\n<li>\u0394\u03ad\u03c7\u03b5\u03c4\u03b1\u03b9 \u03bc\u03b5\u03b3\u03b1\u03bb\u03cd\u03c4\u03b5\u03c1\u03bf\u03c5\u03c2 \u03b3\u03b5\u03bc\u03b9\u03c3\u03c4\u03ae\u03c1\u03b5\u03c2 SMG (UMP, CZ Scorpion, P90) \u03ba\u03b1\u03b9 \u03bc\u03b5\u03c1\u03b9\u03ba\u03bf\u03cd\u03c2 \u03b3\u03b5\u03bc\u03b9\u03c3\u03c4\u03ae\u03c1\u03b5\u03c2 AK-74<\/li>\n<li>\u0395\u03c5\u03ad\u03bb\u03b9\u03ba\u03c4\u03b5\u03c2 \u03b5\u03c0\u03b9\u03bb\u03bf\u03b3\u03ad\u03c2 \u03b1\u03c0\u03bf\u03b8\u03ae\u03ba\u03b5\u03c5\u03c3\u03b7\u03c2: \u03c3\u03c6\u03b1\u03af\u03c1\u03b5\u03c2 \u03c0\u03c1\u03bf\u03c2 \u03c4\u03b1 \u03c0\u03ac\u03bd\u03c9\/\u03ba\u03ac\u03c4\u03c9, \u03bc\u03c0\u03c1\u03bf\u03c3\u03c4\u03ac\/\u03c0\u03af\u03c3\u03c9<\/li>\n<li>\u0394\u03b9\u03b1\u03b8\u03ad\u03c3\u03b9\u03bc\u03b7 \u03c3\u03b5 \u03b5\u03ba\u03b4\u03cc\u03c3\u03b5\u03b9\u03c2 \u03c3\u03c5\u03bc\u03b2\u03b1\u03c4\u03ad\u03c2 \u03bc\u03b5 MOLLE Helium Whisper \u03ba\u03b1\u03b9 \u03b3\u03b9\u03b1 \u03c4\u03bf\u03c0\u03bf\u03b8\u03ad\u03c4\u03b7\u03c3\u03b7 \u03c3\u03b5 \u03b6\u03ce\u03bd\u03b7<\/li>\n<li>\u0397 \u03ad\u03ba\u03b4\u03bf\u03c3\u03b7 \u03b3\u03b9\u03b1 \u03b6\u03ce\u03bd\u03b7 \u03c4\u03b1\u03b9\u03c1\u03b9\u03ac\u03b6\u03b5\u03b9 \u03c3\u03b5 \u03b6\u03ce\u03bd\u03b5\u03c2 \u03c0\u03bb\u03ac\u03c4\u03bf\u03c5\u03c2 \u03ad\u03c9\u03c2 5 \u03b5\u03ba. \u03bc\u03b5 \u03c1\u03c5\u03b8\u03bc\u03b9\u03b6\u03cc\u03bc\u03b5\u03bd\u03b5\u03c2 \u03b2\u03ac\u03c3\u03b5\u03b9\u03c2 hook \u03ba\u03b1\u03b9 loop<\/li>\n<\/ul>\n<p>\u0397 \u03bf\u03c1\u03b9\u03b6\u03cc\u03bd\u03c4\u03b9\u03b1 \u03b8\u03ae\u03ba\u03b7 \u03b3\u03b5\u03bc\u03b9\u03c3\u03c4\u03ae\u03c1\u03b1 Ten-Speed\u00ae Single M4 \u03c0\u03c1\u03bf\u03c3\u03c6\u03ad\u03c1\u03b5\u03b9 \u03bc\u03b9\u03b1 \u03bb\u03cd\u03c3\u03b7 \u03b3\u03b9\u03b1 \u03b1\u03c0\u03bf\u03c4\u03b5\u03bb\u03b5\u03c3\u03bc\u03b1\u03c4\u03b9\u03ba\u03ae \u03b4\u03b9\u03b1\u03c7\u03b5\u03af\u03c1\u03b9\u03c3\u03b7 \u03c0\u03c5\u03c1\u03bf\u03bc\u03b1\u03c7\u03b9\u03ba\u03ce\u03bd.<\/p>\n","protected":false},"excerpt":{"rendered":"<p>\u0395\u03c5\u03ad\u03bb\u03b9\u03ba\u03c4\u03b7 \u03bf\u03c1\u03b9\u03b6\u03cc\u03bd\u03c4\u03b9\u03b1 \u03b8\u03ae\u03ba\u03b7 \u03b3\u03b9\u03b1 \u03b3\u03b5\u03bc\u03b9\u03c3\u03c4\u03ae\u03c1\u03b5\u03c2 M4\/5.56. \u03a3\u03c4\u03ae\u03c1\u03b9\u03be\u03b7 \u03c3\u03b5 \u03c3\u03cd\u03c3\u03c4\u03b7\u03bc\u03b1 MOLLE \u03ae \u03b6\u03ce\u03bd\u03b7.<\/p>\n","protected":false},"featured_media":48980,"template":"","meta":{"_acf_changed":false},"product_brand":[11130],"product_cat":[12889,12879,12872],"product_tag":[],"class_list":{"0":"post-48973","1":"product","2":"type-product","3":"status-publish","4":"has-post-thumbnail","6":"product_brand-blue-force-gear","7":"product_cat-exoplismos","8":"product_cat-sakoulia","9":"product_cat-thikes-geministiron","11":"first","12":"instock","13":"taxable","14":"shipping-taxable","15":"purchasable","16":"product-type-simple"},"acf":[],"_links":{"self":[{"href":"https:\/\/nbg.eu\/el\/wp-json\/wp\/v2\/product\/48973","targetHints":{"allow":["GET"]}}],"collection":[{"href":"https:\/\/nbg.eu\/el\/wp-json\/wp\/v2\/product"}],"about":[{"href":"https:\/\/nbg.eu\/el\/wp-json\/wp\/v2\/types\/product"}],"wp:featuredmedia":[{"embeddable":true,"href":"https:\/\/nbg.eu\/el\/wp-json\/wp\/v2\/media\/48980"}],"wp:attachment":[{"href":"https:\/\/nbg.eu\/el\/wp-json\/wp\/v2\/media?parent=48973"}],"wp:term":[{"taxonomy":"product_brand","embeddable":true,"href":"https:\/\/nbg.eu\/el\/wp-json\/wp\/v2\/product_brand?post=48973"},{"taxonomy":"product_cat","embeddable":true,"href":"https:\/\/nbg.eu\/el\/wp-json\/wp\/v2\/product_cat?post=48973"},{"taxonomy":"product_tag","embeddable":true,"href":"https:\/\/nbg.eu\/el\/wp-json\/wp\/v2\/product_tag?post=48973"}],"curies":[{"name":"wp","href":"https:\/\/api.w.org\/{rel}","templated":true}]}}