{"id":131351,"date":"2024-11-02T06:45:52","date_gmt":"2024-11-02T06:45:52","guid":{"rendered":"https:\/\/nbg.eu\/product\/sprinco-usa-spring-kit-xp-buffer-spring-enhanced-4coil-bolt-extractor-spring\/"},"modified":"2026-01-21T12:05:17","modified_gmt":"2026-01-21T09:05:17","slug":"sprinco-usa-spring-kit-xp-buffer-spring-enhanced-4coil-bolt-extractor-spring","status":"publish","type":"product","link":"https:\/\/nbg.eu\/es\/producto\/sprinco-usa-spring-kit-xp-buffer-spring-enhanced-4coil-bolt-extractor-spring\/","title":{"rendered":"SPRINCO USA Spring Kit-XP Buffer Spring &amp; Enhanced 4Coil Bolt Extractor Spring"},"content":{"rendered":"<div class=\"product-description\">\n<h2>Kit de resortes SPRINCO USA &#8211; Resorte de amortiguador XP y resorte extractor de cerrojo de 4 espiras mejorado<\/h2>\n<p>El kit de resortes SPRINCO USA incluye:<\/p>\n<ul>\n<li>Resorte de amortiguador de potencia extra (Rojo)<\/li>\n<li>Resorte extractor de cerrojo de 4 espiras mejorado<\/li>\n<\/ul>\n<p>Dise\u00f1ado en 2006 para un equipo de modernizaci\u00f3n de fuerzas, este kit aborda problemas de fiabilidad del fusil M4 en entornos dif\u00edciles. El resorte rojo ofrece aproximadamente 25% m\u00e1s carga de dise\u00f1o comparado con el resorte blanco, siendo adecuado para:<\/p>\n<ul>\n<li>9mm, 6.8 SPC, 6.5 Grendel<\/li>\n<li>.450 BM, .450 SOCOM, .500 Beowulf<\/li>\n<li>Carabinas modelo Colt LE6920<\/li>\n<\/ul>\n<p>Nota: El rendimiento puede variar seg\u00fan los valores de puerto y las cargas de munici\u00f3n. Consulte los documentos de procedimiento de ajuste antes de usar.<\/p>\n<\/div>\n","protected":false},"excerpt":{"rendered":"<p>Muelle de amortiguaci\u00f3n AR de alto rendimiento para mayor fiabilidad y potencia.<\/p>\n","protected":false},"featured_media":76521,"template":"","meta":{"_acf_changed":false},"product_brand":[14594],"product_cat":[12229,12247],"product_tag":[],"class_list":{"0":"post-131351","1":"product","2":"type-product","3":"status-publish","4":"has-post-thumbnail","6":"product_brand-sprinco-usa","7":"product_cat-piezas-kmr","8":"product_cat-resortes","10":"first","11":"outofstock","12":"taxable","13":"shipping-taxable","14":"purchasable","15":"product-type-simple"},"acf":[],"_links":{"self":[{"href":"https:\/\/nbg.eu\/es\/wp-json\/wp\/v2\/product\/131351","targetHints":{"allow":["GET"]}}],"collection":[{"href":"https:\/\/nbg.eu\/es\/wp-json\/wp\/v2\/product"}],"about":[{"href":"https:\/\/nbg.eu\/es\/wp-json\/wp\/v2\/types\/product"}],"wp:featuredmedia":[{"embeddable":true,"href":"https:\/\/nbg.eu\/es\/wp-json\/wp\/v2\/media\/76521"}],"wp:attachment":[{"href":"https:\/\/nbg.eu\/es\/wp-json\/wp\/v2\/media?parent=131351"}],"wp:term":[{"taxonomy":"product_brand","embeddable":true,"href":"https:\/\/nbg.eu\/es\/wp-json\/wp\/v2\/product_brand?post=131351"},{"taxonomy":"product_cat","embeddable":true,"href":"https:\/\/nbg.eu\/es\/wp-json\/wp\/v2\/product_cat?post=131351"},{"taxonomy":"product_tag","embeddable":true,"href":"https:\/\/nbg.eu\/es\/wp-json\/wp\/v2\/product_tag?post=131351"}],"curies":[{"name":"wp","href":"https:\/\/api.w.org\/{rel}","templated":true}]}}