{"id":133740,"date":"2024-11-02T08:42:18","date_gmt":"2025-01-08T16:51:02","guid":{"rendered":"https:\/\/nbg.eu\/product\/sprinco-usa-spring-kit-xp-buffer-spring-dual-extractor-spring\/"},"modified":"2026-05-13T16:48:12","modified_gmt":"2026-05-13T13:48:12","slug":"sprinco-usa-kit-de-resortes-xp-resorte-buffer-resorte-extractor-dual","status":"publish","type":"product","link":"https:\/\/nbg.eu\/es\/producto\/sprinco-usa-kit-de-resortes-xp-resorte-buffer-resorte-extractor-dual\/","title":{"rendered":"SPRINCO USA Kit de Resortes-XP Resorte Buffer \/ Resorte Extractor Dual"},"content":{"rendered":"<div class=\"product-description\">\n<h2>Kit de resortes SPRINCO USA &#8211; Resorte de amortiguador XP \/ Resorte extractor doble<\/h2>\n<p>Mejore la confiabilidad de su AR con el resorte de amortiguador de potencia extra de SPRINCO USA. Dise\u00f1ado en 2006 para un equipo de modernizaci\u00f3n de fuerzas, este resorte aborda problemas de funcionamiento del carabina M4 en entornos dif\u00edciles.<\/p>\n<ul>\n<li>25% m\u00e1s de carga de dise\u00f1o en comparaci\u00f3n con el resorte blanco<\/li>\n<li>Adecuado para 9mm, 6.8 SPC, 6.5 Grendel, .450 BM, .450 SOCOM, .500 Beowulf y Colt LE6920<\/li>\n<li>Se incluyen documentos de procedimiento de ajuste para un rendimiento \u00f3ptimo<\/li>\n<\/ul>\n<p>Nota: El rendimiento puede variar seg\u00fan los valores de puerto y las cargas de munici\u00f3n. Consulte la documentaci\u00f3n proporcionada antes de usar.<\/p>\n<\/div>\n","protected":false},"excerpt":{"rendered":"<p>Resorte de buffer AR mejorado para una mayor fiabilidad en entornos desafiantes.<\/p>\n","protected":false},"featured_media":76568,"template":"","meta":{"_acf_changed":false},"product_brand":[14594],"product_cat":[12229,12247],"product_tag":[],"class_list":{"0":"post-133740","1":"product","2":"type-product","3":"status-publish","4":"has-post-thumbnail","6":"product_brand-sprinco-usa","7":"product_cat-piezas-kmr","8":"product_cat-resortes","10":"first","11":"instock","12":"taxable","13":"shipping-taxable","14":"purchasable","15":"product-type-simple"},"acf":[],"_links":{"self":[{"href":"https:\/\/nbg.eu\/es\/wp-json\/wp\/v2\/product\/133740","targetHints":{"allow":["GET"]}}],"collection":[{"href":"https:\/\/nbg.eu\/es\/wp-json\/wp\/v2\/product"}],"about":[{"href":"https:\/\/nbg.eu\/es\/wp-json\/wp\/v2\/types\/product"}],"wp:featuredmedia":[{"embeddable":true,"href":"https:\/\/nbg.eu\/es\/wp-json\/wp\/v2\/media\/76568"}],"wp:attachment":[{"href":"https:\/\/nbg.eu\/es\/wp-json\/wp\/v2\/media?parent=133740"}],"wp:term":[{"taxonomy":"product_brand","embeddable":true,"href":"https:\/\/nbg.eu\/es\/wp-json\/wp\/v2\/product_brand?post=133740"},{"taxonomy":"product_cat","embeddable":true,"href":"https:\/\/nbg.eu\/es\/wp-json\/wp\/v2\/product_cat?post=133740"},{"taxonomy":"product_tag","embeddable":true,"href":"https:\/\/nbg.eu\/es\/wp-json\/wp\/v2\/product_tag?post=133740"}],"curies":[{"name":"wp","href":"https:\/\/api.w.org\/{rel}","templated":true}]}}