{"id":134547,"date":"2024-11-26T13:10:26","date_gmt":"2024-11-26T10:10:26","guid":{"rendered":"https:\/\/nbg.eu\/product\/geissele-ak-braided-spring\/"},"modified":"2026-04-22T11:25:58","modified_gmt":"2026-04-22T08:25:58","slug":"resorte-trenzado-geissele-ak","status":"publish","type":"product","link":"https:\/\/nbg.eu\/es\/producto\/resorte-trenzado-geissele-ak\/","title":{"rendered":"Geissele Muelle Principal Trenzado AK"},"content":{"rendered":"<h2>AK Resorte Trenzado<\/h2>\n<p>El resorte principal trenzado ALG AK es un resorte de repuesto para las plataformas de rifles AK47\/74. Esta opci\u00f3n de reemplazo se fabrica en los Estados Unidos a partir de tres hebras de alambre trenzadas juntas. El dise\u00f1o trenzado proporciona una mayor durabilidad y confiabilidad en comparaci\u00f3n con los resortes principales de AK tradicionales, asegurando un funcionamiento suave y consistente de tu rifle.<\/p>\n<p>Elaborado con materiales de alta calidad, el resorte trenzado AK est\u00e1 dise\u00f1ado para soportar los rigores del uso intensivo y las condiciones adversas. Su robusta construcci\u00f3n ayuda a reducir el riesgo de fallo del resorte, lo que puede provocar disparos fallidos u otras aver\u00edas. Al actualizar el resorte principal de tu AK con este componente confiable, podr\u00e1s disfrutar de un mejor rendimiento y la tranquilidad de saber que tu rifle est\u00e1 funcionando a su m\u00e1ximo nivel.<\/p>\n<p>Ya seas un tirador competitivo o un operador t\u00e1ctico, el resorte trenzado AK es una actualizaci\u00f3n esencial a considerar para tu plataforma AK47\/74. Su dise\u00f1o superior y sus est\u00e1ndares de fabricaci\u00f3n lo convierten en una opci\u00f3n de confianza entre los propietarios de armas de fuego exigentes que demandan el m\u00e1s alto nivel de confiabilidad y rendimiento de su equipo.<\/p>\n","protected":false},"excerpt":{"rendered":"<p>El resorte trenzado AK es un resorte de repuesto trenzado de 3 hebras fabricado en EE. UU. para rifles AK47\/74.<\/p>\n","protected":false},"featured_media":81111,"template":"","meta":{"_acf_changed":false},"product_brand":[11388],"product_cat":[12247],"product_tag":[],"class_list":{"0":"post-134547","1":"product","2":"type-product","3":"status-publish","4":"has-post-thumbnail","6":"product_brand-geissele","7":"product_cat-resortes","9":"first","10":"instock","11":"taxable","12":"shipping-taxable","13":"product-type-simple"},"acf":[],"_links":{"self":[{"href":"https:\/\/nbg.eu\/es\/wp-json\/wp\/v2\/product\/134547","targetHints":{"allow":["GET"]}}],"collection":[{"href":"https:\/\/nbg.eu\/es\/wp-json\/wp\/v2\/product"}],"about":[{"href":"https:\/\/nbg.eu\/es\/wp-json\/wp\/v2\/types\/product"}],"wp:featuredmedia":[{"embeddable":true,"href":"https:\/\/nbg.eu\/es\/wp-json\/wp\/v2\/media\/81111"}],"wp:attachment":[{"href":"https:\/\/nbg.eu\/es\/wp-json\/wp\/v2\/media?parent=134547"}],"wp:term":[{"taxonomy":"product_brand","embeddable":true,"href":"https:\/\/nbg.eu\/es\/wp-json\/wp\/v2\/product_brand?post=134547"},{"taxonomy":"product_cat","embeddable":true,"href":"https:\/\/nbg.eu\/es\/wp-json\/wp\/v2\/product_cat?post=134547"},{"taxonomy":"product_tag","embeddable":true,"href":"https:\/\/nbg.eu\/es\/wp-json\/wp\/v2\/product_tag?post=134547"}],"curies":[{"name":"wp","href":"https:\/\/api.w.org\/{rel}","templated":true}]}}