{"id":176898,"date":"2024-11-01T10:30:55","date_gmt":"2024-11-01T07:30:55","guid":{"rendered":"https:\/\/nbg.eu\/product\/ipsc-mini-cardboard-targets\/"},"modified":"2026-01-21T12:16:48","modified_gmt":"2026-01-21T09:16:48","slug":"ipsc-mini-cardboard-targets","status":"publish","type":"product","link":"https:\/\/nbg.eu\/es\/producto\/ipsc-mini-cardboard-targets\/","title":{"rendered":"IPSC Mini Cardboard Targets"},"content":{"rendered":"<div class=\"product-description\">\n<h2>Blancos de cart\u00f3n IPSC mini &#8211; Paquete de 100<\/h2>\n<p>Blancos de cart\u00f3n IPSC en miniatura 2\/3 (60% del tama\u00f1o). Cada paquete contiene 100 piezas, para sesiones de entrenamiento prolongadas.<\/p>\n<ul>\n<li>L\u00edneas de puntuaci\u00f3n bien marcadas para una puntuaci\u00f3n precisa<\/li>\n<li>Estructura firme para mayor durabilidad<\/li>\n<li>Parte posterior blanca para uso como cobertura dura o blancos de no disparo<\/li>\n<li>Para simular distancias m\u00e1s largas en espacios de tiro limitados<\/li>\n<li>Adecuados para entrenamiento de Airsoft a distancias m\u00e1s cortas<\/li>\n<\/ul>\n<p>Estos blancos resisten m\u00e1s impactos antes de ser reemplazados. El tama\u00f1o m\u00e1s peque\u00f1o permite practicar disparos a larga distancia incluso en campos de tiro compactos, ayudando a prepararse para varios escenarios de tiro.<\/p>\n<p>Entrene con estos blancos de cart\u00f3n IPSC mini.<\/p>\n<\/div>\n","protected":false},"excerpt":{"rendered":"<p>Objetivos de Cart\u00f3n Mini IPSC: Duraderos, vers\u00e1tiles, tama\u00f1o del 60% para una pr\u00e1ctica realista.<\/p>\n","protected":false},"featured_media":75296,"template":"","meta":{"_acf_changed":false},"product_brand":[11277],"product_cat":[12235,12214,12287],"product_tag":[],"class_list":{"0":"post-176898","1":"product","2":"type-product","3":"status-publish","4":"has-post-thumbnail","6":"product_brand-doublealpha","7":"product_cat-blancos","8":"product_cat-blancos-de-papel","9":"product_cat-equipo","11":"first","12":"outofstock","13":"taxable","14":"shipping-taxable","15":"purchasable","16":"product-type-simple"},"acf":[],"_links":{"self":[{"href":"https:\/\/nbg.eu\/es\/wp-json\/wp\/v2\/product\/176898","targetHints":{"allow":["GET"]}}],"collection":[{"href":"https:\/\/nbg.eu\/es\/wp-json\/wp\/v2\/product"}],"about":[{"href":"https:\/\/nbg.eu\/es\/wp-json\/wp\/v2\/types\/product"}],"wp:featuredmedia":[{"embeddable":true,"href":"https:\/\/nbg.eu\/es\/wp-json\/wp\/v2\/media\/75296"}],"wp:attachment":[{"href":"https:\/\/nbg.eu\/es\/wp-json\/wp\/v2\/media?parent=176898"}],"wp:term":[{"taxonomy":"product_brand","embeddable":true,"href":"https:\/\/nbg.eu\/es\/wp-json\/wp\/v2\/product_brand?post=176898"},{"taxonomy":"product_cat","embeddable":true,"href":"https:\/\/nbg.eu\/es\/wp-json\/wp\/v2\/product_cat?post=176898"},{"taxonomy":"product_tag","embeddable":true,"href":"https:\/\/nbg.eu\/es\/wp-json\/wp\/v2\/product_tag?post=176898"}],"curies":[{"name":"wp","href":"https:\/\/api.w.org\/{rel}","templated":true}]}}