{"id":22583,"date":"2024-08-19T20:28:32","date_gmt":"2024-08-19T17:28:32","guid":{"rendered":"https:\/\/nbg.eu\/product\/producto-2\/"},"modified":"2026-04-16T19:08:09","modified_gmt":"2026-04-16T16:08:09","slug":"pin-de-resorte-para-tope-de-corredera-kmr","status":"publish","type":"product","link":"https:\/\/nbg.eu\/es\/producto\/pin-de-resorte-para-tope-de-corredera-kmr\/","title":{"rendered":"KMR Pasador del Muelle de Retenida"},"content":{"rendered":"<h2>Perno de resorte del seguro deslizante KMR<\/h2>\n<p>Mejore la funcionalidad y la confiabilidad de su arma de fuego con el Perno de resorte del seguro deslizante KMR. Este componente de ingenier\u00eda de precisi\u00f3n est\u00e1 dise\u00f1ado para sujetar de manera segura el seguro deslizante en su lugar, asegurando un funcionamiento suave y consistente de su arma. Fabricado con materiales de alta calidad, el Perno de resorte del seguro deslizante KMR est\u00e1 dise\u00f1ado para resistir los rigores del uso regular y los entornos adversos.<\/p>\n<p>Con un dise\u00f1o de resorte duradero, el Perno de resorte del seguro deslizante KMR proporciona un rendimiento confiable y un ajuste seguro, evitando el movimiento o el desenganche no deseado del seguro deslizante. Su tama\u00f1o compacto y su integraci\u00f3n sin fisuras lo convierten en un accesorio esencial para el mantenimiento y la actualizaci\u00f3n de su arma de fuego.<\/p>\n<p>Ya sea que usted sea un tirador experimentado o un entusiasta de las armas de fuego, el Perno de resorte del seguro deslizante KMR es un accesorio imprescindible para mantener el rendimiento \u00f3ptimo de su arma. Actualice su arma de fuego con este componente confiable y de f\u00e1cil uso, y experimente la diferencia en su experiencia de tiro.<\/p>\n","protected":false},"excerpt":{"rendered":"<p>Confiable pasador de retenci\u00f3n de corredera accionado por resorte para un acoplamiento seguro de KMR.<\/p>\n","protected":false},"featured_media":60781,"template":"","meta":{"_acf_changed":false},"product_brand":[11503],"product_cat":[12229,12247],"product_tag":[],"class_list":{"0":"post-22583","1":"product","2":"type-product","3":"status-publish","4":"has-post-thumbnail","6":"product_brand-kmr-precision","7":"product_cat-piezas-kmr","8":"product_cat-resortes","10":"first","11":"instock","12":"taxable","13":"shipping-taxable","14":"product-type-simple"},"acf":[],"_links":{"self":[{"href":"https:\/\/nbg.eu\/es\/wp-json\/wp\/v2\/product\/22583","targetHints":{"allow":["GET"]}}],"collection":[{"href":"https:\/\/nbg.eu\/es\/wp-json\/wp\/v2\/product"}],"about":[{"href":"https:\/\/nbg.eu\/es\/wp-json\/wp\/v2\/types\/product"}],"wp:featuredmedia":[{"embeddable":true,"href":"https:\/\/nbg.eu\/es\/wp-json\/wp\/v2\/media\/60781"}],"wp:attachment":[{"href":"https:\/\/nbg.eu\/es\/wp-json\/wp\/v2\/media?parent=22583"}],"wp:term":[{"taxonomy":"product_brand","embeddable":true,"href":"https:\/\/nbg.eu\/es\/wp-json\/wp\/v2\/product_brand?post=22583"},{"taxonomy":"product_cat","embeddable":true,"href":"https:\/\/nbg.eu\/es\/wp-json\/wp\/v2\/product_cat?post=22583"},{"taxonomy":"product_tag","embeddable":true,"href":"https:\/\/nbg.eu\/es\/wp-json\/wp\/v2\/product_tag?post=22583"}],"curies":[{"name":"wp","href":"https:\/\/api.w.org\/{rel}","templated":true}]}}