{"id":275167,"date":"2025-03-03T12:58:09","date_gmt":"2025-03-03T12:58:09","guid":{"rendered":"https:\/\/nbg.eu\/product\/bore-tech-extreme-grease-hd-10ml\/"},"modified":"2026-01-21T11:38:40","modified_gmt":"2026-01-21T08:38:40","slug":"bore-tech-grasa-extrema-hd-10ml","status":"publish","type":"product","link":"https:\/\/nbg.eu\/es\/producto\/bore-tech-grasa-extrema-hd-10ml\/","title":{"rendered":"Bore Tech GRASA EXTREMA HD 10ml"},"content":{"rendered":"<h2>Bore Tech EXTREME GREASE HD 10ml<\/h2>\n<p>Grasa para armas de fuego Bore Tech EXTREME GREASE HD. Esta mezcla sint\u00e9tica de triple base est\u00e1 formulada para el funcionamiento de armas de fuego.<\/p>\n<ul>\n<li>Rango de temperatura operativa: -65\u00b0C a +371\u00b0C<\/li>\n<li>Rango de temperatura extendido: hasta 1093\u00b0C<\/li>\n<li>F\u00f3rmula que no se endurece ni escurre<\/li>\n<li>Lubricaci\u00f3n y prevenci\u00f3n de desgaste<\/li>\n<li>Coeficiente de fricci\u00f3n m\u00e1s bajo que otros productos<\/li>\n<li>Inhibidores de \u00f3xido mejorados<\/li>\n<li>Lubricantes de temperatura nano-cer\u00e1micos<\/li>\n<\/ul>\n<p>Para usar en tetones de cierre, rieles de armaz\u00f3n, pasadores de bisagra y mecanismos de leva. Asegura un funcionamiento suave, mayor vida \u00fatil de las piezas y rendimiento en condiciones extremas.<\/p>\n<p>Tubo de pl\u00e1stico de 10cc con punta dispensadora y tapa de rosca para f\u00e1cil aplicaci\u00f3n.<\/p>\n","protected":false},"excerpt":{"rendered":"<p>Grasa sint\u00e9tica ultra pegajosa para armas de fuego, dise\u00f1ada para condiciones extremas (-65\u00b0C a 371\u00b0C)<\/p>\n","protected":false},"featured_media":235485,"template":"","meta":{"_acf_changed":false},"product_brand":[11163],"product_cat":[12221,12234],"product_tag":[],"class_list":{"0":"post-275167","1":"product","2":"type-product","3":"status-publish","4":"has-post-thumbnail","6":"product_brand-boretech","7":"product_cat-limpieza-de-armas","8":"product_cat-lubricantes","10":"first","11":"outofstock","12":"taxable","13":"shipping-taxable","14":"purchasable","15":"product-type-simple"},"acf":[],"_links":{"self":[{"href":"https:\/\/nbg.eu\/es\/wp-json\/wp\/v2\/product\/275167","targetHints":{"allow":["GET"]}}],"collection":[{"href":"https:\/\/nbg.eu\/es\/wp-json\/wp\/v2\/product"}],"about":[{"href":"https:\/\/nbg.eu\/es\/wp-json\/wp\/v2\/types\/product"}],"wp:featuredmedia":[{"embeddable":true,"href":"https:\/\/nbg.eu\/es\/wp-json\/wp\/v2\/media\/235485"}],"wp:attachment":[{"href":"https:\/\/nbg.eu\/es\/wp-json\/wp\/v2\/media?parent=275167"}],"wp:term":[{"taxonomy":"product_brand","embeddable":true,"href":"https:\/\/nbg.eu\/es\/wp-json\/wp\/v2\/product_brand?post=275167"},{"taxonomy":"product_cat","embeddable":true,"href":"https:\/\/nbg.eu\/es\/wp-json\/wp\/v2\/product_cat?post=275167"},{"taxonomy":"product_tag","embeddable":true,"href":"https:\/\/nbg.eu\/es\/wp-json\/wp\/v2\/product_tag?post=275167"}],"curies":[{"name":"wp","href":"https:\/\/api.w.org\/{rel}","templated":true}]}}