{"id":276006,"date":"2025-03-03T22:22:36","date_gmt":"2025-03-03T19:22:36","guid":{"rendered":"https:\/\/nbg.eu\/product\/qwik-dri-dry-lubricant-1-oz\/"},"modified":"2026-01-21T11:41:29","modified_gmt":"2026-01-21T08:41:29","slug":"qwik-dri-lubricante-seco-1-oz","status":"publish","type":"product","link":"https:\/\/nbg.eu\/es\/producto\/qwik-dri-lubricante-seco-1-oz\/","title":{"rendered":"QWIK-DRI LUBRICANTE SECO, 1 Oz"},"content":{"rendered":"<h2>LUBRICANTE SECO QWIK-DRI, 1 Oz<\/h2>\n<p>Bore Tech Qwik-Dri\u2122 es un lubricante de pel\u00edcula seca para el mantenimiento de armas de fuego. Esta botella de 1 oz contiene una f\u00f3rmula de part\u00edculas PTFE submicr\u00f3nicas en un portador de evaporaci\u00f3n r\u00e1pida.<\/p>\n<ul>\n<li>Penetra en los poros del metal<\/li>\n<li>Forma una pel\u00edcula seca duradera<\/li>\n<li>Funciona en temperaturas extremas (-73\u00b0C a 316\u00b0C)<\/li>\n<li>Reduce la fricci\u00f3n y el desgaste en un 95%<\/li>\n<li>Repele polvo y suciedad<\/li>\n<li>Aplicaci\u00f3n sin aceite<\/li>\n<\/ul>\n<p>Adecuado para correderas de pistolas, gatillos, cerrojos de rifles, cargadores y m\u00e1s. Qwik-Dri\u2122 asegura un funcionamiento sin residuos. Es apropiado para armas enfundadas, no mancha la ropa ni atrae pelusa. Fabricado en EE. UU.<\/p>\n<p><strong>Elija Bore Tech Qwik-Dri\u2122 para el cuidado de sus armas.<\/strong><\/p>\n","protected":false},"excerpt":{"rendered":"<p>QWIK-DRI: Lubricante de PTFE de secado r\u00e1pido para temperaturas extremas. Repele la suciedad.<\/p>\n","protected":false},"featured_media":235688,"template":"","meta":{"_acf_changed":false},"product_brand":[11163],"product_cat":[12294,12221,12234],"product_tag":[],"class_list":{"0":"post-276006","1":"product","2":"type-product","3":"status-publish","4":"has-post-thumbnail","6":"product_brand-boretech","7":"product_cat-limpiadores","8":"product_cat-limpieza-de-armas","9":"product_cat-lubricantes","11":"first","12":"instock","13":"taxable","14":"shipping-taxable","15":"purchasable","16":"product-type-simple"},"acf":[],"_links":{"self":[{"href":"https:\/\/nbg.eu\/es\/wp-json\/wp\/v2\/product\/276006","targetHints":{"allow":["GET"]}}],"collection":[{"href":"https:\/\/nbg.eu\/es\/wp-json\/wp\/v2\/product"}],"about":[{"href":"https:\/\/nbg.eu\/es\/wp-json\/wp\/v2\/types\/product"}],"wp:featuredmedia":[{"embeddable":true,"href":"https:\/\/nbg.eu\/es\/wp-json\/wp\/v2\/media\/235688"}],"wp:attachment":[{"href":"https:\/\/nbg.eu\/es\/wp-json\/wp\/v2\/media?parent=276006"}],"wp:term":[{"taxonomy":"product_brand","embeddable":true,"href":"https:\/\/nbg.eu\/es\/wp-json\/wp\/v2\/product_brand?post=276006"},{"taxonomy":"product_cat","embeddable":true,"href":"https:\/\/nbg.eu\/es\/wp-json\/wp\/v2\/product_cat?post=276006"},{"taxonomy":"product_tag","embeddable":true,"href":"https:\/\/nbg.eu\/es\/wp-json\/wp\/v2\/product_tag?post=276006"}],"curies":[{"name":"wp","href":"https:\/\/api.w.org\/{rel}","templated":true}]}}