{"id":277950,"date":"2025-03-07T22:09:14","date_gmt":"2025-03-07T19:09:14","guid":{"rendered":"https:\/\/nbg.eu\/product\/vortex-strike-eagle-1-8x24-ffp\/"},"modified":"2026-01-21T11:46:17","modified_gmt":"2026-01-21T08:46:17","slug":"vortex-strike-eagle-1-8x24-ffp","status":"publish","type":"product","link":"https:\/\/nbg.eu\/es\/producto\/vortex-strike-eagle-1-8x24-ffp\/","title":{"rendered":"Vortex &#8211; Strike Eagle\u00ae &#8211; 1-8&#215;24 FFP"},"content":{"rendered":"<div class=\"product-description\">\n<h1>Vortex &#8211; Strike Eagle\u00ae &#8211; 1-8&#215;24 FFP<\/h1>\n<p>El Strike Eagle\u00ae es una mira telesc\u00f3pica vers\u00e1til con rendimiento \u00f3ptico para mejorar su tiro. Con su construcci\u00f3n resistente, calidad de vidrio y caracter\u00edsticas avanzadas, esta mira es efectiva en situaciones de movimiento r\u00e1pido y disparos de largo alcance hasta 1,000 yardas. El Strike Eagle\u00ae se adapta a cada desaf\u00edo.<\/p>\n<h2>Caracter\u00edsticas principales:<\/h2>\n<ul>\n<li>Aumento: 1-8x<\/li>\n<li>Di\u00e1metro del objetivo: 24 mm<\/li>\n<li>Primer plano focal (FFP)<\/li>\n<li>Ret\u00edcula EBR-8 MOA<\/li>\n<li>Distancia ocular: 3.9&#8243;<\/li>\n<li>Campo de visi\u00f3n: 113.6&#8242; &#8211; 14.1&#8242; a 100 yardas<\/li>\n<li>Tubo de 30 mm<\/li>\n<li>Ajuste de graduaci\u00f3n de 1\/4 MOA<\/li>\n<li>Ajuste m\u00e1ximo de elevaci\u00f3n y deriva de 145 MOA<\/li>\n<li>Peso: 23.9 oz<\/li>\n<\/ul>\n<h2>Ret\u00edcula EBR-8:<\/h2>\n<p>La ret\u00edcula EBR-8 MOA de primer plano focal, grabada en vidrio e iluminada, permite disparos r\u00e1pidos desde corta distancia hasta 600 yardas con municiones populares de .223\/5.56mm y .308\/7.62mm. Esta ret\u00edcula vers\u00e1til tambi\u00e9n se puede usar con otros calibres y cargas utilizando las marcas BDC.<\/p>\n<h2>Durabilidad y claridad:<\/h2>\n<ul>\n<li>Construcci\u00f3n de aluminio de grado aeron\u00e1utico<\/li>\n<li>Recubrimiento ArmorTek\u00ae resistente a los ara\u00f1azos<\/li>\n<li>Lentes con recubrimiento m\u00faltiple completo para transmisi\u00f3n de luz \u00f3ptima<\/li>\n<li>Dise\u00f1o a prueba de golpes para soportar retroceso e impactos<\/li>\n<\/ul>\n<h2>Caracter\u00edsticas adicionales:<\/h2>\n<ul>\n<li>Estilo de torreta con tapa<\/li>\n<li>25 MOA de recorrido por rotaci\u00f3n<\/li>\n<li>Ajuste de paralaje: 125 yardas<\/li>\n<li>Palanca incluida para ajustes r\u00e1pidos de aumento<\/li>\n<\/ul>\n<p>El Vortex Strike Eagle\u00ae 1-8&#215;24 FFP es una soluci\u00f3n para tiradores que buscan una \u00f3ptica vers\u00e1til de alto rendimiento. Ya sea para combate cercano o objetivos distantes, esta mira ofrece la precisi\u00f3n y fiabilidad necesarias para tener \u00e9xito en cualquier escenario de tiro.<\/p>\n<\/div>\n","protected":false},"excerpt":{"rendered":"<p>Vers\u00e1til mira telesc\u00f3pica 1-8&#215;24 FFP con ret\u00edcula EBR-8. \u00d3ptica robusta y de alto rendimiento para tiro t\u00e1ctico.<\/p>\n","protected":false},"featured_media":249215,"template":"","meta":{"_acf_changed":false},"product_brand":[11965],"product_cat":[12230,12243],"product_tag":[],"class_list":{"0":"post-277950","1":"product","2":"type-product","3":"status-publish","4":"has-post-thumbnail","6":"product_brand-vortex","7":"product_cat-apuntado","8":"product_cat-opticas-magnificadas","10":"first","11":"outofstock","12":"taxable","13":"shipping-taxable","14":"purchasable","15":"product-type-simple"},"acf":[],"_links":{"self":[{"href":"https:\/\/nbg.eu\/es\/wp-json\/wp\/v2\/product\/277950","targetHints":{"allow":["GET"]}}],"collection":[{"href":"https:\/\/nbg.eu\/es\/wp-json\/wp\/v2\/product"}],"about":[{"href":"https:\/\/nbg.eu\/es\/wp-json\/wp\/v2\/types\/product"}],"wp:featuredmedia":[{"embeddable":true,"href":"https:\/\/nbg.eu\/es\/wp-json\/wp\/v2\/media\/249215"}],"wp:attachment":[{"href":"https:\/\/nbg.eu\/es\/wp-json\/wp\/v2\/media?parent=277950"}],"wp:term":[{"taxonomy":"product_brand","embeddable":true,"href":"https:\/\/nbg.eu\/es\/wp-json\/wp\/v2\/product_brand?post=277950"},{"taxonomy":"product_cat","embeddable":true,"href":"https:\/\/nbg.eu\/es\/wp-json\/wp\/v2\/product_cat?post=277950"},{"taxonomy":"product_tag","embeddable":true,"href":"https:\/\/nbg.eu\/es\/wp-json\/wp\/v2\/product_tag?post=277950"}],"curies":[{"name":"wp","href":"https:\/\/api.w.org\/{rel}","templated":true}]}}