{"id":284939,"date":"2024-01-30T18:08:20","date_gmt":"2024-01-30T18:08:20","guid":{"rendered":"https:\/\/nbg.eu\/product\/area-419-mini-pad-the-gripchanger\/"},"modified":"2026-01-21T12:04:24","modified_gmt":"2026-01-21T09:04:24","slug":"area-419-mini-pad-el-cambiadoragarre","status":"publish","type":"product","link":"https:\/\/nbg.eu\/es\/producto\/area-419-mini-pad-el-cambiadoragarre\/","title":{"rendered":"Area 419 &#8211; Mini Pad, El CambiadorAgarre"},"content":{"rendered":"<div class=\"product-description\">\n<h2>Area 419 &#8211; Mini Pad, El GripChanger<\/h2>\n<p>El GripChanger es una adici\u00f3n a nuestra l\u00ednea RailChanger. Esta bolsa compacta y llena densamente es una soluci\u00f3n para construir posiciones r\u00e1pidamente o para usar en aberturas peque\u00f1as.<\/p>\n<h3>Caracter\u00edsticas:<\/h3>\n<ul>\n<li>Pesa aproximadamente 1 lb<\/li>\n<li>Se adhiere a cualquier superficie<\/li>\n<li>Proporciona una plataforma estable para configuraciones r\u00e1pidas<\/li>\n<\/ul>\n<h3>El kit incluye:<\/h3>\n<ul>\n<li>1 Bolsa GripChanger de Area 419<\/li>\n<li>1 Abrazadera ARCALOCK<\/li>\n<li>1 Brazo Rail Changer de Area 419<\/li>\n<\/ul>\n<h3>Especificaciones:<\/h3>\n<ul>\n<li>Peso: 1 lb<\/li>\n<li>Dimensiones: 10 \u00d7 3 \u00d7 2 pulgadas<\/li>\n<li>Fabricante: Armageddon Gear<\/li>\n<\/ul>\n<\/div>\n","protected":false},"excerpt":{"rendered":"<p>\u00abBolsa compacta y antideslizante de 1 libra para posiciones de tiro r\u00e1pidas y estables. Incluye abrazadera y brazo.\u00bb<\/p>\n","protected":false},"featured_media":233578,"template":"","meta":{"_acf_changed":false},"product_brand":[11050],"product_cat":[12279],"product_tag":[],"class_list":{"0":"post-284939","1":"product","2":"type-product","3":"status-publish","4":"has-post-thumbnail","6":"product_brand-area-419","7":"product_cat-rifle","9":"first","10":"instock","11":"taxable","12":"shipping-taxable","13":"purchasable","14":"product-type-simple"},"acf":[],"_links":{"self":[{"href":"https:\/\/nbg.eu\/es\/wp-json\/wp\/v2\/product\/284939","targetHints":{"allow":["GET"]}}],"collection":[{"href":"https:\/\/nbg.eu\/es\/wp-json\/wp\/v2\/product"}],"about":[{"href":"https:\/\/nbg.eu\/es\/wp-json\/wp\/v2\/types\/product"}],"wp:featuredmedia":[{"embeddable":true,"href":"https:\/\/nbg.eu\/es\/wp-json\/wp\/v2\/media\/233578"}],"wp:attachment":[{"href":"https:\/\/nbg.eu\/es\/wp-json\/wp\/v2\/media?parent=284939"}],"wp:term":[{"taxonomy":"product_brand","embeddable":true,"href":"https:\/\/nbg.eu\/es\/wp-json\/wp\/v2\/product_brand?post=284939"},{"taxonomy":"product_cat","embeddable":true,"href":"https:\/\/nbg.eu\/es\/wp-json\/wp\/v2\/product_cat?post=284939"},{"taxonomy":"product_tag","embeddable":true,"href":"https:\/\/nbg.eu\/es\/wp-json\/wp\/v2\/product_tag?post=284939"}],"curies":[{"name":"wp","href":"https:\/\/api.w.org\/{rel}","templated":true}]}}