{"id":289930,"date":"2025-03-01T16:08:15","date_gmt":"2025-03-01T16:08:15","guid":{"rendered":"https:\/\/nbg.eu\/prodcut\/area-419-arcalock-barricade-stop\/"},"modified":"2026-05-13T16:02:24","modified_gmt":"2026-05-13T13:02:24","slug":"area-419-arcalock-tope-de-barricada","status":"publish","type":"product","link":"https:\/\/nbg.eu\/es\/producto\/area-419-arcalock-tope-de-barricada\/","title":{"rendered":"Area 419 &#8211; ARCALOCK Tope de Barricada"},"content":{"rendered":"<h2>Area 419 &#8211; Tope de Barricada ARCALOCK<\/h2>\n<p>Complemento para su sistema ARCALOCK, dise\u00f1ado para estabilidad y precisi\u00f3n.<\/p>\n<h2>Caracter\u00edsticas principales:<\/h2>\n<ul>\n<li>Patr\u00f3n de pernos compatible con el b\u00edpode Atlas<\/li>\n<li>Instalaci\u00f3n vers\u00e1til: entre la abrazadera y el b\u00edpode o de forma independiente<\/li>\n<li>Dientes frontales para agarre en barricadas<\/li>\n<li>Fabricado en aluminio 6061-T6<\/li>\n<li>Peso de 0.5 libras<\/li>\n<li>Dimensiones: 6&#8243; \u00d7 3.5&#8243; \u00d7 2&#8243;<\/li>\n<\/ul>\n<p><strong>Nota:<\/strong> Solo incluye el tope de barricada; abrazadera y b\u00edpode no incluidos. No compatible con el B\u00edpode Harris sin nuestra Extensi\u00f3n de Espiga.<\/p>\n<p>El Tope de Barricada ARCALOCK de Area 419 es un accesorio para estabilidad en diversos entornos.<\/p>\n","protected":false},"excerpt":{"rendered":"<p>Tope de barricada ARCALOCK de Area 419: Agarre seguro para tiro de precisi\u00f3n.<\/p>\n","protected":false},"featured_media":233051,"template":"","meta":{"_acf_changed":false},"product_brand":[11050],"product_cat":[15587,12237,12240],"product_tag":[],"class_list":{"0":"post-289930","1":"product","2":"type-product","3":"status-publish","4":"has-post-thumbnail","6":"product_brand-area-419","7":"product_cat-arcalock-systems-es","8":"product_cat-empunaduras-de-rifle","9":"product_cat-tuning-de-rifle","11":"first","12":"instock","13":"sale","14":"taxable","15":"shipping-taxable","16":"purchasable","17":"product-type-simple"},"acf":[],"_links":{"self":[{"href":"https:\/\/nbg.eu\/es\/wp-json\/wp\/v2\/product\/289930","targetHints":{"allow":["GET"]}}],"collection":[{"href":"https:\/\/nbg.eu\/es\/wp-json\/wp\/v2\/product"}],"about":[{"href":"https:\/\/nbg.eu\/es\/wp-json\/wp\/v2\/types\/product"}],"wp:featuredmedia":[{"embeddable":true,"href":"https:\/\/nbg.eu\/es\/wp-json\/wp\/v2\/media\/233051"}],"wp:attachment":[{"href":"https:\/\/nbg.eu\/es\/wp-json\/wp\/v2\/media?parent=289930"}],"wp:term":[{"taxonomy":"product_brand","embeddable":true,"href":"https:\/\/nbg.eu\/es\/wp-json\/wp\/v2\/product_brand?post=289930"},{"taxonomy":"product_cat","embeddable":true,"href":"https:\/\/nbg.eu\/es\/wp-json\/wp\/v2\/product_cat?post=289930"},{"taxonomy":"product_tag","embeddable":true,"href":"https:\/\/nbg.eu\/es\/wp-json\/wp\/v2\/product_tag?post=289930"}],"curies":[{"name":"wp","href":"https:\/\/api.w.org\/{rel}","templated":true}]}}