{"id":41677,"date":"2024-08-26T13:29:45","date_gmt":"2024-08-26T13:29:45","guid":{"rendered":"https:\/\/nbg.eu\/product\/vanward-hunter-pro\/"},"modified":"2026-01-21T12:23:52","modified_gmt":"2026-01-21T09:23:52","slug":"cazador-vanward-pro","status":"publish","type":"product","link":"https:\/\/nbg.eu\/es\/producto\/cazador-vanward-pro\/","title":{"rendered":"Cazador Vanward PRO"},"content":{"rendered":"<div class=\"product-description\">\n<h2>Vanward Hunter PRO<\/h2>\n<p>Experimente un rendimiento superior con menos de 300 gramos con el supresor Vanward Hunter PRO. Con un espaciado de deflectores optimizado para una mejor ecualizaci\u00f3n de presi\u00f3n y un dise\u00f1o exterior hexagonal robusto, este supresor ofrece mayor seguridad, resistencia y eficiencia de enfriamiento.<\/p>\n<h2>Caracter\u00edsticas principales:<\/h2>\n<ul>\n<li>Impreso en 3D en una sola pieza de Titanio grado 5 para m\u00e1xima seguridad y rendimiento<\/li>\n<li>Extremadamente duradero y resistente a la corrosi\u00f3n<\/li>\n<li>Insertos de rosca intercambiables de acero inoxidable<\/li>\n<li>Anillo POM para un espacio \u00f3ptimo del ca\u00f1\u00f3n<\/li>\n<li>Disponible en m\u00faltiples tipos de rosca: 1\/2*28&#8243;, 5\/8&#215;24&#8243; M14x1, M14x1.5, M15x1, M16x1, M18x1<\/li>\n<\/ul>\n<h2>Especificaciones:<\/h2>\n<ul>\n<li>Di\u00e1metro: 48mm<\/li>\n<li>Longitud: 220mm<\/li>\n<li>Peso: 295 gramos*<\/li>\n<\/ul>\n<p>El dise\u00f1o innovador y los materiales superiores del Vanward Hunter PRO lo convierten en la elecci\u00f3n perfecta para cazadores exigentes y entusiastas del tiro que demandan lo mejor en tecnolog\u00eda de supresores.<\/p>\n<\/div>\n","protected":false},"excerpt":{"rendered":"<p>Supresor ultraligero de titanio con rendimiento optimizado.<\/p>\n","protected":false},"featured_media":102166,"template":"","meta":{"_acf_changed":false},"product_brand":[11944],"product_cat":[12257,12262],"product_tag":[],"class_list":{"0":"post-41677","1":"product","2":"type-product","3":"status-publish","4":"has-post-thumbnail","6":"product_brand-vanward","7":"product_cat-supresores","8":"product_cat-supresores-para-rifle","10":"first","11":"instock","12":"taxable","13":"shipping-taxable","14":"purchasable","15":"product-type-variable","16":"wvs-archive-product-wrapper"},"acf":[],"_links":{"self":[{"href":"https:\/\/nbg.eu\/es\/wp-json\/wp\/v2\/product\/41677","targetHints":{"allow":["GET"]}}],"collection":[{"href":"https:\/\/nbg.eu\/es\/wp-json\/wp\/v2\/product"}],"about":[{"href":"https:\/\/nbg.eu\/es\/wp-json\/wp\/v2\/types\/product"}],"wp:featuredmedia":[{"embeddable":true,"href":"https:\/\/nbg.eu\/es\/wp-json\/wp\/v2\/media\/102166"}],"wp:attachment":[{"href":"https:\/\/nbg.eu\/es\/wp-json\/wp\/v2\/media?parent=41677"}],"wp:term":[{"taxonomy":"product_brand","embeddable":true,"href":"https:\/\/nbg.eu\/es\/wp-json\/wp\/v2\/product_brand?post=41677"},{"taxonomy":"product_cat","embeddable":true,"href":"https:\/\/nbg.eu\/es\/wp-json\/wp\/v2\/product_cat?post=41677"},{"taxonomy":"product_tag","embeddable":true,"href":"https:\/\/nbg.eu\/es\/wp-json\/wp\/v2\/product_tag?post=41677"}],"curies":[{"name":"wp","href":"https:\/\/api.w.org\/{rel}","templated":true}]}}