{"id":45506,"date":"2024-08-16T17:52:19","date_gmt":"2024-08-16T17:52:19","guid":{"rendered":"https:\/\/nbg.eu\/product\/rhh-backpack\/"},"modified":"2026-01-21T12:01:46","modified_gmt":"2026-01-21T09:01:46","slug":"mochila-rhh","status":"publish","type":"product","link":"https:\/\/nbg.eu\/es\/producto\/mochila-rhh\/","title":{"rendered":"Mochila RHH"},"content":{"rendered":"<div class=\"product-description\">\n<h2>Mochila de Tiro RHH<\/h2>\n<p>Dise\u00f1ada por tiradores para tiradores, la Mochila RHH es perfecta para competencias de varios d\u00edas, ya sea que uses una o dos armas.<\/p>\n<ul>\n<li>Bolsillo principal para arma con sistema de bloqueo para f\u00e1cil acceso<\/li>\n<li>Cumple con las reglas IPSC<\/li>\n<li>Panel de velcro y sistema MOLLE para accesorios<\/li>\n<li>Amplio espacio de almacenamiento con compartimentos organizados<\/li>\n<li>Bolsillo para cargadores que se ajusta a cargadores de 30 rondas con bases extendidas<\/li>\n<li>Correas desmontables que se convierten en bolsa de tiro<\/li>\n<\/ul>\n<p>Tama\u00f1o: 100cm x 40cm x 20cm<br \/>\n  Bolsillo para rifle: hasta 95cm<br \/>\n  Peso: 2.9 Kg<\/p>\n<p>\u00a1Empaca inteligentemente, dispara mejor con la Mochila de Tiro RHH!<\/p>\n<\/div>\n","protected":false},"excerpt":{"rendered":"<p>Mochila RHH: Dise\u00f1ada por tiradores, vers\u00e1til, lista para carreras de varios d\u00edas.<\/p>\n","protected":false},"featured_media":22684,"template":"","meta":{"_acf_changed":false},"product_brand":[11650],"product_cat":[12223],"product_tag":[],"class_list":{"0":"post-45506","1":"product","2":"type-product","3":"status-publish","4":"has-post-thumbnail","6":"product_brand-rh-holsters","7":"product_cat-mochilas","9":"first","10":"instock","11":"taxable","12":"shipping-taxable","13":"purchasable","14":"product-type-simple"},"acf":[],"_links":{"self":[{"href":"https:\/\/nbg.eu\/es\/wp-json\/wp\/v2\/product\/45506","targetHints":{"allow":["GET"]}}],"collection":[{"href":"https:\/\/nbg.eu\/es\/wp-json\/wp\/v2\/product"}],"about":[{"href":"https:\/\/nbg.eu\/es\/wp-json\/wp\/v2\/types\/product"}],"wp:featuredmedia":[{"embeddable":true,"href":"https:\/\/nbg.eu\/es\/wp-json\/wp\/v2\/media\/22684"}],"wp:attachment":[{"href":"https:\/\/nbg.eu\/es\/wp-json\/wp\/v2\/media?parent=45506"}],"wp:term":[{"taxonomy":"product_brand","embeddable":true,"href":"https:\/\/nbg.eu\/es\/wp-json\/wp\/v2\/product_brand?post=45506"},{"taxonomy":"product_cat","embeddable":true,"href":"https:\/\/nbg.eu\/es\/wp-json\/wp\/v2\/product_cat?post=45506"},{"taxonomy":"product_tag","embeddable":true,"href":"https:\/\/nbg.eu\/es\/wp-json\/wp\/v2\/product_tag?post=45506"}],"curies":[{"name":"wp","href":"https:\/\/api.w.org\/{rel}","templated":true}]}}