{"id":46199,"date":"2024-08-03T08:31:54","date_gmt":"2024-09-11T15:11:28","guid":{"rendered":"https:\/\/nbg.eu\/product\/rh-owb-tac-duty-holster\/"},"modified":"2026-01-21T12:33:08","modified_gmt":"2026-01-21T09:33:08","slug":"funda-exterior-tacticaservicio-diestra","status":"publish","type":"product","link":"https:\/\/nbg.eu\/es\/producto\/funda-exterior-tacticaservicio-diestra\/","title":{"rendered":"Funda Exterior T\u00e1ctica\/Servicio Diestra"},"content":{"rendered":"<p>La funda RH OWB Tac\/Duty es una funda de kydex dise\u00f1ada para uso t\u00e1ctico y de servicio. Caracter\u00edsticas incluyen:<\/p>\n<ul>\n<li>Compatible con luces montadas en el arma<\/li>\n<li>Se adapta a plataformas Safariland, Blackhawk o Blade-Tech<\/li>\n<li>Adecuada para porte en el muslo<\/li>\n<li>F\u00e1cil mantenimiento y limpieza<\/li>\n<li>Utilizada por las Fuerzas Armadas y la Polic\u00eda de la Rep\u00fablica Checa<\/li>\n<\/ul>\n<p>Para armas de servicio, entrenamiento y operaciones t\u00e1cticas.<\/p>\n","protected":false},"excerpt":{"rendered":"<p>Funda de Kydex resistente para uso en servicio. Compatible con armas de servicio y linternas.<\/p>\n","protected":false},"featured_media":46200,"template":"","meta":{"_acf_changed":false},"product_brand":[11650],"product_cat":[12285,12266,12252],"product_tag":[],"class_list":{"0":"post-46199","1":"product","2":"type-product","3":"status-publish","4":"has-post-thumbnail","6":"product_brand-rh-holsters","7":"product_cat-funda","8":"product_cat-funda-deportiva","9":"product_cat-funda-tactica","11":"first","12":"instock","13":"taxable","14":"shipping-taxable","15":"purchasable","16":"product-type-variable","17":"wvs-archive-product-wrapper"},"acf":[],"_links":{"self":[{"href":"https:\/\/nbg.eu\/es\/wp-json\/wp\/v2\/product\/46199","targetHints":{"allow":["GET"]}}],"collection":[{"href":"https:\/\/nbg.eu\/es\/wp-json\/wp\/v2\/product"}],"about":[{"href":"https:\/\/nbg.eu\/es\/wp-json\/wp\/v2\/types\/product"}],"wp:featuredmedia":[{"embeddable":true,"href":"https:\/\/nbg.eu\/es\/wp-json\/wp\/v2\/media\/46200"}],"wp:attachment":[{"href":"https:\/\/nbg.eu\/es\/wp-json\/wp\/v2\/media?parent=46199"}],"wp:term":[{"taxonomy":"product_brand","embeddable":true,"href":"https:\/\/nbg.eu\/es\/wp-json\/wp\/v2\/product_brand?post=46199"},{"taxonomy":"product_cat","embeddable":true,"href":"https:\/\/nbg.eu\/es\/wp-json\/wp\/v2\/product_cat?post=46199"},{"taxonomy":"product_tag","embeddable":true,"href":"https:\/\/nbg.eu\/es\/wp-json\/wp\/v2\/product_tag?post=46199"}],"curies":[{"name":"wp","href":"https:\/\/api.w.org\/{rel}","templated":true}]}}