{"id":46369,"date":"2024-07-31T20:30:37","date_gmt":"2024-07-31T20:30:37","guid":{"rendered":"https:\/\/nbg.eu\/product\/fox-ammunition-65-creed-123-gr\/"},"modified":"2026-01-21T11:48:59","modified_gmt":"2026-01-21T08:48:59","slug":"municion-fox-65-creed-123-gr","status":"publish","type":"product","link":"https:\/\/nbg.eu\/es\/producto\/municion-fox-65-creed-123-gr\/","title":{"rendered":"Munici\u00f3n Fox 6,5 Creed. &#8211; 123 gr"},"content":{"rendered":"<h2>Munici\u00f3n Fox 6.5 Creed &#8211; 123 gr<\/h2>\n<p>Munici\u00f3n Fox 6.5 Creed 123 gr con bala Fox Classic. Estos proyectiles sin plomo est\u00e1n hechos de una aleaci\u00f3n de cobre y zinc, dise\u00f1ados para diversos escenarios de caza.<\/p>\n<ul>\n<li>Composici\u00f3n sin plomo<\/li>\n<li>Dise\u00f1o acanalado para reducir la presi\u00f3n del ca\u00f1\u00f3n y aumentar la velocidad<\/li>\n<li>Punta de pl\u00e1stico termoestable para mejorar la bal\u00edstica y el efecto terminal<\/li>\n<li>Expansi\u00f3n controlada para la transferencia de energ\u00eda<\/li>\n<li>Efectivo desde corta hasta larga distancia<\/li>\n<li>Poder de detenci\u00f3n con da\u00f1o m\u00ednimo a la carne<\/li>\n<\/ul>\n<p>Munici\u00f3n Fox ofrece precisi\u00f3n, fiabilidad y pr\u00e1cticas de caza \u00e9ticas.<\/p>\n","protected":false},"excerpt":{"rendered":"<p>Munici\u00f3n 6.5 Creedmoore precisa y sin plomo<\/p>\n","protected":false},"featured_media":46370,"template":"","meta":{"_acf_changed":false},"product_brand":[11345],"product_cat":[12282,12292],"product_tag":[],"class_list":{"0":"post-46369","1":"product","2":"type-product","3":"status-publish","4":"has-post-thumbnail","6":"product_brand-fox-bullets","7":"product_cat-municion","8":"product_cat-municion-para-rifle","10":"first","11":"instock","12":"taxable","13":"shipping-taxable","14":"purchasable","15":"product-type-simple"},"acf":[],"_links":{"self":[{"href":"https:\/\/nbg.eu\/es\/wp-json\/wp\/v2\/product\/46369","targetHints":{"allow":["GET"]}}],"collection":[{"href":"https:\/\/nbg.eu\/es\/wp-json\/wp\/v2\/product"}],"about":[{"href":"https:\/\/nbg.eu\/es\/wp-json\/wp\/v2\/types\/product"}],"wp:featuredmedia":[{"embeddable":true,"href":"https:\/\/nbg.eu\/es\/wp-json\/wp\/v2\/media\/46370"}],"wp:attachment":[{"href":"https:\/\/nbg.eu\/es\/wp-json\/wp\/v2\/media?parent=46369"}],"wp:term":[{"taxonomy":"product_brand","embeddable":true,"href":"https:\/\/nbg.eu\/es\/wp-json\/wp\/v2\/product_brand?post=46369"},{"taxonomy":"product_cat","embeddable":true,"href":"https:\/\/nbg.eu\/es\/wp-json\/wp\/v2\/product_cat?post=46369"},{"taxonomy":"product_tag","embeddable":true,"href":"https:\/\/nbg.eu\/es\/wp-json\/wp\/v2\/product_tag?post=46369"}],"curies":[{"name":"wp","href":"https:\/\/api.w.org\/{rel}","templated":true}]}}