{"id":46715,"date":"2024-07-30T19:46:24","date_gmt":"2024-09-11T16:04:55","guid":{"rendered":"https:\/\/nbg.eu\/product\/iosso-rifle-brush\/"},"modified":"2026-05-13T17:10:31","modified_gmt":"2026-05-13T14:10:31","slug":"cepillo-para-rifle-iosso","status":"publish","type":"product","link":"https:\/\/nbg.eu\/es\/producto\/cepillo-para-rifle-iosso\/","title":{"rendered":"Cepillo para Rifle Iosso"},"content":{"rendered":"<p>\nCepillo para rifle azul cobalto de Iosso Products. Caracter\u00edsticas:<\/p>\n<ul>\n<li>Fibras m\u00e1s gruesas y r\u00edgidas para limpieza de ida y vuelta<\/li>\n<li>Enrollado apretado con m\u00e1s fibra por pulgada<\/li>\n<li>Reutilizable varias veces<\/li>\n<li>Ideal para usar con el limpiador de ca\u00f1\u00f3n Iosso<\/li>\n<li>Elimina todo tipo de residuos<\/li>\n<li>Reduce significativamente el tiempo de limpieza<\/li>\n<\/ul>\n<p>Limpieza eficiente del ca\u00f1\u00f3n.<\/p>\n","protected":false},"excerpt":{"rendered":"<p>Cepillo de rifle azul cobalto duradero para una limpieza eficiente y duradera del \u00e1nima del ca\u00f1\u00f3n.<\/p>\n","protected":false},"featured_media":107434,"template":"","meta":{"_acf_changed":false},"product_brand":[11484],"product_cat":[12238,12221],"product_tag":[],"class_list":{"0":"post-46715","1":"product","2":"type-product","3":"status-publish","4":"has-post-thumbnail","6":"product_brand-iosso","7":"product_cat-cepillos","8":"product_cat-limpieza-de-armas","10":"first","11":"instock","12":"taxable","13":"shipping-taxable","14":"purchasable","15":"product-type-variable","16":"wvs-archive-product-wrapper"},"acf":[],"_links":{"self":[{"href":"https:\/\/nbg.eu\/es\/wp-json\/wp\/v2\/product\/46715","targetHints":{"allow":["GET"]}}],"collection":[{"href":"https:\/\/nbg.eu\/es\/wp-json\/wp\/v2\/product"}],"about":[{"href":"https:\/\/nbg.eu\/es\/wp-json\/wp\/v2\/types\/product"}],"wp:featuredmedia":[{"embeddable":true,"href":"https:\/\/nbg.eu\/es\/wp-json\/wp\/v2\/media\/107434"}],"wp:attachment":[{"href":"https:\/\/nbg.eu\/es\/wp-json\/wp\/v2\/media?parent=46715"}],"wp:term":[{"taxonomy":"product_brand","embeddable":true,"href":"https:\/\/nbg.eu\/es\/wp-json\/wp\/v2\/product_brand?post=46715"},{"taxonomy":"product_cat","embeddable":true,"href":"https:\/\/nbg.eu\/es\/wp-json\/wp\/v2\/product_cat?post=46715"},{"taxonomy":"product_tag","embeddable":true,"href":"https:\/\/nbg.eu\/es\/wp-json\/wp\/v2\/product_tag?post=46715"}],"curies":[{"name":"wp","href":"https:\/\/api.w.org\/{rel}","templated":true}]}}