{"id":525796,"date":"2025-08-19T20:38:50","date_gmt":"2025-08-19T17:38:50","guid":{"rendered":"https:\/\/nbg.eu\/product\/hographic-sight-eotech-exps3\/"},"modified":"2026-01-21T11:45:40","modified_gmt":"2026-01-21T08:45:40","slug":"hographic-sight-eotech-exps3","status":"publish","type":"product","link":"https:\/\/nbg.eu\/es\/producto\/hographic-sight-eotech-exps3\/","title":{"rendered":"Hographic sight EOTECH EXPS3"},"content":{"rendered":"<div class=\"product-description\">\n<h2>Mira Hologr\u00e1fica EOTECH HWS EXPS3\u2122<\/h2>\n<p>La EOTECH HWS EXPS3\u2122 ofrece:<\/p>\n<ul>\n<li>Disparo con ambos ojos abiertos para adquisici\u00f3n r\u00e1pida del objetivo<\/li>\n<li>Compatibilidad con visi\u00f3n nocturna con 10 configuraciones adicionales<\/li>\n<li>Base de desconexi\u00f3n r\u00e1pida elevada 7mm para co-testigo de mira de hierro en tercio inferior<\/li>\n<li>Dise\u00f1o compacto: 3.8&#8243; x 2.3&#8243; x 2.9&#8243;<\/li>\n<li>Ligera, solo 11.2oz<\/li>\n<li>Resistente al agua hasta 33 pies de profundidad<\/li>\n<li>20 niveles de brillo diurno<\/li>\n<li>1,000 horas de duraci\u00f3n de bater\u00eda en configuraci\u00f3n nominal<\/li>\n<\/ul>\n<p>Fabricada en EE.UU., la EXPS3 se monta en rieles Weaver de 1&#8243; o MIL-STD-1913 y funciona en temperaturas de -40\u00b0F a 140\u00b0F. Incluye gu\u00eda de inicio r\u00e1pido, tarjeta de garant\u00eda y bater\u00eda CR123.<\/p>\n<\/div>\n","protected":false},"excerpt":{"rendered":"<p>Adquisici\u00f3n r\u00e1pida del objetivo, compatible con visi\u00f3n nocturna, base elevada de desconexi\u00f3n r\u00e1pida.<\/p>\n","protected":false},"featured_media":466381,"template":"","meta":{"_acf_changed":false},"product_brand":[],"product_cat":[12230,12239],"product_tag":[],"class_list":{"0":"post-525796","1":"product","2":"type-product","3":"status-publish","4":"has-post-thumbnail","6":"product_cat-apuntado","7":"product_cat-puntos-rojos-para-rifle","9":"first","10":"outofstock","11":"taxable","12":"shipping-taxable","13":"purchasable","14":"product-type-simple"},"acf":[],"_links":{"self":[{"href":"https:\/\/nbg.eu\/es\/wp-json\/wp\/v2\/product\/525796","targetHints":{"allow":["GET"]}}],"collection":[{"href":"https:\/\/nbg.eu\/es\/wp-json\/wp\/v2\/product"}],"about":[{"href":"https:\/\/nbg.eu\/es\/wp-json\/wp\/v2\/types\/product"}],"wp:featuredmedia":[{"embeddable":true,"href":"https:\/\/nbg.eu\/es\/wp-json\/wp\/v2\/media\/466381"}],"wp:attachment":[{"href":"https:\/\/nbg.eu\/es\/wp-json\/wp\/v2\/media?parent=525796"}],"wp:term":[{"taxonomy":"product_brand","embeddable":true,"href":"https:\/\/nbg.eu\/es\/wp-json\/wp\/v2\/product_brand?post=525796"},{"taxonomy":"product_cat","embeddable":true,"href":"https:\/\/nbg.eu\/es\/wp-json\/wp\/v2\/product_cat?post=525796"},{"taxonomy":"product_tag","embeddable":true,"href":"https:\/\/nbg.eu\/es\/wp-json\/wp\/v2\/product_tag?post=525796"}],"curies":[{"name":"wp","href":"https:\/\/api.w.org\/{rel}","templated":true}]}}