{"id":526444,"date":"2025-08-20T17:48:48","date_gmt":"2025-08-20T14:48:48","guid":{"rendered":"https:\/\/nbg.eu\/product\/recoil-spring-ismi-15-lb-spring-for-glock-17-gl15\/"},"modified":"2026-01-21T11:39:14","modified_gmt":"2026-01-21T08:39:14","slug":"recoil-spring-ismi-15-lb-spring-for-glock-17-gl15","status":"publish","type":"product","link":"https:\/\/nbg.eu\/es\/producto\/recoil-spring-ismi-15-lb-spring-for-glock-17-gl15\/","title":{"rendered":"Recoil spring ISMI 15 lb. Spring for Glock 17 (GL15)"},"content":{"rendered":"<div class=\"product-description\">\n<h2>Resorte de retroceso de alambre plano ISMI de 15 lb para Glock 17 (GL15)<\/h2>\n<p>Resorte de retroceso ISMI para Glock 17. Este resorte de alambre plano de 15 lb est\u00e1 fabricado con aleaci\u00f3n de cromo vanadio, dise\u00f1ado para ajustarse a la varilla gu\u00eda de f\u00e1brica de .250&#8243; o menos.<\/p>\n<ul>\n<li>Dise\u00f1ado por CAD y construido seg\u00fan especificaciones aeroespaciales<\/li>\n<li>Tratado t\u00e9rmicamente, granallado y totalmente aliviado de tensiones<\/li>\n<li>Asegura un rendimiento constante y fiable<\/li>\n<li>Compatible con Glock 17, 17L, 20, 21, 22, 24, 31, 35<\/li>\n<li>Fabricado en EE.UU.<\/li>\n<\/ul>\n<p>Resorte de retroceso ISMI para Glock para mejorar la fiabilidad y el rendimiento. Disponible para su compra.<\/p>\n<\/div>\n","protected":false},"excerpt":{"rendered":"<p>Muelle de retroceso de cable plano de 15 libras de precisi\u00f3n para Glock 17. Fabricado en EE. UU., mejora el rendimiento.<\/p>\n","protected":false},"featured_media":470583,"template":"","meta":{"_acf_changed":false},"product_brand":[11414],"product_cat":[12229,12247],"product_tag":[],"class_list":{"0":"post-526444","1":"product","2":"type-product","3":"status-publish","4":"has-post-thumbnail","6":"product_brand-glock","7":"product_cat-piezas-kmr","8":"product_cat-resortes","10":"first","11":"outofstock","12":"taxable","13":"shipping-taxable","14":"purchasable","15":"product-type-simple"},"acf":[],"_links":{"self":[{"href":"https:\/\/nbg.eu\/es\/wp-json\/wp\/v2\/product\/526444","targetHints":{"allow":["GET"]}}],"collection":[{"href":"https:\/\/nbg.eu\/es\/wp-json\/wp\/v2\/product"}],"about":[{"href":"https:\/\/nbg.eu\/es\/wp-json\/wp\/v2\/types\/product"}],"wp:featuredmedia":[{"embeddable":true,"href":"https:\/\/nbg.eu\/es\/wp-json\/wp\/v2\/media\/470583"}],"wp:attachment":[{"href":"https:\/\/nbg.eu\/es\/wp-json\/wp\/v2\/media?parent=526444"}],"wp:term":[{"taxonomy":"product_brand","embeddable":true,"href":"https:\/\/nbg.eu\/es\/wp-json\/wp\/v2\/product_brand?post=526444"},{"taxonomy":"product_cat","embeddable":true,"href":"https:\/\/nbg.eu\/es\/wp-json\/wp\/v2\/product_cat?post=526444"},{"taxonomy":"product_tag","embeddable":true,"href":"https:\/\/nbg.eu\/es\/wp-json\/wp\/v2\/product_tag?post=526444"}],"curies":[{"name":"wp","href":"https:\/\/api.w.org\/{rel}","templated":true}]}}