{"id":527218,"date":"2025-09-02T20:11:34","date_gmt":"2025-09-02T17:11:34","guid":{"rendered":"https:\/\/nbg.eu\/product\/ftcs-enlarged-magazine-catch-ak-platform-graphite-black-h-146-nr-29\/"},"modified":"2026-01-21T12:01:49","modified_gmt":"2026-01-21T09:01:49","slug":"ftcs-enlarged-magazine-catch-ak-platform-graphite-black-h-146-nr-29","status":"publish","type":"product","link":"https:\/\/nbg.eu\/es\/producto\/ftcs-enlarged-magazine-catch-ak-platform-graphite-black-h-146-nr-29\/","title":{"rendered":"FTCS &#8211; Enlarged Magazine Catch &#8211; AK Platform &#8211; Graphite Black H-146 &#8211; Nr. 29"},"content":{"rendered":"<div class=\"product-description\">\n<h1>FTCS &#8211; Ret\u00e9n de cargador ampliado &#8211; Plataforma AK<\/h1>\n<h2>Negro grafito H-146 &#8211; Nr. 29<\/h2>\n<p>Ret\u00e9n de cargador ampliado de FTCS para la plataforma AK. Dise\u00f1ado para facilitar la extracci\u00f3n del cargador.<\/p>\n<ul>\n<li>Compatible con la mayor\u00eda de armas AK\/AKM\/AK-74<\/li>\n<li>Fabricado en acero con recubrimiento Cerakote<\/li>\n<li>Color negro grafito H-146<\/li>\n<li>Leng\u00fceta estriada para mejor agarre<\/li>\n<li>Dimensiones: 51 x 16 x 14 mm<\/li>\n<li>Peso: 20 g<\/li>\n<\/ul>\n<p>Este ret\u00e9n ampliado permite liberar el cargador con el pulgar o con un segundo cargador. El acabado Cerakote proporciona durabilidad.<\/p>\n<\/div>\n","protected":false},"excerpt":{"rendered":"<p>Ret\u00e9n de cargador AK agrandado. Liberaci\u00f3n f\u00e1cil. Acero, Cerakote. Negro grafito.<\/p>\n","protected":false},"featured_media":0,"template":"","meta":{"_acf_changed":false},"product_brand":[],"product_cat":[12295],"product_tag":[],"class_list":{"0":"post-527218","1":"product","2":"type-product","3":"status-publish","5":"product_cat-sin-categoria","7":"first","8":"instock","9":"taxable","10":"shipping-taxable","11":"purchasable","12":"product-type-simple"},"acf":[],"_links":{"self":[{"href":"https:\/\/nbg.eu\/es\/wp-json\/wp\/v2\/product\/527218","targetHints":{"allow":["GET"]}}],"collection":[{"href":"https:\/\/nbg.eu\/es\/wp-json\/wp\/v2\/product"}],"about":[{"href":"https:\/\/nbg.eu\/es\/wp-json\/wp\/v2\/types\/product"}],"wp:attachment":[{"href":"https:\/\/nbg.eu\/es\/wp-json\/wp\/v2\/media?parent=527218"}],"wp:term":[{"taxonomy":"product_brand","embeddable":true,"href":"https:\/\/nbg.eu\/es\/wp-json\/wp\/v2\/product_brand?post=527218"},{"taxonomy":"product_cat","embeddable":true,"href":"https:\/\/nbg.eu\/es\/wp-json\/wp\/v2\/product_cat?post=527218"},{"taxonomy":"product_tag","embeddable":true,"href":"https:\/\/nbg.eu\/es\/wp-json\/wp\/v2\/product_tag?post=527218"}],"curies":[{"name":"wp","href":"https:\/\/api.w.org\/{rel}","templated":true}]}}