{"id":527535,"date":"2025-09-02T20:13:23","date_gmt":"2025-09-02T17:13:23","guid":{"rendered":"https:\/\/nbg.eu\/product\/general-nano-protection-super-nano-grease-synthetic-761034\/"},"modified":"2026-01-21T11:44:39","modified_gmt":"2026-01-21T08:44:39","slug":"general-nano-protection-super-nano-grease-synthetic-761034","status":"publish","type":"product","link":"https:\/\/nbg.eu\/es\/producto\/general-nano-protection-super-nano-grease-synthetic-761034\/","title":{"rendered":"General Nano Protection &#8211; Super Nano Grease &#8211; Synthetic &#8211; 761034"},"content":{"rendered":"<h1>Protecci\u00f3n General Nano &#8211; Grasa Super Nano &#8211; Sint\u00e9tica &#8211; 761034<\/h1>\n<p>Aceite sint\u00e9tico para armas de fuego. Esta botella de 200ml de Grasa Super Nano ofrece protecci\u00f3n y rendimiento para su arma.<\/p>\n<ul>\n<li>Limpia polvo de p\u00f3lvora, carb\u00f3n y grasa<\/li>\n<li>Desplaza la humedad y protege contra la corrosi\u00f3n<\/li>\n<li>Reduce la fricci\u00f3n y el desgaste en varios materiales<\/li>\n<li>Extiende la vida \u00fatil del arma<\/li>\n<li>Tecnolog\u00eda de nanopart\u00edculas para mayor penetraci\u00f3n<\/li>\n<li>Recubrimiento hidrof\u00f3bico repele el agua<\/li>\n<li>Resistente al calor de -60\u00b0C a +250\u00b0C<\/li>\n<li>Seguro para uso en metal, madera, pintura, goma y pl\u00e1stico<\/li>\n<\/ul>\n<p>Para uso en varillas de operaci\u00f3n, capuchas de ca\u00f1\u00f3n, pasadores de leva y otras partes m\u00f3viles.<\/p>\n","protected":false},"excerpt":{"rendered":"<p>Aceite avanzado para armas de nanotecnolog\u00eda: limpia, lubrica y protege las armas de fuego.<\/p>\n","protected":false},"featured_media":490530,"template":"","meta":{"_acf_changed":false},"product_brand":[],"product_cat":[12295],"product_tag":[],"class_list":{"0":"post-527535","1":"product","2":"type-product","3":"status-publish","4":"has-post-thumbnail","6":"product_cat-sin-categoria","8":"first","9":"instock","10":"taxable","11":"shipping-taxable","12":"purchasable","13":"product-type-simple"},"acf":[],"_links":{"self":[{"href":"https:\/\/nbg.eu\/es\/wp-json\/wp\/v2\/product\/527535","targetHints":{"allow":["GET"]}}],"collection":[{"href":"https:\/\/nbg.eu\/es\/wp-json\/wp\/v2\/product"}],"about":[{"href":"https:\/\/nbg.eu\/es\/wp-json\/wp\/v2\/types\/product"}],"wp:featuredmedia":[{"embeddable":true,"href":"https:\/\/nbg.eu\/es\/wp-json\/wp\/v2\/media\/490530"}],"wp:attachment":[{"href":"https:\/\/nbg.eu\/es\/wp-json\/wp\/v2\/media?parent=527535"}],"wp:term":[{"taxonomy":"product_brand","embeddable":true,"href":"https:\/\/nbg.eu\/es\/wp-json\/wp\/v2\/product_brand?post=527535"},{"taxonomy":"product_cat","embeddable":true,"href":"https:\/\/nbg.eu\/es\/wp-json\/wp\/v2\/product_cat?post=527535"},{"taxonomy":"product_tag","embeddable":true,"href":"https:\/\/nbg.eu\/es\/wp-json\/wp\/v2\/product_tag?post=527535"}],"curies":[{"name":"wp","href":"https:\/\/api.w.org\/{rel}","templated":true}]}}