{"id":530456,"date":"2025-09-04T17:31:52","date_gmt":"2025-09-04T14:31:52","guid":{"rendered":"https:\/\/nbg.eu\/product\/strike-industries-overmolded-ultimate-dust-cover-for-223-5-56-mm-black\/"},"modified":"2026-01-21T12:14:40","modified_gmt":"2026-01-21T09:14:40","slug":"strike-industries-overmolded-ultimate-dust-cover-for-223-5-56-mm-black","status":"publish","type":"product","link":"https:\/\/nbg.eu\/es\/producto\/strike-industries-overmolded-ultimate-dust-cover-for-223-5-56-mm-black\/","title":{"rendered":"Strike Industries &#8211; Overmolded Ultimate Dust Cover for .223\/5.56 mm &#8211; Black"},"content":{"rendered":"<div class=\"product-description\">\n<h2>Strike Industries &#8211; Cubierta de polvo para .223\/5.56 mm &#8211; Negro<\/h2>\n<p>Cubierta de polvo para AR-15 de Strike Industries. Dise\u00f1o con molde de doble inyecci\u00f3n y sello de goma para protecci\u00f3n contra residuos y agua. El labio interno proporciona un sellado m\u00e1s ajustado que las cubiertas tradicionales.<\/p>\n<ul>\n<li>Instalaci\u00f3n sin herramientas y f\u00e1cil desmontaje<\/li>\n<li>Tornillo de ajuste para compensar el desgaste<\/li>\n<li>Activaci\u00f3n silenciosa con almohadilla de goma<\/li>\n<li>Fabricado con material polim\u00e9rico<\/li>\n<li>Resistente a la oxidaci\u00f3n y duradero<\/li>\n<li>Instalaci\u00f3n o remoci\u00f3n en 5-10 segundos<\/li>\n<\/ul>\n<p>Compatible con receptores superiores AR-15 Mil-Spec y la mayor\u00eda de los receptores de billet, incluyendo Aero Precision M4E1. No compatible con VLTOR MUR, ZRO Delta, Lantac Enhanced BCG o Bootleg Four Position Adjustable Carrier.<\/p>\n<\/div>\n","protected":false},"excerpt":{"rendered":"<p>Cubierta de polvo mejorada para AR-15: Sello silencioso, de instalaci\u00f3n r\u00e1pida y a prueba de residuos.<\/p>\n","protected":false},"featured_media":493282,"template":"","meta":{"_acf_changed":false},"product_brand":[14625],"product_cat":[12263,12279,12240],"product_tag":[],"class_list":{"0":"post-530456","1":"product","2":"type-product","3":"status-publish","4":"has-post-thumbnail","6":"product_brand-strike-industries","7":"product_cat-ajuste-ar","8":"product_cat-rifle","9":"product_cat-tuning-de-rifle","11":"first","12":"instock","13":"taxable","14":"shipping-taxable","15":"purchasable","16":"product-type-simple"},"acf":[],"_links":{"self":[{"href":"https:\/\/nbg.eu\/es\/wp-json\/wp\/v2\/product\/530456","targetHints":{"allow":["GET"]}}],"collection":[{"href":"https:\/\/nbg.eu\/es\/wp-json\/wp\/v2\/product"}],"about":[{"href":"https:\/\/nbg.eu\/es\/wp-json\/wp\/v2\/types\/product"}],"wp:featuredmedia":[{"embeddable":true,"href":"https:\/\/nbg.eu\/es\/wp-json\/wp\/v2\/media\/493282"}],"wp:attachment":[{"href":"https:\/\/nbg.eu\/es\/wp-json\/wp\/v2\/media?parent=530456"}],"wp:term":[{"taxonomy":"product_brand","embeddable":true,"href":"https:\/\/nbg.eu\/es\/wp-json\/wp\/v2\/product_brand?post=530456"},{"taxonomy":"product_cat","embeddable":true,"href":"https:\/\/nbg.eu\/es\/wp-json\/wp\/v2\/product_cat?post=530456"},{"taxonomy":"product_tag","embeddable":true,"href":"https:\/\/nbg.eu\/es\/wp-json\/wp\/v2\/product_tag?post=530456"}],"curies":[{"name":"wp","href":"https:\/\/api.w.org\/{rel}","templated":true}]}}