{"id":534436,"date":"2025-09-04T20:13:16","date_gmt":"2025-09-04T17:13:16","guid":{"rendered":"https:\/\/nbg.eu\/product\/garmin-gps-navigator-gpsmap-67i\/"},"modified":"2026-01-21T11:34:27","modified_gmt":"2026-01-21T08:34:27","slug":"garmin-gps-navigator-gpsmap-67i","status":"publish","type":"product","link":"https:\/\/nbg.eu\/es\/producto\/garmin-gps-navigator-gpsmap-67i\/","title":{"rendered":"Garmin GPS navigator GPSMAP 67i"},"content":{"rendered":"<p>    <title>Garmin GPSMAP 67i &#8211; Navegador GPS avanzado y comunicador por sat\u00e9lite<\/title><\/p>\n<h1>Garmin GPSMAP 67i<\/h1>\n<h2>Navegador GPS avanzado y comunicador por sat\u00e9lite<\/h2>\n<p>El Garmin GPSMAP 67i es un dispositivo GPS port\u00e1til que combina capacidades de navegaci\u00f3n avanzadas con comunicaci\u00f3n por sat\u00e9lite. Esta soluci\u00f3n garantiza que permanezca conectado y seguro en sus aventuras al aire libre.<\/p>\n<h3>Caracter\u00edsticas principales:<\/h3>\n<ul>\n<li><strong>Soporte GNSS multibanda:<\/strong> Accede a m\u00faltiples sistemas de navegaci\u00f3n por sat\u00e9lite para una mayor precisi\u00f3n de posici\u00f3n.<\/li>\n<li><strong>Tecnolog\u00eda inReach\u00ae:<\/strong> Mensajer\u00eda bidireccional, alertas SOS interactivas y capacidades de compartir ubicaci\u00f3n.<\/li>\n<li><strong>Duraci\u00f3n de la bater\u00eda:<\/strong> Hasta 165 horas en modo de seguimiento y 425 horas en modo de expedici\u00f3n.<\/li>\n<li><strong>Mapas TopoActive precargados:<\/strong> Mapas detallados de EE. UU., M\u00e9xico y Canad\u00e1, con acceso a mapas globales.<\/li>\n<li><strong>Sensores ABC:<\/strong> Alt\u00edmetro, bar\u00f3metro y br\u00fajula electr\u00f3nica de 3 ejes integrados.<\/li>\n<li><strong>Im\u00e1genes por sat\u00e9lite:<\/strong> Descarga mapas fotorrealistas de alta resoluci\u00f3n directamente al dispositivo mediante Wi-Fi\u00ae.<\/li>\n<\/ul>\n<h3>Durabilidad y dise\u00f1o:<\/h3>\n<p>Construido seg\u00fan est\u00e1ndares militares (MIL-STD-810) para rendimiento t\u00e9rmico, de impacto y de agua. Clasificaci\u00f3n de agua IPX7.<\/p>\n<h3>Navegaci\u00f3n y mapeo:<\/h3>\n<p>Pantalla TFT a color transflectiva de 3&#8243; (240 x 400 p\u00edxeles). 16 GB de almacenamiento interno y soporte para tarjetas microSD de hasta 32 GB.<\/p>\n<h3>Comunicaci\u00f3n y seguridad:<\/h3>\n<p>Utiliza la red de sat\u00e9lites Iridium\u00ae para mensajer\u00eda bidireccional y capacidades SOS en todo el mundo. La aplicaci\u00f3n Garmin Messenger\u2122 mejora las opciones de comunicaci\u00f3n, y la funci\u00f3n LiveTrack\u2122 permite compartir la ubicaci\u00f3n en tiempo real.<\/p>\n<h3>Caracter\u00edsticas adicionales:<\/h3>\n<ul>\n<li>Linterna LED para se\u00f1alizaci\u00f3n de emergencia<\/li>\n<li>Soporte para Geocaching Live<\/li>\n<li>Compatibilidad con la aplicaci\u00f3n Garmin Explore\u2122 para planificaci\u00f3n y sincronizaci\u00f3n de viajes<\/li>\n<li>Pron\u00f3sticos meteorol\u00f3gicos inReach opcionales<\/li>\n<li>Actualizaciones meteorol\u00f3gicas activas cuando se conecta a la aplicaci\u00f3n para smartphone Garmin Explore<\/li>\n<\/ul>\n<p>El Garmin GPSMAP 67i es un compa\u00f1ero para aventuras fuera de la red. Su combinaci\u00f3n de navegaci\u00f3n avanzada, comunicaci\u00f3n confiable y dise\u00f1o resistente lo convierte en una herramienta esencial para explorar el aire libre.<\/p>\n","protected":false},"excerpt":{"rendered":"<p>GPS port\u00e1til resistente con comunicaci\u00f3n por sat\u00e9lite, mapeo y 425 horas de duraci\u00f3n de bater\u00eda para aventuras al aire libre.<\/p>\n","protected":false},"featured_media":495083,"template":"","meta":{"_acf_changed":false},"product_brand":[],"product_cat":[12295],"product_tag":[],"class_list":{"0":"post-534436","1":"product","2":"type-product","3":"status-publish","4":"has-post-thumbnail","6":"product_cat-sin-categoria","8":"first","9":"outofstock","10":"taxable","11":"shipping-taxable","12":"purchasable","13":"product-type-simple"},"acf":[],"_links":{"self":[{"href":"https:\/\/nbg.eu\/es\/wp-json\/wp\/v2\/product\/534436","targetHints":{"allow":["GET"]}}],"collection":[{"href":"https:\/\/nbg.eu\/es\/wp-json\/wp\/v2\/product"}],"about":[{"href":"https:\/\/nbg.eu\/es\/wp-json\/wp\/v2\/types\/product"}],"wp:featuredmedia":[{"embeddable":true,"href":"https:\/\/nbg.eu\/es\/wp-json\/wp\/v2\/media\/495083"}],"wp:attachment":[{"href":"https:\/\/nbg.eu\/es\/wp-json\/wp\/v2\/media?parent=534436"}],"wp:term":[{"taxonomy":"product_brand","embeddable":true,"href":"https:\/\/nbg.eu\/es\/wp-json\/wp\/v2\/product_brand?post=534436"},{"taxonomy":"product_cat","embeddable":true,"href":"https:\/\/nbg.eu\/es\/wp-json\/wp\/v2\/product_cat?post=534436"},{"taxonomy":"product_tag","embeddable":true,"href":"https:\/\/nbg.eu\/es\/wp-json\/wp\/v2\/product_tag?post=534436"}],"curies":[{"name":"wp","href":"https:\/\/api.w.org\/{rel}","templated":true}]}}