{"id":534542,"date":"2025-09-04T20:13:16","date_gmt":"2025-09-04T17:13:16","guid":{"rendered":"https:\/\/nbg.eu\/product\/ismi-17-lb-pruzhina-za-glock-17-gl17\/"},"modified":"2026-02-27T15:51:50","modified_gmt":"2026-02-27T12:51:50","slug":"ismi-17-lb-pruzhina-za-glock-17-gl17","status":"publish","type":"product","link":"https:\/\/nbg.eu\/es\/producto\/ismi-17-lb-pruzhina-za-glock-17-gl17\/","title":{"rendered":"ISMI 17 lb. \u041f\u0440\u0443\u0436\u0438\u043d\u0430 \u0437\u0430 Glock 17 (GL17)"},"content":{"rendered":"<div class=\"product-description\">\n<h2>ISMI Resorte de 17 libras para Glock 17 (GL17)<\/h2>\n<p>Mejore el rendimiento de su Glock 17 con este resorte de retroceso de 17 libras. Fabricado en EE.UU. seg\u00fan especificaciones aeroespaciales, este resorte ofrece:<\/p>\n<ul>\n<li>Dise\u00f1ado por CAD para un ajuste preciso<\/li>\n<li>Construcci\u00f3n de silicio cromo, acero inoxidable o cromo vanadio<\/li>\n<li>Tratado t\u00e9rmicamente, granallado y aliviado de tensiones para mayor durabilidad<\/li>\n<li>Dise\u00f1o de alambre plano para un funcionamiento suave<\/li>\n<li>Se adapta a la varilla gu\u00eda de f\u00e1brica (.250&#8243; o menos)<\/li>\n<li>Compatible con Glock 17, 17L, 20, 21, 22, 24, 31, 35<\/li>\n<\/ul>\n<p>Este resorte resistente a la corrosi\u00f3n est\u00e1 dise\u00f1ado para cumplir con las exigencias de su Glock 17.<\/p>\n<\/div>\n","protected":false},"excerpt":{"rendered":"<p>Resorte de retroceso de 17 libras para Glock 17. Fabricado en EE. UU., duradero y confiable.<\/p>\n","protected":false},"featured_media":495359,"template":"","meta":{"_acf_changed":false},"product_brand":[],"product_cat":[12225,12247],"product_tag":[],"class_list":{"0":"post-534542","1":"product","2":"type-product","3":"status-publish","4":"has-post-thumbnail","6":"product_cat-piezas-de-pistola","7":"product_cat-resortes","9":"first","10":"outofstock","11":"taxable","12":"shipping-taxable","13":"purchasable","14":"product-type-simple"},"acf":[],"_links":{"self":[{"href":"https:\/\/nbg.eu\/es\/wp-json\/wp\/v2\/product\/534542","targetHints":{"allow":["GET"]}}],"collection":[{"href":"https:\/\/nbg.eu\/es\/wp-json\/wp\/v2\/product"}],"about":[{"href":"https:\/\/nbg.eu\/es\/wp-json\/wp\/v2\/types\/product"}],"wp:featuredmedia":[{"embeddable":true,"href":"https:\/\/nbg.eu\/es\/wp-json\/wp\/v2\/media\/495359"}],"wp:attachment":[{"href":"https:\/\/nbg.eu\/es\/wp-json\/wp\/v2\/media?parent=534542"}],"wp:term":[{"taxonomy":"product_brand","embeddable":true,"href":"https:\/\/nbg.eu\/es\/wp-json\/wp\/v2\/product_brand?post=534542"},{"taxonomy":"product_cat","embeddable":true,"href":"https:\/\/nbg.eu\/es\/wp-json\/wp\/v2\/product_cat?post=534542"},{"taxonomy":"product_tag","embeddable":true,"href":"https:\/\/nbg.eu\/es\/wp-json\/wp\/v2\/product_tag?post=534542"}],"curies":[{"name":"wp","href":"https:\/\/api.w.org\/{rel}","templated":true}]}}