{"id":535964,"date":"2025-09-05T00:03:25","date_gmt":"2025-09-04T21:03:25","guid":{"rendered":"https:\/\/nbg.eu\/product\/utg-pro-monolithic-m-lok-handguard-for-mp5k\/"},"modified":"2026-01-21T12:27:14","modified_gmt":"2026-01-21T09:27:14","slug":"utg-pro-monolithic-m-lok-handguard-for-mp5k","status":"publish","type":"product","link":"https:\/\/nbg.eu\/es\/producto\/utg-pro-monolithic-m-lok-handguard-for-mp5k\/","title":{"rendered":"UTG PRO?\u00ae MONOLITHIC M-LOK\u00ae HANDGUARD FOR MP5K"},"content":{"rendered":"<div class=\"product-description\">\n<h2>UTG PRO\u00ae Guardamano Monol\u00edtico M-LOK\u00ae para MP5K<\/h2>\n<p>El guardamano UTG PRO\u00ae Monol\u00edtico M-LOK\u00ae para MP5K ofrece:<\/p>\n<ul>\n<li>Construcci\u00f3n de aluminio resistente y ligero<\/li>\n<li>Ranuras compatibles con M-LOK\u00ae para montar accesorios<\/li>\n<li>Dise\u00f1o de bajo perfil para mejorar la ergonom\u00eda<\/li>\n<li>Instalaci\u00f3n f\u00e1cil sin necesidad de armer\u00eda<\/li>\n<li>Mejor disipaci\u00f3n del calor para sesiones de tiro prolongadas<\/li>\n<li>Fabricado en EE.UU. con garant\u00eda de por vida<\/li>\n<\/ul>\n<p>El guardamano UTG PRO\u00ae Monol\u00edtico M-LOK\u00ae es adecuado para fuerzas del orden, tiradores de competici\u00f3n y aficionados a las armas de fuego.<\/p>\n<\/div>\n","protected":false},"excerpt":{"rendered":"<p>Guardamanos UTG PRO M-LOK: Actualizaci\u00f3n elegante y duradera para MP5K.<\/p>\n","protected":false},"featured_media":745238,"template":"","meta":{"_acf_changed":false},"product_brand":[14407],"product_cat":[14811,12293,12279,12240],"product_tag":[],"class_list":{"0":"post-535964","1":"product","2":"type-product","3":"status-publish","4":"has-post-thumbnail","6":"product_brand-leapers-inc","7":"product_cat-guardamanos","8":"product_cat-rieles","9":"product_cat-rifle","10":"product_cat-tuning-de-rifle","12":"first","13":"instock","14":"taxable","15":"shipping-taxable","16":"purchasable","17":"product-type-simple"},"acf":[],"_links":{"self":[{"href":"https:\/\/nbg.eu\/es\/wp-json\/wp\/v2\/product\/535964","targetHints":{"allow":["GET"]}}],"collection":[{"href":"https:\/\/nbg.eu\/es\/wp-json\/wp\/v2\/product"}],"about":[{"href":"https:\/\/nbg.eu\/es\/wp-json\/wp\/v2\/types\/product"}],"wp:featuredmedia":[{"embeddable":true,"href":"https:\/\/nbg.eu\/es\/wp-json\/wp\/v2\/media\/745238"}],"wp:attachment":[{"href":"https:\/\/nbg.eu\/es\/wp-json\/wp\/v2\/media?parent=535964"}],"wp:term":[{"taxonomy":"product_brand","embeddable":true,"href":"https:\/\/nbg.eu\/es\/wp-json\/wp\/v2\/product_brand?post=535964"},{"taxonomy":"product_cat","embeddable":true,"href":"https:\/\/nbg.eu\/es\/wp-json\/wp\/v2\/product_cat?post=535964"},{"taxonomy":"product_tag","embeddable":true,"href":"https:\/\/nbg.eu\/es\/wp-json\/wp\/v2\/product_tag?post=535964"}],"curies":[{"name":"wp","href":"https:\/\/api.w.org\/{rel}","templated":true}]}}