{"id":536405,"date":"2025-09-05T00:16:15","date_gmt":"2025-09-04T21:16:15","guid":{"rendered":"https:\/\/nbg.eu\/product\/ar-15-a2-pistol-grip\/"},"modified":"2026-01-21T11:34:07","modified_gmt":"2026-01-21T08:34:07","slug":"ar-15-a2-pistol-grip","status":"publish","type":"product","link":"https:\/\/nbg.eu\/es\/producto\/ar-15-a2-pistol-grip\/","title":{"rendered":"AR-15 A2 PISTOL GRIP"},"content":{"rendered":"<h1>CZ Shadow 2 Orange &#8211; Pistola de competici\u00f3n<\/h1>\n<p>La CZ Shadow 2 Orange cuenta con:<\/p>\n<ul>\n<li>Casquillo del ca\u00f1\u00f3n ajustado en f\u00e1brica<\/li>\n<li>Gatillo ajustado con corto recorrido<\/li>\n<li>Corredera y armaz\u00f3n ajustados manualmente<\/li>\n<li>Empu\u00f1aduras espec\u00edficas y liberador de cargador extendido<\/li>\n<li>Bot\u00f3n de liberaci\u00f3n de cargador ajustable con tres posiciones<\/li>\n<li>Acabado de nitruraci\u00f3n con recubrimiento adicional en el armaz\u00f3n<\/li>\n<li>Empu\u00f1aduras delgadas de aluminio con textura<\/li>\n<li>Mira delantera de fibra \u00f3ptica y mira trasera HAJO ajustable<\/li>\n<li>Seguro manual ambidiestro<\/li>\n<\/ul>\n<p>Calibre 9mm Luger con capacidad de 17+1, esta pistola con armaz\u00f3n de acero de 46.5 oz est\u00e1 dise\u00f1ada para tiradores de competici\u00f3n.<\/p>\n","protected":false},"excerpt":{"rendered":"<p>Empu\u00f1adura cl\u00e1sica para AR-15. Dise\u00f1o ergon\u00f3mico. Construcci\u00f3n duradera de pol\u00edmero.<\/p>\n","protected":false},"featured_media":496423,"template":"","meta":{"_acf_changed":false},"product_brand":[],"product_cat":[12279,12240],"product_tag":[],"class_list":{"0":"post-536405","1":"product","2":"type-product","3":"status-publish","4":"has-post-thumbnail","6":"product_cat-rifle","7":"product_cat-tuning-de-rifle","9":"first","10":"outofstock","11":"taxable","12":"shipping-taxable","13":"purchasable","14":"product-type-simple"},"acf":[],"_links":{"self":[{"href":"https:\/\/nbg.eu\/es\/wp-json\/wp\/v2\/product\/536405","targetHints":{"allow":["GET"]}}],"collection":[{"href":"https:\/\/nbg.eu\/es\/wp-json\/wp\/v2\/product"}],"about":[{"href":"https:\/\/nbg.eu\/es\/wp-json\/wp\/v2\/types\/product"}],"wp:featuredmedia":[{"embeddable":true,"href":"https:\/\/nbg.eu\/es\/wp-json\/wp\/v2\/media\/496423"}],"wp:attachment":[{"href":"https:\/\/nbg.eu\/es\/wp-json\/wp\/v2\/media?parent=536405"}],"wp:term":[{"taxonomy":"product_brand","embeddable":true,"href":"https:\/\/nbg.eu\/es\/wp-json\/wp\/v2\/product_brand?post=536405"},{"taxonomy":"product_cat","embeddable":true,"href":"https:\/\/nbg.eu\/es\/wp-json\/wp\/v2\/product_cat?post=536405"},{"taxonomy":"product_tag","embeddable":true,"href":"https:\/\/nbg.eu\/es\/wp-json\/wp\/v2\/product_tag?post=536405"}],"curies":[{"name":"wp","href":"https:\/\/api.w.org\/{rel}","templated":true}]}}