{"id":539287,"date":"2025-09-05T17:38:16","date_gmt":"2025-09-05T14:38:16","guid":{"rendered":"https:\/\/nbg.eu\/product\/zero-compromise-optic-zc527-10mil-mpct2x\/"},"modified":"2026-01-21T11:29:43","modified_gmt":"2026-01-21T08:29:43","slug":"zero-compromise-optic-zc527-10mil-mpct2x","status":"publish","type":"product","link":"https:\/\/nbg.eu\/es\/producto\/zero-compromise-optic-zc527-10mil-mpct2x\/","title":{"rendered":"Zero Compromise Optic ZC527 10MIL MPCT2X"},"content":{"rendered":"<h1>Zero Compromise Optic ZC527 10MIL MPCT2X<\/h1>\n<p>El ZC527 es una mira telesc\u00f3pica de 387mm de largo y 1122g de peso que ofrece:<\/p>\n<ul>\n<li>Ajuste de elevaci\u00f3n de 35 mil<\/li>\n<li>Ajuste de deriva de 20 mil<\/li>\n<li>Campo de visi\u00f3n de 7m\/100m<\/li>\n<li>Transmisi\u00f3n de luz<\/li>\n<li>Resoluci\u00f3n<\/li>\n<\/ul>\n<p>El ZC527 est\u00e1 fabricado con materiales y t\u00e9cnicas espec\u00edficas. Disponible en acabado est\u00e1ndar o pintura FDE (tierra oscura plana), esta mira es un producto de Zero Compromise.<\/p>\n<p>Zero Compromise Optic ZC527 \u2013 una mira telesc\u00f3pica.<\/p>\n","protected":false},"excerpt":{"rendered":"<p>Mira telesc\u00f3pica premium: Claridad inigualable, amplio campo de visi\u00f3n, ajustes precisos.<\/p>\n","protected":false},"featured_media":497399,"template":"","meta":{"_acf_changed":false},"product_brand":[15197],"product_cat":[12230,12243],"product_tag":[],"class_list":{"0":"post-539287","1":"product","2":"type-product","3":"status-publish","4":"has-post-thumbnail","6":"product_brand-zero-compromise-optics","7":"product_cat-apuntado","8":"product_cat-opticas-magnificadas","10":"first","11":"outofstock","12":"taxable","13":"shipping-taxable","14":"purchasable","15":"product-type-simple"},"acf":[],"_links":{"self":[{"href":"https:\/\/nbg.eu\/es\/wp-json\/wp\/v2\/product\/539287","targetHints":{"allow":["GET"]}}],"collection":[{"href":"https:\/\/nbg.eu\/es\/wp-json\/wp\/v2\/product"}],"about":[{"href":"https:\/\/nbg.eu\/es\/wp-json\/wp\/v2\/types\/product"}],"wp:featuredmedia":[{"embeddable":true,"href":"https:\/\/nbg.eu\/es\/wp-json\/wp\/v2\/media\/497399"}],"wp:attachment":[{"href":"https:\/\/nbg.eu\/es\/wp-json\/wp\/v2\/media?parent=539287"}],"wp:term":[{"taxonomy":"product_brand","embeddable":true,"href":"https:\/\/nbg.eu\/es\/wp-json\/wp\/v2\/product_brand?post=539287"},{"taxonomy":"product_cat","embeddable":true,"href":"https:\/\/nbg.eu\/es\/wp-json\/wp\/v2\/product_cat?post=539287"},{"taxonomy":"product_tag","embeddable":true,"href":"https:\/\/nbg.eu\/es\/wp-json\/wp\/v2\/product_tag?post=539287"}],"curies":[{"name":"wp","href":"https:\/\/api.w.org\/{rel}","templated":true}]}}