{"id":539419,"date":"2025-09-05T17:38:17","date_gmt":"2025-09-05T14:38:17","guid":{"rendered":"https:\/\/nbg.eu\/product\/zco-mount\/"},"modified":"2026-01-21T11:38:41","modified_gmt":"2026-01-21T08:38:41","slug":"zco-mount","status":"publish","type":"product","link":"https:\/\/nbg.eu\/es\/producto\/zco-mount\/","title":{"rendered":"ZCO Mount"},"content":{"rendered":"<div class=\"product-description\">\n<h1>Montura de bloque ZCO: Dise\u00f1ada para miras telesc\u00f3picas profesionales<\/h1>\n<p>La montura de bloque ZCO ofrece opciones de inclinaci\u00f3n de 0Mil \/ 6Mil. Fabricada en Austria utilizando tecnolog\u00eda de fresado CNC, esta montura proporciona precisi\u00f3n y durabilidad para miras telesc\u00f3picas ZCO.<\/p>\n<ul>\n<li>Fabricada en aluminio EN AW-7075 con recubrimiento anodizado<\/li>\n<li>Nivel de burbuja plegable (montaje izquierdo o derecho)<\/li>\n<li>Buje integrado para banda antirreflejos<\/li>\n<li>Incluye cu\u00f1a de nivelaci\u00f3n para alineaci\u00f3n de la mira<\/li>\n<li>Incluye todos los insertos de bit Torx necesarios<\/li>\n<\/ul>\n<p>Soluci\u00f3n de montaje profesional dise\u00f1ada para optimizar el rendimiento del rifle. La montura de bloque ZCO combina resistencia, precisi\u00f3n y versatilidad para asegurar un rendimiento \u00f3ptimo en situaciones de tiro.<\/p>\n<\/div>\n","protected":false},"excerpt":{"rendered":"<p>Montura ZCO de precisi\u00f3n: Calidad profesional, fresada por CNC, con nivel incorporado.<\/p>\n","protected":false},"featured_media":497537,"template":"","meta":{"_acf_changed":false},"product_brand":[15197],"product_cat":[12230,14912],"product_tag":[],"class_list":{"0":"post-539419","1":"product","2":"type-product","3":"status-publish","4":"has-post-thumbnail","6":"product_brand-zero-compromise-optics","7":"product_cat-apuntado","8":"product_cat-mounts-es","10":"first","11":"outofstock","12":"taxable","13":"shipping-taxable","14":"purchasable","15":"product-type-simple"},"acf":[],"_links":{"self":[{"href":"https:\/\/nbg.eu\/es\/wp-json\/wp\/v2\/product\/539419","targetHints":{"allow":["GET"]}}],"collection":[{"href":"https:\/\/nbg.eu\/es\/wp-json\/wp\/v2\/product"}],"about":[{"href":"https:\/\/nbg.eu\/es\/wp-json\/wp\/v2\/types\/product"}],"wp:featuredmedia":[{"embeddable":true,"href":"https:\/\/nbg.eu\/es\/wp-json\/wp\/v2\/media\/497537"}],"wp:attachment":[{"href":"https:\/\/nbg.eu\/es\/wp-json\/wp\/v2\/media?parent=539419"}],"wp:term":[{"taxonomy":"product_brand","embeddable":true,"href":"https:\/\/nbg.eu\/es\/wp-json\/wp\/v2\/product_brand?post=539419"},{"taxonomy":"product_cat","embeddable":true,"href":"https:\/\/nbg.eu\/es\/wp-json\/wp\/v2\/product_cat?post=539419"},{"taxonomy":"product_tag","embeddable":true,"href":"https:\/\/nbg.eu\/es\/wp-json\/wp\/v2\/product_tag?post=539419"}],"curies":[{"name":"wp","href":"https:\/\/api.w.org\/{rel}","templated":true}]}}