{"id":539911,"date":"2025-09-05T17:40:49","date_gmt":"2025-09-05T14:40:49","guid":{"rendered":"https:\/\/nbg.eu\/product\/badger-ordnance-c1-coaxial-laser-integration-fixture-9-slot-rail-black-700-20b\/"},"modified":"2026-01-21T12:07:04","modified_gmt":"2026-01-21T09:07:04","slug":"badger-ordnance-c1-coaxial-laser-integration-fixture-9-slot-rail-black-700-20b","status":"publish","type":"product","link":"https:\/\/nbg.eu\/es\/producto\/badger-ordnance-c1-coaxial-laser-integration-fixture-9-slot-rail-black-700-20b\/","title":{"rendered":"BADGER ORDNANCE C1 COAXIAL LASER INTEGRATION FIXTURE 9 SLOT RAIL BLACK (700-20B)"},"content":{"rendered":"<div class=\"product-description\">\n<h2>BADGER ORDNANCE C1 ACCESORIO DE INTEGRACI\u00d3N L\u00c1SER COAXIAL RIEL DE 9 RANURAS NEGRO (700-20B)<\/h2>\n<p>El accesorio Badger Ordnance de 9 ranuras CLIF (Accesorio de Integraci\u00f3n L\u00e1ser Coaxial) es para uso con los montajes Condition One de Badger, permitiendo la integraci\u00f3n de tel\u00e9metros l\u00e1ser montados en armas.<\/p>\n<ul>\n<li>Compatible con ARC para montar l\u00e1seres y tel\u00e9metros sobre la \u00f3ptica<\/li>\n<li>Se conecta sin quitar la tapa del anillo accesorio C1, manteniendo el ajuste original de la \u00f3ptica principal<\/li>\n<li>Dise\u00f1o de riel de 9 ranuras para opciones de montaje<\/li>\n<li>Acabado negro<\/li>\n<li>N\u00famero de parte: 700-20B<\/li>\n<\/ul>\n<p>En stock y listo para enviar.<\/p>\n<\/div>\n","protected":false},"excerpt":{"rendered":"<p>BADGER ORDNANCE C1 CLIF: Riel de 9 ranuras para la integraci\u00f3n de l\u00e1ser en \u00f3pticas.<\/p>\n","protected":false},"featured_media":497606,"template":"","meta":{"_acf_changed":false},"product_brand":[11098],"product_cat":[12255,12230,14912],"product_tag":[],"class_list":{"0":"post-539911","1":"product","2":"type-product","3":"status-publish","4":"has-post-thumbnail","6":"product_brand-badger-ordnance","7":"product_cat-accesorios-de-apuntado","8":"product_cat-apuntado","9":"product_cat-mounts-es","11":"first","12":"instock","13":"taxable","14":"shipping-taxable","15":"purchasable","16":"product-type-simple"},"acf":[],"_links":{"self":[{"href":"https:\/\/nbg.eu\/es\/wp-json\/wp\/v2\/product\/539911","targetHints":{"allow":["GET"]}}],"collection":[{"href":"https:\/\/nbg.eu\/es\/wp-json\/wp\/v2\/product"}],"about":[{"href":"https:\/\/nbg.eu\/es\/wp-json\/wp\/v2\/types\/product"}],"wp:featuredmedia":[{"embeddable":true,"href":"https:\/\/nbg.eu\/es\/wp-json\/wp\/v2\/media\/497606"}],"wp:attachment":[{"href":"https:\/\/nbg.eu\/es\/wp-json\/wp\/v2\/media?parent=539911"}],"wp:term":[{"taxonomy":"product_brand","embeddable":true,"href":"https:\/\/nbg.eu\/es\/wp-json\/wp\/v2\/product_brand?post=539911"},{"taxonomy":"product_cat","embeddable":true,"href":"https:\/\/nbg.eu\/es\/wp-json\/wp\/v2\/product_cat?post=539911"},{"taxonomy":"product_tag","embeddable":true,"href":"https:\/\/nbg.eu\/es\/wp-json\/wp\/v2\/product_tag?post=539911"}],"curies":[{"name":"wp","href":"https:\/\/api.w.org\/{rel}","templated":true}]}}