{"id":554056,"date":"2025-09-06T16:21:27","date_gmt":"2025-09-06T13:21:27","guid":{"rendered":"https:\/\/nbg.eu\/product\/armazone-q-r-viper-48mm\/"},"modified":"2026-05-13T16:04:39","modified_gmt":"2026-05-13T13:04:39","slug":"armazon-q-r-viper-48mm","status":"publish","type":"product","link":"https:\/\/nbg.eu\/es\/producto\/armazon-q-r-viper-48mm\/","title":{"rendered":"Armaz\u00f3n Q-R Viper 48mm"},"content":{"rendered":"<h2>Armazone Q-R Viper 48mm<\/h2>\n<p>El Armazone Q-R Viper 48mm es un adaptador dise\u00f1ado para montar utensilios t\u00e9rmicos en dispositivos Nitehog. Cuenta con un mecanismo de bloqueo r\u00e1pido y un sistema de palanca.<\/p>\n<h2>Caracter\u00edsticas principales:<\/h2>\n<ul>\n<li>Palanca de bloqueo r\u00e1pido para f\u00e1cil montaje y desmontaje<\/li>\n<li>Operaci\u00f3n sin herramientas una vez ajustado<\/li>\n<li>Compatible con miras telesc\u00f3picas Nitehog<\/li>\n<li>Dise\u00f1ado para una fijaci\u00f3n segura<\/li>\n<\/ul>\n<p><strong>Nota:<\/strong> Este adaptador puede compensar una deflexi\u00f3n m\u00e1xima hacia abajo de 1mm. No es una soluci\u00f3n universal para todos los escenarios de montaje.<\/p>\n<p>El Armazone Q-R Viper 48mm mejora la versatilidad y facilidad de uso de su equipo de imagen t\u00e9rmica en el campo.<\/p>\n","protected":false},"excerpt":{"rendered":"<p>Adaptador t\u00e9rmico de bloqueo r\u00e1pido para miras Nitehog. Montaje sin herramientas.<\/p>\n","protected":false},"featured_media":499500,"template":"","meta":{"_acf_changed":false},"product_brand":[14258],"product_cat":[12255,12230,12250],"product_tag":[],"class_list":{"0":"post-554056","1":"product","2":"type-product","3":"status-publish","4":"has-post-thumbnail","6":"product_brand-armazone","7":"product_cat-accesorios-de-apuntado","8":"product_cat-apuntado","9":"product_cat-termico","11":"first","12":"instock","13":"taxable","14":"shipping-taxable","15":"purchasable","16":"product-type-simple"},"acf":[],"_links":{"self":[{"href":"https:\/\/nbg.eu\/es\/wp-json\/wp\/v2\/product\/554056","targetHints":{"allow":["GET"]}}],"collection":[{"href":"https:\/\/nbg.eu\/es\/wp-json\/wp\/v2\/product"}],"about":[{"href":"https:\/\/nbg.eu\/es\/wp-json\/wp\/v2\/types\/product"}],"wp:featuredmedia":[{"embeddable":true,"href":"https:\/\/nbg.eu\/es\/wp-json\/wp\/v2\/media\/499500"}],"wp:attachment":[{"href":"https:\/\/nbg.eu\/es\/wp-json\/wp\/v2\/media?parent=554056"}],"wp:term":[{"taxonomy":"product_brand","embeddable":true,"href":"https:\/\/nbg.eu\/es\/wp-json\/wp\/v2\/product_brand?post=554056"},{"taxonomy":"product_cat","embeddable":true,"href":"https:\/\/nbg.eu\/es\/wp-json\/wp\/v2\/product_cat?post=554056"},{"taxonomy":"product_tag","embeddable":true,"href":"https:\/\/nbg.eu\/es\/wp-json\/wp\/v2\/product_tag?post=554056"}],"curies":[{"name":"wp","href":"https:\/\/api.w.org\/{rel}","templated":true}]}}