{"id":575955,"date":"2025-10-10T12:35:14","date_gmt":"2025-10-10T09:35:14","guid":{"rendered":"https:\/\/nbg.eu\/product\/safety-set-kmr-lw-rf\/"},"modified":"2026-04-16T19:05:10","modified_gmt":"2026-04-16T16:05:10","slug":"safety-set-kmr-lw-rf","status":"publish","type":"product","link":"https:\/\/nbg.eu\/es\/producto\/safety-set-kmr-lw-rf\/","title":{"rendered":"KMR Juego de Seguro LW-RF"},"content":{"rendered":"<h2>CONJUNTO DE SEGURIDAD KMR LW-RF<\/h2>\n<p><strong>Referencia:<\/strong> 0671-03002-0000<\/p>\n<p>Mejore la seguridad de su arma KMR con nuestro completo CONJUNTO DE SEGURIDAD KMR LW-RF. Este kit esencial est\u00e1 dise\u00f1ado para garantizar una protecci\u00f3n y funcionalidad \u00f3ptimas para una amplia gama de modelos KMR, incluyendo:<\/p>\n<ul>\n<li>KMR L-02 ORCA (2024 y posteriores)<\/li>\n<li>KMR L-02 ORCA (2023 y anteriores)<\/li>\n<li>KMR L-02 SPECTRA (2023 y anteriores)<\/li>\n<li>KMR W-02 CUDA (2024 y posteriores)<\/li>\n<li>KMR W-02 CUDA (2023 y anteriores)<\/li>\n<li>KMR W-02 UMBRA<\/li>\n<li>KMR W-02 UMBRA (OR)<\/li>\n<\/ul>\n<p>Nuestro CONJUNTO DE SEGURIDAD KMR LW-RF est\u00e1 dise\u00f1ado para cumplir con los m\u00e1s altos est\u00e1ndares de fiabilidad y rendimiento. Ya sea que est\u00e9 utilizando el \u00faltimo modelo ORCA o el cl\u00e1sico UMBRA, este vers\u00e1til conjunto de seguridad asegura que su arma funcione de manera segura y eficiente. Actualice su arma KMR hoy con este accesorio de seguridad imprescindible.<\/p>\n","protected":false},"excerpt":{"rendered":"<p>Conjunto de seguridad esencial para armas KMR, compatible con m\u00faltiples modelos<\/p>\n","protected":false},"featured_media":576023,"template":"","meta":{"_acf_changed":false},"product_brand":[],"product_cat":[12229],"product_tag":[],"class_list":{"0":"post-575955","1":"product","2":"type-product","3":"status-publish","4":"has-post-thumbnail","6":"product_cat-piezas-kmr","8":"first","9":"outofstock","10":"taxable","11":"shipping-taxable","12":"purchasable","13":"product-type-simple"},"acf":[],"_links":{"self":[{"href":"https:\/\/nbg.eu\/es\/wp-json\/wp\/v2\/product\/575955","targetHints":{"allow":["GET"]}}],"collection":[{"href":"https:\/\/nbg.eu\/es\/wp-json\/wp\/v2\/product"}],"about":[{"href":"https:\/\/nbg.eu\/es\/wp-json\/wp\/v2\/types\/product"}],"wp:featuredmedia":[{"embeddable":true,"href":"https:\/\/nbg.eu\/es\/wp-json\/wp\/v2\/media\/576023"}],"wp:attachment":[{"href":"https:\/\/nbg.eu\/es\/wp-json\/wp\/v2\/media?parent=575955"}],"wp:term":[{"taxonomy":"product_brand","embeddable":true,"href":"https:\/\/nbg.eu\/es\/wp-json\/wp\/v2\/product_brand?post=575955"},{"taxonomy":"product_cat","embeddable":true,"href":"https:\/\/nbg.eu\/es\/wp-json\/wp\/v2\/product_cat?post=575955"},{"taxonomy":"product_tag","embeddable":true,"href":"https:\/\/nbg.eu\/es\/wp-json\/wp\/v2\/product_tag?post=575955"}],"curies":[{"name":"wp","href":"https:\/\/api.w.org\/{rel}","templated":true}]}}